{"id":2394,"date":"2023-02-20T20:46:40","date_gmt":"2023-02-20T20:46:40","guid":{"rendered":"http:\/\/hayejineurope.com\/?page_id=2394"},"modified":"2023-05-05T11:39:29","modified_gmt":"2023-05-05T08:39:29","slug":"loyalty-program","status":"publish","type":"page","link":"https:\/\/hayejineurope.com\/lt\/lojalumo-programa\/","title":{"rendered":"Lojalumo programa"},"content":{"rendered":"<div data-elementor-type=\"wp-page\" data-elementor-id=\"2394\" class=\"elementor elementor-2394\" data-elementor-post-type=\"page\">\n\t\t\t\t\t\t\t\t\t<section class=\"elementor-section elementor-top-section elementor-element elementor-element-c5e0254 elementor-section-boxed elementor-section-height-default elementor-section-height-default\" data-id=\"c5e0254\" data-element_type=\"section\">\n\t\t\t\t\t\t<div class=\"elementor-container elementor-column-gap-default\">\n\t\t\t\t\t<div class=\"elementor-column elementor-col-50 elementor-top-column elementor-element elementor-element-caa8112\" data-id=\"caa8112\" data-element_type=\"column\">\n\t\t\t<div class=\"elementor-column-wrap--caa8112 elementor-widget-wrap elementor-element-populated\">\n\t\t\t\t\t\t\t\t<div class=\"elementor-element elementor-element-116cfe8 elementor-widget-mobile__width-inherit elementor-widget elementor-widget-heading\" data-id=\"116cfe8\" data-element_type=\"widget\" data-widget_type=\"heading.default\">\n\t\t\t\t<div class=\"elementor-widget-container\">\n\t\t\t<h4 class=\"elementor-heading-title elementor-size-default\"><a href=\"#\">Lojalumo programa<\/a><\/h4>\t\t<\/div>\n\t\t\t\t<\/div>\n\t\t\t\t<div class=\"elementor-element elementor-element-9953cd2 elementor-widget elementor-widget-text-editor\" data-id=\"9953cd2\" data-element_type=\"widget\" data-widget_type=\"text-editor.default\">\n\t\t\t\t<div class=\"elementor-widget-container\">\n\t\t\t\t\t\t\t<p>HAYEJINEUROPE lojalumo ta\u0161kus gali gauti tik u\u017eregistruoti hayejineurope.com svetain\u0117s nariai.<br \/><br \/><\/p>\t\t\t\t\t\t<\/div>\n\t\t\t\t<\/div>\n\t\t\t\t<div class=\"elementor-element elementor-element-27f7b15 elementor-mobile-align-center elementor-widget elementor-widget-button\" data-id=\"27f7b15\" data-element_type=\"widget\" data-widget_type=\"button.default\">\n\t\t\t\t<div class=\"elementor-widget-container\">\n\t\t\t\t\t<div class=\"elementor-button-wrapper\">\n\t\t\t<a class=\"elementor-button elementor-button-link elementor-size-sm\" href=\"https:\/\/hayejineurope.com\/lt\/my-account\/\">\n\t\t\t\t\t\t<span class=\"elementor-button-content-wrapper\">\n\t\t\t\t\t\t<span class=\"elementor-button-text\">Registracija<\/span>\n\t\t<\/span>\n\t\t\t\t\t<\/a>\n\t\t<\/div>\n\t\t\t\t<\/div>\n\t\t\t\t<\/div>\n\t\t\t\t\t<\/div>\n\t\t<\/div>\n\t\t\t\t<div class=\"elementor-column elementor-col-50 elementor-top-column elementor-element elementor-element-8594f39\" data-id=\"8594f39\" data-element_type=\"column\">\n\t\t\t<div class=\"elementor-column-wrap--8594f39 elementor-widget-wrap elementor-element-populated\">\n\t\t\t\t\t\t\t\t<div class=\"elementor-element elementor-element-f1f16c3 elementor-widget elementor-widget-image\" data-id=\"f1f16c3\" data-element_type=\"widget\" data-widget_type=\"image.default\">\n\t\t\t\t<div class=\"elementor-widget-container\">\n\t\t\t\t\t\t\t\t\t\t\t\t\t\t\t<img decoding=\"async\" width=\"665\" height=\"533\" src=\"https:\/\/hayejineurope.com\/wp-content\/uploads\/2022\/12\/removal.ai_tmp-6390b03198e65-1.png\" class=\"attachment-large size-large wp-image-1176\" alt=\"\" srcset=\"https:\/\/hayejineurope.com\/wp-content\/uploads\/2022\/12\/removal.ai_tmp-6390b03198e65-1.png 665w, https:\/\/hayejineurope.com\/wp-content\/uploads\/2022\/12\/removal.ai_tmp-6390b03198e65-1-300x240.png 300w\" sizes=\"(max-width: 665px) 100vw, 665px\" \/>\t\t\t\t\t\t\t\t\t\t\t\t\t\t\t<\/div>\n\t\t\t\t<\/div>\n\t\t\t\t\t<\/div>\n\t\t<\/div>\n\t\t\t\t\t\t\t<\/div>\n\t\t<\/section>\n\t\t\t\t<section class=\"elementor-section elementor-top-section elementor-element elementor-element-cf6d193 elementor-section-boxed elementor-section-height-default elementor-section-height-default\" data-id=\"cf6d193\" data-element_type=\"section\">\n\t\t\t\t\t\t<div class=\"elementor-container elementor-column-gap-default\">\n\t\t\t\t\t<div class=\"elementor-column elementor-col-100 elementor-top-column elementor-element elementor-element-6afa65b\" data-id=\"6afa65b\" data-element_type=\"column\">\n\t\t\t<div class=\"elementor-column-wrap--6afa65b elementor-widget-wrap elementor-element-populated\">\n\t\t\t\t\t\t\t\t<div class=\"elementor-element elementor-element-894cc78 elementor-widget-mobile__width-inherit elementor-widget elementor-widget-heading\" data-id=\"894cc78\" data-element_type=\"widget\" data-settings=\"{&quot;_animation&quot;:&quot;none&quot;}\" data-widget_type=\"heading.default\">\n\t\t\t\t<div class=\"elementor-widget-container\">\n\t\t\t<h4 class=\"elementor-heading-title elementor-size-default\"><a href=\"#\">Kaip galima gauti HAYEJINEUROPE lojalumo ta\u0161kus?<\/a><\/h4>\t\t<\/div>\n\t\t\t\t<\/div>\n\t\t\t\t<div class=\"elementor-element elementor-element-8537ce4 elementor-widget elementor-widget-text-editor\" data-id=\"8537ce4\" data-element_type=\"widget\" data-settings=\"{&quot;_animation&quot;:&quot;none&quot;,&quot;_animation_delay&quot;:600}\" data-widget_type=\"text-editor.default\">\n\t\t\t\t<div class=\"elementor-widget-container\">\n\t\t\t\t\t\t\t<ul>\n<li>\n<h5><strong>U\u017esiregistruodami i\u0161 karto gausite 40 ta\u0161k\u0173!<\/strong><\/h5>\n<\/li>\n<li>\n<h5><strong>1 Eur i\u0161leistas = +1 pelnytas ta\u0161kas!<\/strong><\/h5>\n<p>Apsipirkdami HAYEJINEUROPE.com parduotuv\u0117je gausite 1 ta\u0161k\u0105 u\u017e kiekvien\u0105 i\u0161leist\u0105 1 eur\u0105!<br>Lojalumo ta\u0161kus gausite net kai u\u017esakote produktus, kuriems jau yra taikoma nuolaida. Ta\u010diau, u\u017e u\u017esakymus, kuriuos apmokant panaudosite sukauptus ta\u0161kus, nuolaidos kupon\u0105 arba dovan\u0173 kupon\u0105, lojalumo ta\u0161kai nebus priskai\u010diuoti. Lojalumo ta\u0161kai taip pat n\u0117ra skai\u010diuojami nuo preki\u0173 pristatymo i\u0161laid\u0173.<\/p>\n<\/li>\n<li>\n<h5><strong>+30 papildom\u0173 HAYEJINEUROPE ta\u0161k\u0173 kai u\u017esakymo suma vir\u0161ija 100 Eur.<\/strong><\/h5>\n<\/li>\n<li>\n<h5><strong>1 atsiliepimas = +20 ta\u0161k\u0173!<\/strong><\/h5>\n<p>U\u017esisakykite HAYEJINEUROPE.com svetain\u0117je ir pateikite atsiliepim\u0105 apie \u012fsigytus produktus. U\u017e atsiliepim\u0105 apie kiekvien\u0105 pirm\u0105 kart\u0105 u\u017esakyt\u0105 prek\u0119 gausite +20 HAYEJINEUROPE lojalumo ta\u0161k\u0173 u\u017e kiekvien\u0105 atsiliepim\u0105.<\/p>\n<\/li>\n<\/ul>\t\t\t\t\t\t<\/div>\n\t\t\t\t<\/div>\n\t\t\t\t\t<\/div>\n\t\t<\/div>\n\t\t\t\t\t\t\t<\/div>\n\t\t<\/section>\n\t\t\t\t<section class=\"elementor-section elementor-top-section elementor-element elementor-element-e180dd6 elementor-section-boxed elementor-section-height-default elementor-section-height-default\" data-id=\"e180dd6\" data-element_type=\"section\">\n\t\t\t\t\t\t<div class=\"elementor-container elementor-column-gap-default\">\n\t\t\t\t\t<div class=\"elementor-column elementor-col-100 elementor-top-column elementor-element elementor-element-e4dce7a\" data-id=\"e4dce7a\" data-element_type=\"column\">\n\t\t\t<div class=\"elementor-column-wrap--e4dce7a elementor-widget-wrap elementor-element-populated\">\n\t\t\t\t\t\t\t\t<div class=\"elementor-element elementor-element-16abea2 elementor-widget-mobile__width-inherit elementor-widget elementor-widget-heading\" data-id=\"16abea2\" data-element_type=\"widget\" data-settings=\"{&quot;_animation&quot;:&quot;none&quot;}\" data-widget_type=\"heading.default\">\n\t\t\t\t<div class=\"elementor-widget-container\">\n\t\t\t<h4 class=\"elementor-heading-title elementor-size-default\"><a href=\"#\">Kokia HAYEJINEUROPE lojalumo ta\u0161k\u0173 vert\u0117?<\/a><\/h4>\t\t<\/div>\n\t\t\t\t<\/div>\n\t\t\t\t<div class=\"elementor-element elementor-element-844faae elementor-widget elementor-widget-text-editor\" data-id=\"844faae\" data-element_type=\"widget\" data-settings=\"{&quot;_animation&quot;:&quot;none&quot;,&quot;_animation_delay&quot;:600}\" data-widget_type=\"text-editor.default\">\n\t\t\t\t<div class=\"elementor-widget-container\">\n\t\t\t\t\t\t\t<p><strong>1 ta\u0161kas = 0,02 Eur<\/strong><\/p>\n<h5><strong>HAYEJINEUROPE lojalumo ta\u0161k\u0173 panaudojimas:<\/strong><\/h5>\n<p>HAYEJINEUROPE.com suteikia galimyb\u0119 atsiskaitant u\u017e i\u0161sirinktas prekes panaudoti iki 100% savo sukaupt\u0173 lojalumo ta\u0161k\u0173 ir padengti net 100% u\u017esakymo vert\u0117s.<br>HAYEJINEUROPE lojalumo ta\u0161kai suteikiami dovan\u0173 korteli\u0173 ir e-kupon\u0173 \u012fsigyjimo metu, ta\u010diau ta\u0161kai nesuteikiami juos panaudojant.<br>Panaudojus sukauptus HAYEJINEUROPE ta\u0161kus atsiskaitant u\u017e norimas prekes, ta\u010diau pristatymo metu preki\u0173 neatsi\u0117mus, panaudoti HAYEJINEUROPE lojalumo ta\u0161kai n\u0117ra gr\u0105\u017einami.<\/p>\n<h5><strong>HAYEJINEUROPE lojalumo ta\u0161k\u0173 galiojimas:<\/strong><\/h5>\n<p>HAYEJINEUROPE lojalumo ta\u0161kai galioja metus.<\/p>\n<h5><strong>HAYEJINEUROPE lojalumo programos taisykl\u0117s:<\/strong><\/h5>\n<p>&#8211; HAYEJINEUROPE.com reserves the right to change the HAYEJINEUROPE loyalty program and its benefits, adjust and supplement its rules at any time.<\/p>\t\t\t\t\t\t<\/div>\n\t\t\t\t<\/div>\n\t\t\t\t\t<\/div>\n\t\t<\/div>\n\t\t\t\t\t\t\t<\/div>\n\t\t<\/section>\n\t\t\t\t\t\t\t<\/div>","protected":false},"excerpt":{"rendered":"<p>Loyalty program HAYEJINEUROPE loyalty points can get only registered hayejineurope.com members. REGISTER How to get HAYEJINEUROPE loyalty points? Sign up and get 40 points right away! 1 Eur spent = 1 point earned! When shopping at the HAYEJINEUROPE.com store, you get 1 point for every 1 euro spent!You will earn loyalty points even when you [&hellip;]<\/p>\n","protected":false},"author":1,"featured_media":0,"parent":0,"menu_order":0,"comment_status":"closed","ping_status":"closed","template":"elementor_header_footer","meta":{"footnotes":""},"class_list":["post-2394","page","type-page","status-publish","hentry"],"acf":[],"yoast_head":"<!-- This site is optimized with the Yoast SEO plugin v21.5 - https:\/\/yoast.com\/wordpress\/plugins\/seo\/ -->\n<title>Loyalty program - Korean Cosmetics - Hayejin<\/title>\n<meta name=\"description\" content=\"HAYEJIN creates nature-infused cosmetics with the belief that natural vitality contained within provides bothprotection and beauty through harmony and balance.\" \/>\n<meta name=\"robots\" content=\"index, follow, max-snippet:-1, max-image-preview:large, max-video-preview:-1\" \/>\n<link rel=\"canonical\" href=\"https:\/\/hayejineurope.com\/lt\/lojalumo-programa\/\" \/>\n<meta property=\"og:locale\" content=\"lt_LT\" \/>\n<meta property=\"og:type\" content=\"article\" \/>\n<meta property=\"og:title\" content=\"Loyalty program - Korean Cosmetics - Hayejin\" \/>\n<meta property=\"og:description\" content=\"HAYEJIN creates nature-infused cosmetics with the belief that natural vitality contained within provides bothprotection and beauty through harmony and balance.\" \/>\n<meta property=\"og:url\" content=\"https:\/\/hayejineurope.com\/lt\/lojalumo-programa\/\" \/>\n<meta property=\"og:site_name\" content=\"Korean Cosmetics - Hayejin\" \/>\n<meta property=\"article:modified_time\" content=\"2023-05-05T08:39:29+00:00\" \/>\n<meta property=\"og:image\" content=\"http:\/\/hayejineurope.com\/wp-content\/uploads\/2022\/12\/removal.ai_tmp-6390b03198e65-1.png\" \/>\n<meta name=\"twitter:card\" content=\"summary_large_image\" \/>\n<meta name=\"twitter:label1\" content=\"Est. reading time\" \/>\n\t<meta name=\"twitter:data1\" content=\"2 minut\u0117s\" \/>\n<script type=\"application\/ld+json\" class=\"yoast-schema-graph\">{\"@context\":\"https:\/\/schema.org\",\"@graph\":[{\"@type\":\"WebPage\",\"@id\":\"https:\/\/hayejineurope.com\/loyalty-program\/\",\"url\":\"https:\/\/hayejineurope.com\/loyalty-program\/\",\"name\":\"Loyalty program - Korean Cosmetics - Hayejin\",\"isPartOf\":{\"@id\":\"https:\/\/hayejineurope.com\/#website\"},\"datePublished\":\"2023-02-20T20:46:40+00:00\",\"dateModified\":\"2023-05-05T08:39:29+00:00\",\"description\":\"HAYEJIN creates nature-infused cosmetics with the belief that natural vitality contained within provides bothprotection and beauty through harmony and balance.\",\"breadcrumb\":{\"@id\":\"https:\/\/hayejineurope.com\/loyalty-program\/#breadcrumb\"},\"inLanguage\":\"lt-LT\",\"potentialAction\":[{\"@type\":\"ReadAction\",\"target\":[\"https:\/\/hayejineurope.com\/loyalty-program\/\"]}]},{\"@type\":\"BreadcrumbList\",\"@id\":\"https:\/\/hayejineurope.com\/loyalty-program\/#breadcrumb\",\"itemListElement\":[{\"@type\":\"ListItem\",\"position\":1,\"name\":\"Home\",\"item\":\"https:\/\/hayejineurope.com\/\"},{\"@type\":\"ListItem\",\"position\":2,\"name\":\"Loyalty program\"}]},{\"@type\":\"WebSite\",\"@id\":\"https:\/\/hayejineurope.com\/#website\",\"url\":\"https:\/\/hayejineurope.com\/\",\"name\":\"Hayejin europe\",\"description\":\"Official \u2018HAYEJIN\u2019 representative in Europe\",\"publisher\":{\"@id\":\"https:\/\/hayejineurope.com\/#organization\"},\"potentialAction\":[{\"@type\":\"SearchAction\",\"target\":{\"@type\":\"EntryPoint\",\"urlTemplate\":\"https:\/\/hayejineurope.com\/?s={search_term_string}\"},\"query-input\":\"required name=search_term_string\"}],\"inLanguage\":\"lt-LT\"},{\"@type\":\"Organization\",\"@id\":\"https:\/\/hayejineurope.com\/#organization\",\"name\":\"Hayejin\",\"url\":\"https:\/\/hayejineurope.com\/\",\"logo\":{\"@type\":\"ImageObject\",\"inLanguage\":\"lt-LT\",\"@id\":\"https:\/\/hayejineurope.com\/#\/schema\/logo\/image\/\",\"url\":\"http:\/\/hayejineurope.com\/wp-content\/uploads\/2019\/07\/1-2.HorizontalLogoSymbol.png\",\"contentUrl\":\"http:\/\/hayejineurope.com\/wp-content\/uploads\/2019\/07\/1-2.HorizontalLogoSymbol.png\",\"width\":1000,\"height\":250,\"caption\":\"Hayejin\"},\"image\":{\"@id\":\"https:\/\/hayejineurope.com\/#\/schema\/logo\/image\/\"}}]}<\/script>\n<!-- \/ Yoast SEO plugin. -->","yoast_head_json":{"title":"Lojalumo programa - Kor\u0117jieti\u0161ka kosmetika - Hayejin","description":"HAYEJIN kuria gamta alsuojan\u010di\u0105 kosmetik\u0105, tik\u0117dama, kad nat\u016bralus gyvybingumas, slypintis joje, suteikia ir apsaug\u0105, ir gro\u017e\u012f per harmonij\u0105 ir pusiausvyr\u0105.","robots":{"index":"index","follow":"follow","max-snippet":"max-snippet:-1","max-image-preview":"max-image-preview:large","max-video-preview":"max-video-preview:-1"},"canonical":"https:\/\/hayejineurope.com\/lt\/lojalumo-programa\/","og_locale":"lt_LT","og_type":"article","og_title":"Loyalty program - Korean Cosmetics - Hayejin","og_description":"HAYEJIN creates nature-infused cosmetics with the belief that natural vitality contained within provides bothprotection and beauty through harmony and balance.","og_url":"https:\/\/hayejineurope.com\/lt\/lojalumo-programa\/","og_site_name":"Korean Cosmetics - Hayejin","article_modified_time":"2023-05-05T08:39:29+00:00","og_image":[{"url":"http:\/\/hayejineurope.com\/wp-content\/uploads\/2022\/12\/removal.ai_tmp-6390b03198e65-1.png"}],"twitter_card":"summary_large_image","twitter_misc":{"Est. reading time":"2 minut\u0117s"},"schema":{"@context":"https:\/\/schema.org","@graph":[{"@type":"WebPage","@id":"https:\/\/hayejineurope.com\/loyalty-program\/","url":"https:\/\/hayejineurope.com\/loyalty-program\/","name":"Lojalumo programa - Kor\u0117jieti\u0161ka kosmetika - Hayejin","isPartOf":{"@id":"https:\/\/hayejineurope.com\/#website"},"datePublished":"2023-02-20T20:46:40+00:00","dateModified":"2023-05-05T08:39:29+00:00","description":"HAYEJIN kuria gamta alsuojan\u010di\u0105 kosmetik\u0105, tik\u0117dama, kad nat\u016bralus gyvybingumas, slypintis joje, suteikia ir apsaug\u0105, ir gro\u017e\u012f per harmonij\u0105 ir pusiausvyr\u0105.","breadcrumb":{"@id":"https:\/\/hayejineurope.com\/loyalty-program\/#breadcrumb"},"inLanguage":"lt-LT","potentialAction":[{"@type":"ReadAction","target":["https:\/\/hayejineurope.com\/loyalty-program\/"]}]},{"@type":"BreadcrumbList","@id":"https:\/\/hayejineurope.com\/loyalty-program\/#breadcrumb","itemListElement":[{"@type":"ListItem","position":1,"name":"Home","item":"https:\/\/hayejineurope.com\/"},{"@type":"ListItem","position":2,"name":"Loyalty program"}]},{"@type":"WebSite","@id":"https:\/\/hayejineurope.com\/#website","url":"https:\/\/hayejineurope.com\/","name":"Hayejin europe","description":"Official \u2018HAYEJIN\u2019 representative in Europe","publisher":{"@id":"https:\/\/hayejineurope.com\/#organization"},"potentialAction":[{"@type":"SearchAction","target":{"@type":"EntryPoint","urlTemplate":"https:\/\/hayejineurope.com\/?s={search_term_string}"},"query-input":"required name=search_term_string"}],"inLanguage":"lt-LT"},{"@type":"Organization","@id":"https:\/\/hayejineurope.com\/#organization","name":"Hayejin","url":"https:\/\/hayejineurope.com\/","logo":{"@type":"ImageObject","inLanguage":"lt-LT","@id":"https:\/\/hayejineurope.com\/#\/schema\/logo\/image\/","url":"http:\/\/hayejineurope.com\/wp-content\/uploads\/2019\/07\/1-2.HorizontalLogoSymbol.png","contentUrl":"http:\/\/hayejineurope.com\/wp-content\/uploads\/2019\/07\/1-2.HorizontalLogoSymbol.png","width":1000,"height":250,"caption":"Hayejin"},"image":{"@id":"https:\/\/hayejineurope.com\/#\/schema\/logo\/image\/"}}]}},"_links":{"self":[{"href":"https:\/\/hayejineurope.com\/lt\/wp-json\/wp\/v2\/pages\/2394","targetHints":{"allow":["GET"]}}],"collection":[{"href":"https:\/\/hayejineurope.com\/lt\/wp-json\/wp\/v2\/pages"}],"about":[{"href":"https:\/\/hayejineurope.com\/lt\/wp-json\/wp\/v2\/types\/page"}],"author":[{"embeddable":true,"href":"https:\/\/hayejineurope.com\/lt\/wp-json\/wp\/v2\/users\/1"}],"replies":[{"embeddable":true,"href":"https:\/\/hayejineurope.com\/lt\/wp-json\/wp\/v2\/comments?post=2394"}],"version-history":[{"count":0,"href":"https:\/\/hayejineurope.com\/lt\/wp-json\/wp\/v2\/pages\/2394\/revisions"}],"wp:attachment":[{"href":"https:\/\/hayejineurope.com\/lt\/wp-json\/wp\/v2\/media?parent=2394"}],"curies":[{"name":"wp","href":"https:\/\/api.w.org\/{rel}","templated":true}]}}