{"id":261,"date":"2019-07-29T08:08:48","date_gmt":"2019-07-29T08:08:48","guid":{"rendered":"http:\/\/demos.reytheme.com\/paris\/?page_id=261"},"modified":"2019-07-29T08:08:48","modified_gmt":"2019-07-29T08:08:48","slug":"engraving-services","status":"publish","type":"page","link":"https:\/\/hayejineurope.com\/lt\/engraving-services\/","title":{"rendered":"Engraving"},"content":{"rendered":"<div data-elementor-type=\"wp-post\" data-elementor-id=\"261\" class=\"elementor elementor-261\" data-elementor-post-type=\"page\">\n\t\t\t\t\t\t\t\t\t<section class=\"elementor-section elementor-top-section elementor-element elementor-element-72828ff rey-flexWrap elementor-section-boxed elementor-section-height-default elementor-section-height-default\" data-id=\"72828ff\" data-element_type=\"section\">\n\t\t\t\t\t\t<div class=\"elementor-container elementor-column-gap-default\">\n\t\t\t\t\t<div class=\"elementor-column elementor-col-33 elementor-top-column elementor-element elementor-element-4bc7a28\" data-id=\"4bc7a28\" data-element_type=\"column\">\n\t\t\t<div class=\"elementor-column-wrap--4bc7a28 elementor-widget-wrap elementor-element-populated\">\n\t\t\t\t\t\t\t\t<div class=\"elementor-element elementor-element-d05b41d elementor-widget-divider--view-line elementor-widget elementor-widget-divider\" data-id=\"d05b41d\" data-element_type=\"widget\" data-widget_type=\"divider.default\">\n\t\t\t\t<div class=\"elementor-widget-container\">\n\t\t\t\t\t<div class=\"elementor-divider\">\n\t\t\t<span class=\"elementor-divider-separator\">\n\t\t\t\t\t\t<\/span>\n\t\t<\/div>\n\t\t\t\t<\/div>\n\t\t\t\t<\/div>\n\t\t\t\t\t<\/div>\n\t\t<\/div>\n\t\t\t\t<div class=\"elementor-column elementor-col-33 elementor-top-column elementor-element elementor-element-f4af10d\" data-id=\"f4af10d\" data-element_type=\"column\">\n\t\t\t<div class=\"elementor-column-wrap--f4af10d elementor-widget-wrap elementor-element-populated\">\n\t\t\t\t\t\t\t\t<div class=\"elementor-element elementor-element-d0d83de elementor-widget elementor-widget-heading\" data-id=\"d0d83de\" data-element_type=\"widget\" data-widget_type=\"heading.default\">\n\t\t\t\t<div class=\"elementor-widget-container\">\n\t\t\t<h1 class=\"elementor-heading-title elementor-size-xxl\">Engraving<\/h1>\t\t<\/div>\n\t\t\t\t<\/div>\n\t\t\t\t\t<\/div>\n\t\t<\/div>\n\t\t\t\t<div class=\"elementor-column elementor-col-33 elementor-top-column elementor-element elementor-element-3c72763\" data-id=\"3c72763\" data-element_type=\"column\">\n\t\t\t<div class=\"elementor-column-wrap--3c72763 elementor-widget-wrap\">\n\t\t\t\t\t\t\t\t\t<\/div>\n\t\t<\/div>\n\t\t\t\t\t\t\t<\/div>\n\t\t<\/section>\n\t\t\t\t<section class=\"elementor-section elementor-top-section elementor-element elementor-element-96ac58f rey-flexWrap elementor-section-boxed elementor-section-height-default elementor-section-height-default\" data-id=\"96ac58f\" data-element_type=\"section\">\n\t\t\t\t\t\t<div class=\"elementor-container elementor-column-gap-default\">\n\t\t\t\t\t<div data-rey-anim-config=\"{&quot;id&quot;:&quot;9eb1b7b&quot;,&quot;element_type&quot;:&quot;column&quot;,&quot;animation_type&quot;:&quot;fade-slide&quot;,&quot;reveal_direction&quot;:&quot;&quot;,&quot;reveal_zoom&quot;:&quot;&quot;,&quot;reveal_bg&quot;:&quot;&quot;,&quot;activation_trigger&quot;:&quot;viewport&quot;,&quot;subject&quot;:&quot;widgets&quot;,&quot;delay&quot;:&quot;250&quot;}\" class=\"elementor-column elementor-col-33 elementor-top-column elementor-element elementor-element-9eb1b7b rey-animate-el rey-anim--fade-slide rey-anim--subject-widgets rey-anim--viewport\" data-id=\"9eb1b7b\" data-element_type=\"column\">\n\t\t\t<div class=\"elementor-column-wrap--9eb1b7b elementor-widget-wrap elementor-element-populated\">\n\t\t\t\t\t\t\t\t<div class=\"elementor-element elementor-element-2032925 elementor-widget elementor-widget-image\" data-id=\"2032925\" data-element_type=\"widget\" data-widget_type=\"image.default\">\n\t\t\t\t<div class=\"elementor-widget-container\">\n\t\t\t\t\t\t\t\t\t\t\t\t\t\t\t<img decoding=\"async\" src=\"http:\/\/hayejineurope.com\/wp-content\/uploads\/2019\/07\/Layer-1.jpg\" title=\"\" alt=\"\" loading=\"lazy\" \/>\t\t\t\t\t\t\t\t\t\t\t\t\t\t\t<\/div>\n\t\t\t\t<\/div>\n\t\t\t\t<div class=\"elementor-element elementor-element-4c1d53e elementor-widget elementor-widget-heading\" data-id=\"4c1d53e\" data-element_type=\"widget\" data-widget_type=\"heading.default\">\n\t\t\t\t<div class=\"elementor-widget-container\">\n\t\t\t<h2 class=\"elementor-heading-title elementor-size-default\">MAKE IT PERSONAL<\/h2>\t\t<\/div>\n\t\t\t\t<\/div>\n\t\t\t\t<div class=\"elementor-element elementor-element-808ce1d elementor-widget__width-initial elementor-widget-mobile__width-inherit elementor-widget elementor-widget-text-editor\" data-id=\"808ce1d\" data-element_type=\"widget\" data-widget_type=\"text-editor.default\">\n\t\t\t\t<div class=\"elementor-widget-container\">\n\t\t\t\t\t\t\t<p>Click edit button to change this text. Lorem ipsum dolor sit amet, consectetur adipiscing elit. Ut elit tellus, luctus nec ullamcorper mattis, pulvinar dapibus leo.<\/p>\t\t\t\t\t\t<\/div>\n\t\t\t\t<\/div>\n\t\t\t\t<div class=\"elementor-element elementor-element-fee7e26 elementor-button-underline elementor-widget elementor-widget-button\" data-id=\"fee7e26\" data-element_type=\"widget\" data-widget_type=\"button.default\">\n\t\t\t\t<div class=\"elementor-widget-container\">\n\t\t\t\t\t<div class=\"elementor-button-wrapper\">\n\t\t\t<a class=\"elementor-button elementor-button-link elementor-size-sm\" href=\"#engraving-form\">\n\t\t\t\t\t\t<span class=\"elementor-button-content-wrapper\">\n\t\t\t\t\t\t<span class=\"elementor-button-text\">GET A QUOTE<\/span>\n\t\t<\/span>\n\t\t\t\t\t<\/a>\n\t\t<\/div>\n\t\t\t\t<\/div>\n\t\t\t\t<\/div>\n\t\t\t\t\t<\/div>\n\t\t<\/div>\n\t\t\t\t<div data-rey-anim-config=\"{&quot;id&quot;:&quot;de1ccd4&quot;,&quot;element_type&quot;:&quot;column&quot;,&quot;animation_type&quot;:&quot;fade-slide&quot;,&quot;reveal_direction&quot;:&quot;&quot;,&quot;reveal_zoom&quot;:&quot;&quot;,&quot;reveal_bg&quot;:&quot;&quot;,&quot;activation_trigger&quot;:&quot;viewport&quot;,&quot;subject&quot;:&quot;widgets&quot;,&quot;delay&quot;:&quot;250&quot;}\" class=\"elementor-column elementor-col-33 elementor-top-column elementor-element elementor-element-de1ccd4 rey-animate-el rey-anim--fade-slide rey-anim--subject-widgets rey-anim--viewport\" data-id=\"de1ccd4\" data-element_type=\"column\">\n\t\t\t<div class=\"elementor-column-wrap--de1ccd4 elementor-widget-wrap elementor-element-populated\">\n\t\t\t\t\t\t\t\t<div class=\"elementor-element elementor-element-6307ba8 elementor-widget elementor-widget-image\" data-id=\"6307ba8\" data-element_type=\"widget\" data-widget_type=\"image.default\">\n\t\t\t\t<div class=\"elementor-widget-container\">\n\t\t\t\t\t\t\t\t\t\t\t\t\t\t\t<img decoding=\"async\" src=\"http:\/\/hayejineurope.com\/wp-content\/uploads\/2019\/07\/Layer-3.jpg\" title=\"\" alt=\"\" loading=\"lazy\" \/>\t\t\t\t\t\t\t\t\t\t\t\t\t\t\t<\/div>\n\t\t\t\t<\/div>\n\t\t\t\t\t<\/div>\n\t\t<\/div>\n\t\t\t\t<div data-rey-anim-config=\"{&quot;id&quot;:&quot;fb70be8&quot;,&quot;element_type&quot;:&quot;column&quot;,&quot;animation_type&quot;:&quot;fade-slide&quot;,&quot;reveal_direction&quot;:&quot;&quot;,&quot;reveal_zoom&quot;:&quot;&quot;,&quot;reveal_bg&quot;:&quot;&quot;,&quot;activation_trigger&quot;:&quot;viewport&quot;,&quot;subject&quot;:&quot;widgets&quot;,&quot;delay&quot;:&quot;500&quot;}\" class=\"elementor-column elementor-col-33 elementor-top-column elementor-element elementor-element-fb70be8 rey-animate-el rey-anim--fade-slide rey-anim--subject-widgets rey-anim--viewport\" data-id=\"fb70be8\" data-element_type=\"column\">\n\t\t\t<div class=\"elementor-column-wrap--fb70be8 elementor-widget-wrap elementor-element-populated\">\n\t\t\t\t\t\t\t\t<div class=\"elementor-element elementor-element-a6ebce7 elementor-widget elementor-widget-image\" data-id=\"a6ebce7\" data-element_type=\"widget\" data-widget_type=\"image.default\">\n\t\t\t\t<div class=\"elementor-widget-container\">\n\t\t\t\t\t\t\t\t\t\t\t\t\t\t\t<img decoding=\"async\" src=\"http:\/\/hayejineurope.com\/wp-content\/uploads\/2019\/07\/Layer-4.jpg\" title=\"\" alt=\"\" loading=\"lazy\" \/>\t\t\t\t\t\t\t\t\t\t\t\t\t\t\t<\/div>\n\t\t\t\t<\/div>\n\t\t\t\t\t<\/div>\n\t\t<\/div>\n\t\t\t\t\t\t\t<\/div>\n\t\t<\/section>\n\t\t\t\t<section class=\"elementor-section elementor-top-section elementor-element elementor-element-6f00f42 rey-flexWrap elementor-section-boxed elementor-section-height-default elementor-section-height-default\" data-id=\"6f00f42\" data-element_type=\"section\">\n\t\t\t\t\t\t<div class=\"elementor-container elementor-column-gap-default\">\n\t\t\t\t\t<div data-rey-anim-config=\"{&quot;id&quot;:&quot;7d23939&quot;,&quot;element_type&quot;:&quot;column&quot;,&quot;animation_type&quot;:&quot;fade-slide&quot;,&quot;reveal_direction&quot;:&quot;&quot;,&quot;reveal_zoom&quot;:&quot;&quot;,&quot;reveal_bg&quot;:&quot;&quot;,&quot;activation_trigger&quot;:&quot;viewport&quot;,&quot;subject&quot;:&quot;widgets&quot;}\" class=\"elementor-column elementor-col-25 elementor-top-column elementor-element elementor-element-7d23939 rey-animate-el rey-anim--fade-slide rey-anim--subject-widgets rey-anim--viewport\" data-id=\"7d23939\" data-element_type=\"column\">\n\t\t\t<div class=\"elementor-column-wrap--7d23939 elementor-widget-wrap elementor-element-populated\">\n\t\t\t\t\t\t\t\t<div class=\"elementor-element elementor-element-c3920ba elementor-widget elementor-widget-image\" data-id=\"c3920ba\" data-element_type=\"widget\" data-widget_type=\"image.default\">\n\t\t\t\t<div class=\"elementor-widget-container\">\n\t\t\t\t\t\t\t\t\t\t\t\t\t\t\t<img decoding=\"async\" src=\"http:\/\/hayejineurope.com\/wp-content\/uploads\/2019\/07\/Layer-10.jpg\" title=\"\" alt=\"\" loading=\"lazy\" \/>\t\t\t\t\t\t\t\t\t\t\t\t\t\t\t<\/div>\n\t\t\t\t<\/div>\n\t\t\t\t\t<\/div>\n\t\t<\/div>\n\t\t\t\t<div data-rey-anim-config=\"{&quot;id&quot;:&quot;51fbfbd&quot;,&quot;element_type&quot;:&quot;column&quot;,&quot;animation_type&quot;:&quot;fade-slide&quot;,&quot;reveal_direction&quot;:&quot;&quot;,&quot;reveal_zoom&quot;:&quot;&quot;,&quot;reveal_bg&quot;:&quot;&quot;,&quot;activation_trigger&quot;:&quot;viewport&quot;,&quot;subject&quot;:&quot;widgets&quot;,&quot;delay&quot;:&quot;250&quot;}\" class=\"elementor-column elementor-col-25 elementor-top-column elementor-element elementor-element-51fbfbd rey-animate-el rey-anim--fade-slide rey-anim--subject-widgets rey-anim--viewport\" data-id=\"51fbfbd\" data-element_type=\"column\">\n\t\t\t<div class=\"elementor-column-wrap--51fbfbd elementor-widget-wrap elementor-element-populated\">\n\t\t\t\t\t\t\t\t<div class=\"elementor-element elementor-element-e75808e elementor-widget elementor-widget-image\" data-id=\"e75808e\" data-element_type=\"widget\" data-widget_type=\"image.default\">\n\t\t\t\t<div class=\"elementor-widget-container\">\n\t\t\t\t\t\t\t\t\t\t\t\t\t\t\t<img decoding=\"async\" src=\"http:\/\/hayejineurope.com\/wp-content\/uploads\/2019\/07\/Layer-9.jpg\" title=\"\" alt=\"\" loading=\"lazy\" \/>\t\t\t\t\t\t\t\t\t\t\t\t\t\t\t<\/div>\n\t\t\t\t<\/div>\n\t\t\t\t<div class=\"elementor-element elementor-element-12aa734 elementor-widget elementor-widget-image\" data-id=\"12aa734\" data-element_type=\"widget\" data-widget_type=\"image.default\">\n\t\t\t\t<div class=\"elementor-widget-container\">\n\t\t\t\t\t\t\t\t\t\t\t\t\t\t\t<img decoding=\"async\" src=\"http:\/\/hayejineurope.com\/wp-content\/uploads\/2019\/07\/Layer-2.jpg\" title=\"\" alt=\"\" loading=\"lazy\" \/>\t\t\t\t\t\t\t\t\t\t\t\t\t\t\t<\/div>\n\t\t\t\t<\/div>\n\t\t\t\t\t<\/div>\n\t\t<\/div>\n\t\t\t\t<div data-rey-anim-config=\"{&quot;id&quot;:&quot;c42a326&quot;,&quot;element_type&quot;:&quot;column&quot;,&quot;animation_type&quot;:&quot;fade-slide&quot;,&quot;reveal_direction&quot;:&quot;&quot;,&quot;reveal_zoom&quot;:&quot;&quot;,&quot;reveal_bg&quot;:&quot;&quot;,&quot;activation_trigger&quot;:&quot;viewport&quot;,&quot;subject&quot;:&quot;widgets&quot;,&quot;delay&quot;:&quot;500&quot;}\" class=\"elementor-column elementor-col-25 elementor-top-column elementor-element elementor-element-c42a326 rey-animate-el rey-anim--fade-slide rey-anim--subject-widgets rey-anim--viewport\" data-id=\"c42a326\" data-element_type=\"column\">\n\t\t\t<div class=\"elementor-column-wrap--c42a326 elementor-widget-wrap elementor-element-populated\">\n\t\t\t\t\t\t\t\t<div class=\"elementor-element elementor-element-9e2d129 elementor-widget elementor-widget-image\" data-id=\"9e2d129\" data-element_type=\"widget\" data-widget_type=\"image.default\">\n\t\t\t\t<div class=\"elementor-widget-container\">\n\t\t\t\t\t\t\t\t\t\t\t\t\t\t\t<img decoding=\"async\" src=\"http:\/\/hayejineurope.com\/wp-content\/uploads\/2019\/07\/Layer-7.jpg\" title=\"\" alt=\"\" loading=\"lazy\" \/>\t\t\t\t\t\t\t\t\t\t\t\t\t\t\t<\/div>\n\t\t\t\t<\/div>\n\t\t\t\t\t<\/div>\n\t\t<\/div>\n\t\t\t\t<div class=\"elementor-column elementor-col-25 elementor-top-column elementor-element elementor-element-bf5011c\" data-id=\"bf5011c\" data-element_type=\"column\">\n\t\t\t<div class=\"elementor-column-wrap--bf5011c elementor-widget-wrap\">\n\t\t\t\t\t\t\t\t\t<\/div>\n\t\t<\/div>\n\t\t\t\t\t\t\t<\/div>\n\t\t<\/section>\n\t\t\t\t<section class=\"elementor-section elementor-top-section elementor-element elementor-element-c115b33 rey-flexWrap elementor-section-boxed elementor-section-height-default elementor-section-height-default\" data-id=\"c115b33\" data-element_type=\"section\">\n\t\t\t\t\t\t<div class=\"elementor-container elementor-column-gap-default\">\n\t\t\t\t\t<div class=\"elementor-column elementor-col-25 elementor-top-column elementor-element elementor-element-c61f81c\" data-id=\"c61f81c\" data-element_type=\"column\">\n\t\t\t<div class=\"elementor-column-wrap--c61f81c elementor-widget-wrap\">\n\t\t\t\t\t\t\t\t\t<\/div>\n\t\t<\/div>\n\t\t\t\t<div data-rey-anim-config=\"{&quot;id&quot;:&quot;e991ffd&quot;,&quot;element_type&quot;:&quot;column&quot;,&quot;animation_type&quot;:&quot;fade-slide&quot;,&quot;reveal_direction&quot;:&quot;&quot;,&quot;reveal_zoom&quot;:&quot;&quot;,&quot;reveal_bg&quot;:&quot;&quot;,&quot;activation_trigger&quot;:&quot;viewport&quot;,&quot;subject&quot;:&quot;widgets&quot;}\" class=\"elementor-column elementor-col-25 elementor-top-column elementor-element elementor-element-e991ffd rey-animate-el rey-anim--fade-slide rey-anim--subject-widgets rey-anim--viewport\" data-id=\"e991ffd\" data-element_type=\"column\">\n\t\t\t<div class=\"elementor-column-wrap--e991ffd elementor-widget-wrap elementor-element-populated\">\n\t\t\t\t\t\t\t\t<div class=\"elementor-element elementor-element-67028e4 elementor-widget elementor-widget-image\" data-id=\"67028e4\" data-element_type=\"widget\" data-widget_type=\"image.default\">\n\t\t\t\t<div class=\"elementor-widget-container\">\n\t\t\t\t\t\t\t\t\t\t\t\t\t\t\t<img decoding=\"async\" src=\"http:\/\/hayejineurope.com\/wp-content\/uploads\/2019\/07\/Layer-8.jpg\" title=\"\" alt=\"\" loading=\"lazy\" \/>\t\t\t\t\t\t\t\t\t\t\t\t\t\t\t<\/div>\n\t\t\t\t<\/div>\n\t\t\t\t\t<\/div>\n\t\t<\/div>\n\t\t\t\t<div data-rey-anim-config=\"{&quot;id&quot;:&quot;0277054&quot;,&quot;element_type&quot;:&quot;column&quot;,&quot;animation_type&quot;:&quot;fade-slide&quot;,&quot;reveal_direction&quot;:&quot;&quot;,&quot;reveal_zoom&quot;:&quot;&quot;,&quot;reveal_bg&quot;:&quot;&quot;,&quot;activation_trigger&quot;:&quot;viewport&quot;,&quot;subject&quot;:&quot;widgets&quot;,&quot;delay&quot;:&quot;250&quot;}\" class=\"elementor-column elementor-col-25 elementor-top-column elementor-element elementor-element-0277054 rey-animate-el rey-anim--fade-slide rey-anim--subject-widgets rey-anim--viewport\" data-id=\"0277054\" data-element_type=\"column\">\n\t\t\t<div class=\"elementor-column-wrap--0277054 elementor-widget-wrap elementor-element-populated\">\n\t\t\t\t\t\t\t\t<div class=\"elementor-element elementor-element-c2e4534 elementor-widget elementor-widget-image\" data-id=\"c2e4534\" data-element_type=\"widget\" data-widget_type=\"image.default\">\n\t\t\t\t<div class=\"elementor-widget-container\">\n\t\t\t\t\t\t\t\t\t\t\t\t\t\t\t<img decoding=\"async\" src=\"http:\/\/hayejineurope.com\/wp-content\/uploads\/2019\/07\/Layer-5.jpg\" title=\"\" alt=\"\" loading=\"lazy\" \/>\t\t\t\t\t\t\t\t\t\t\t\t\t\t\t<\/div>\n\t\t\t\t<\/div>\n\t\t\t\t\t<\/div>\n\t\t<\/div>\n\t\t\t\t<div data-rey-anim-config=\"{&quot;id&quot;:&quot;426cf10&quot;,&quot;element_type&quot;:&quot;column&quot;,&quot;animation_type&quot;:&quot;fade-slide&quot;,&quot;reveal_direction&quot;:&quot;&quot;,&quot;reveal_zoom&quot;:&quot;&quot;,&quot;reveal_bg&quot;:&quot;&quot;,&quot;activation_trigger&quot;:&quot;viewport&quot;,&quot;subject&quot;:&quot;widgets&quot;,&quot;delay&quot;:&quot;500&quot;}\" class=\"elementor-column elementor-col-25 elementor-top-column elementor-element elementor-element-426cf10 rey-animate-el rey-anim--fade-slide rey-anim--subject-widgets rey-anim--viewport\" data-id=\"426cf10\" data-element_type=\"column\">\n\t\t\t<div class=\"elementor-column-wrap--426cf10 elementor-widget-wrap elementor-element-populated\">\n\t\t\t\t\t\t\t\t<div class=\"elementor-element elementor-element-9a5d963 elementor-widget elementor-widget-image\" data-id=\"9a5d963\" data-element_type=\"widget\" data-widget_type=\"image.default\">\n\t\t\t\t<div class=\"elementor-widget-container\">\n\t\t\t\t\t\t\t\t\t\t\t\t\t\t\t<img decoding=\"async\" src=\"http:\/\/hayejineurope.com\/wp-content\/uploads\/2019\/07\/Layer-6.jpg\" title=\"\" alt=\"\" loading=\"lazy\" \/>\t\t\t\t\t\t\t\t\t\t\t\t\t\t\t<\/div>\n\t\t\t\t<\/div>\n\t\t\t\t\t<\/div>\n\t\t<\/div>\n\t\t\t\t\t\t\t<\/div>\n\t\t<\/section>\n\t\t\t\t<section class=\"elementor-section elementor-top-section elementor-element elementor-element-49b2080 elementor-section-content-top elementor-section-boxed elementor-section-height-default elementor-section-height-default\" data-id=\"49b2080\" data-element_type=\"section\" id=\"engraving-form\">\n\t\t\t\t\t\t<div class=\"elementor-container elementor-column-gap-wide\">\n\t\t\t\t\t<div class=\"elementor-column elementor-col-100 elementor-top-column elementor-element elementor-element-51b4dd4\" data-id=\"51b4dd4\" data-element_type=\"column\">\n\t\t\t<div class=\"elementor-column-wrap--51b4dd4 elementor-widget-wrap elementor-element-populated\">\n\t\t\t\t\t\t\t\t<div class=\"elementor-element elementor-element-c2215db elementor-widget elementor-widget-heading\" data-id=\"c2215db\" data-element_type=\"widget\" data-widget_type=\"heading.default\">\n\t\t\t\t<div class=\"elementor-widget-container\">\n\t\t\t<h2 class=\"elementor-heading-title elementor-size-default\">Get a free quote<\/h2>\t\t<\/div>\n\t\t\t\t<\/div>\n\t\t\t\t<div class=\"elementor-element elementor-element-5dad339 elementor-widget elementor-widget-reycore-cf7\" data-id=\"5dad339\" data-element_type=\"widget\" data-widget_type=\"reycore-cf7.default\">\n\t\t\t\t<div class=\"elementor-widget-container\">\n\t\t\t\t\t<div class=\"rey-element rey-cf7\">\n\t\t\t\t\t<\/div>\n\t\t\t\t<\/div>\n\t\t\t\t<\/div>\n\t\t\t\t\t<\/div>\n\t\t<\/div>\n\t\t\t\t\t\t\t<\/div>\n\t\t<\/section>\n\t\t\t\t\t\t\t<\/div>","protected":false},"excerpt":{"rendered":"","protected":false},"author":1,"featured_media":0,"parent":0,"menu_order":0,"comment_status":"closed","ping_status":"closed","template":"template-builder.php","meta":{"footnotes":""},"class_list":["post-261","page","type-page","status-publish","hentry"],"acf":[],"yoast_head":"<!-- This site is optimized with the Yoast SEO plugin v21.5 - https:\/\/yoast.com\/wordpress\/plugins\/seo\/ -->\n<title>Engraving - Korean Cosmetics - Hayejin<\/title>\n<meta name=\"description\" content=\"HAYEJIN creates nature-infused cosmetics with the belief that natural vitality contained within provides bothprotection and beauty through harmony and balance.\" \/>\n<meta name=\"robots\" content=\"index, follow, max-snippet:-1, max-image-preview:large, max-video-preview:-1\" \/>\n<link rel=\"canonical\" href=\"https:\/\/hayejineurope.com\/lt\/engraving-services\/\" \/>\n<meta property=\"og:locale\" content=\"lt_LT\" \/>\n<meta property=\"og:type\" content=\"article\" \/>\n<meta property=\"og:title\" content=\"Engraving - Korean Cosmetics - Hayejin\" \/>\n<meta property=\"og:description\" content=\"HAYEJIN creates nature-infused cosmetics with the belief that natural vitality contained within provides bothprotection and beauty through harmony and balance.\" \/>\n<meta property=\"og:url\" content=\"https:\/\/hayejineurope.com\/lt\/engraving-services\/\" \/>\n<meta property=\"og:site_name\" content=\"Korean Cosmetics - Hayejin\" \/>\n<meta name=\"twitter:card\" content=\"summary_large_image\" \/>\n<script type=\"application\/ld+json\" class=\"yoast-schema-graph\">{\"@context\":\"https:\/\/schema.org\",\"@graph\":[{\"@type\":\"WebPage\",\"@id\":\"https:\/\/hayejineurope.com\/engraving-services\/\",\"url\":\"https:\/\/hayejineurope.com\/engraving-services\/\",\"name\":\"Engraving - Korean Cosmetics - Hayejin\",\"isPartOf\":{\"@id\":\"https:\/\/hayejineurope.com\/#website\"},\"datePublished\":\"2019-07-29T08:08:48+00:00\",\"dateModified\":\"2019-07-29T08:08:48+00:00\",\"description\":\"HAYEJIN creates nature-infused cosmetics with the belief that natural vitality contained within provides bothprotection and beauty through harmony and balance.\",\"breadcrumb\":{\"@id\":\"https:\/\/hayejineurope.com\/engraving-services\/#breadcrumb\"},\"inLanguage\":\"lt-LT\",\"potentialAction\":[{\"@type\":\"ReadAction\",\"target\":[\"https:\/\/hayejineurope.com\/engraving-services\/\"]}]},{\"@type\":\"BreadcrumbList\",\"@id\":\"https:\/\/hayejineurope.com\/engraving-services\/#breadcrumb\",\"itemListElement\":[{\"@type\":\"ListItem\",\"position\":1,\"name\":\"Home\",\"item\":\"https:\/\/hayejineurope.com\/\"},{\"@type\":\"ListItem\",\"position\":2,\"name\":\"Engraving\"}]},{\"@type\":\"WebSite\",\"@id\":\"https:\/\/hayejineurope.com\/#website\",\"url\":\"https:\/\/hayejineurope.com\/\",\"name\":\"Hayejin europe\",\"description\":\"Official \u2018HAYEJIN\u2019 representative in Europe\",\"publisher\":{\"@id\":\"https:\/\/hayejineurope.com\/#organization\"},\"potentialAction\":[{\"@type\":\"SearchAction\",\"target\":{\"@type\":\"EntryPoint\",\"urlTemplate\":\"https:\/\/hayejineurope.com\/?s={search_term_string}\"},\"query-input\":\"required name=search_term_string\"}],\"inLanguage\":\"lt-LT\"},{\"@type\":\"Organization\",\"@id\":\"https:\/\/hayejineurope.com\/#organization\",\"name\":\"Hayejin\",\"url\":\"https:\/\/hayejineurope.com\/\",\"logo\":{\"@type\":\"ImageObject\",\"inLanguage\":\"lt-LT\",\"@id\":\"https:\/\/hayejineurope.com\/#\/schema\/logo\/image\/\",\"url\":\"http:\/\/hayejineurope.com\/wp-content\/uploads\/2019\/07\/1-2.HorizontalLogoSymbol.png\",\"contentUrl\":\"http:\/\/hayejineurope.com\/wp-content\/uploads\/2019\/07\/1-2.HorizontalLogoSymbol.png\",\"width\":1000,\"height\":250,\"caption\":\"Hayejin\"},\"image\":{\"@id\":\"https:\/\/hayejineurope.com\/#\/schema\/logo\/image\/\"}}]}<\/script>\n<!-- \/ Yoast SEO plugin. -->","yoast_head_json":{"title":"Engraving - Korean Cosmetics - Hayejin","description":"HAYEJIN kuria gamta alsuojan\u010di\u0105 kosmetik\u0105, tik\u0117dama, kad nat\u016bralus gyvybingumas, slypintis joje, suteikia ir apsaug\u0105, ir gro\u017e\u012f per harmonij\u0105 ir pusiausvyr\u0105.","robots":{"index":"index","follow":"follow","max-snippet":"max-snippet:-1","max-image-preview":"max-image-preview:large","max-video-preview":"max-video-preview:-1"},"canonical":"https:\/\/hayejineurope.com\/lt\/engraving-services\/","og_locale":"lt_LT","og_type":"article","og_title":"Engraving - Korean Cosmetics - Hayejin","og_description":"HAYEJIN creates nature-infused cosmetics with the belief that natural vitality contained within provides bothprotection and beauty through harmony and balance.","og_url":"https:\/\/hayejineurope.com\/lt\/engraving-services\/","og_site_name":"Korean Cosmetics - Hayejin","twitter_card":"summary_large_image","schema":{"@context":"https:\/\/schema.org","@graph":[{"@type":"WebPage","@id":"https:\/\/hayejineurope.com\/engraving-services\/","url":"https:\/\/hayejineurope.com\/engraving-services\/","name":"Engraving - Korean Cosmetics - Hayejin","isPartOf":{"@id":"https:\/\/hayejineurope.com\/#website"},"datePublished":"2019-07-29T08:08:48+00:00","dateModified":"2019-07-29T08:08:48+00:00","description":"HAYEJIN kuria gamta alsuojan\u010di\u0105 kosmetik\u0105, tik\u0117dama, kad nat\u016bralus gyvybingumas, slypintis joje, suteikia ir apsaug\u0105, ir gro\u017e\u012f per harmonij\u0105 ir pusiausvyr\u0105.","breadcrumb":{"@id":"https:\/\/hayejineurope.com\/engraving-services\/#breadcrumb"},"inLanguage":"lt-LT","potentialAction":[{"@type":"ReadAction","target":["https:\/\/hayejineurope.com\/engraving-services\/"]}]},{"@type":"BreadcrumbList","@id":"https:\/\/hayejineurope.com\/engraving-services\/#breadcrumb","itemListElement":[{"@type":"ListItem","position":1,"name":"Home","item":"https:\/\/hayejineurope.com\/"},{"@type":"ListItem","position":2,"name":"Engraving"}]},{"@type":"WebSite","@id":"https:\/\/hayejineurope.com\/#website","url":"https:\/\/hayejineurope.com\/","name":"Hayejin europe","description":"Official \u2018HAYEJIN\u2019 representative in Europe","publisher":{"@id":"https:\/\/hayejineurope.com\/#organization"},"potentialAction":[{"@type":"SearchAction","target":{"@type":"EntryPoint","urlTemplate":"https:\/\/hayejineurope.com\/?s={search_term_string}"},"query-input":"required name=search_term_string"}],"inLanguage":"lt-LT"},{"@type":"Organization","@id":"https:\/\/hayejineurope.com\/#organization","name":"Hayejin","url":"https:\/\/hayejineurope.com\/","logo":{"@type":"ImageObject","inLanguage":"lt-LT","@id":"https:\/\/hayejineurope.com\/#\/schema\/logo\/image\/","url":"http:\/\/hayejineurope.com\/wp-content\/uploads\/2019\/07\/1-2.HorizontalLogoSymbol.png","contentUrl":"http:\/\/hayejineurope.com\/wp-content\/uploads\/2019\/07\/1-2.HorizontalLogoSymbol.png","width":1000,"height":250,"caption":"Hayejin"},"image":{"@id":"https:\/\/hayejineurope.com\/#\/schema\/logo\/image\/"}}]}},"_links":{"self":[{"href":"https:\/\/hayejineurope.com\/lt\/wp-json\/wp\/v2\/pages\/261","targetHints":{"allow":["GET"]}}],"collection":[{"href":"https:\/\/hayejineurope.com\/lt\/wp-json\/wp\/v2\/pages"}],"about":[{"href":"https:\/\/hayejineurope.com\/lt\/wp-json\/wp\/v2\/types\/page"}],"author":[{"embeddable":true,"href":"https:\/\/hayejineurope.com\/lt\/wp-json\/wp\/v2\/users\/1"}],"replies":[{"embeddable":true,"href":"https:\/\/hayejineurope.com\/lt\/wp-json\/wp\/v2\/comments?post=261"}],"version-history":[{"count":0,"href":"https:\/\/hayejineurope.com\/lt\/wp-json\/wp\/v2\/pages\/261\/revisions"}],"wp:attachment":[{"href":"https:\/\/hayejineurope.com\/lt\/wp-json\/wp\/v2\/media?parent=261"}],"curies":[{"name":"wp","href":"https:\/\/api.w.org\/{rel}","templated":true}]}}