{"id":438,"date":"2019-07-31T10:28:29","date_gmt":"2019-07-31T10:28:29","guid":{"rendered":"http:\/\/demos.reytheme.com\/paris\/?page_id=438"},"modified":"2019-07-31T10:28:29","modified_gmt":"2019-07-31T10:28:29","slug":"wishlist","status":"publish","type":"page","link":"https:\/\/hayejineurope.com\/lt\/wishlist\/","title":{"rendered":"Wishlist"},"content":{"rendered":"\n<p>[ti_wishlistsview]<\/p>\n","protected":false},"excerpt":{"rendered":"<p>[ti_wishlistsview]<\/p>\n","protected":false},"author":1,"featured_media":0,"parent":0,"menu_order":0,"comment_status":"closed","ping_status":"closed","template":"","meta":{"footnotes":""},"class_list":["post-438","page","type-page","status-publish","hentry"],"acf":[],"yoast_head":"<!-- This site is optimized with the Yoast SEO plugin v21.5 - https:\/\/yoast.com\/wordpress\/plugins\/seo\/ -->\n<title>Wishlist - Korean Cosmetics - Hayejin<\/title>\n<meta name=\"description\" content=\"HAYEJIN creates nature-infused cosmetics with the belief that natural vitality contained within provides bothprotection and beauty through harmony and balance.\" \/>\n<meta name=\"robots\" content=\"index, follow, max-snippet:-1, max-image-preview:large, max-video-preview:-1\" \/>\n<link rel=\"canonical\" href=\"https:\/\/hayejineurope.com\/lt\/wishlist\/\" \/>\n<meta property=\"og:locale\" content=\"lt_LT\" \/>\n<meta property=\"og:type\" content=\"article\" \/>\n<meta property=\"og:title\" content=\"Wishlist - Korean Cosmetics - Hayejin\" \/>\n<meta property=\"og:description\" content=\"HAYEJIN creates nature-infused cosmetics with the belief that natural vitality contained within provides bothprotection and beauty through harmony and balance.\" \/>\n<meta property=\"og:url\" content=\"https:\/\/hayejineurope.com\/lt\/wishlist\/\" \/>\n<meta property=\"og:site_name\" content=\"Korean Cosmetics - Hayejin\" \/>\n<meta name=\"twitter:card\" content=\"summary_large_image\" \/>\n<script type=\"application\/ld+json\" class=\"yoast-schema-graph\">{\"@context\":\"https:\/\/schema.org\",\"@graph\":[{\"@type\":\"WebPage\",\"@id\":\"https:\/\/hayejineurope.com\/wishlist\/\",\"url\":\"https:\/\/hayejineurope.com\/wishlist\/\",\"name\":\"Wishlist - Korean Cosmetics - Hayejin\",\"isPartOf\":{\"@id\":\"https:\/\/hayejineurope.com\/#website\"},\"datePublished\":\"2019-07-31T10:28:29+00:00\",\"dateModified\":\"2019-07-31T10:28:29+00:00\",\"description\":\"HAYEJIN creates nature-infused cosmetics with the belief that natural vitality contained within provides bothprotection and beauty through harmony and balance.\",\"breadcrumb\":{\"@id\":\"https:\/\/hayejineurope.com\/wishlist\/#breadcrumb\"},\"inLanguage\":\"lt-LT\",\"potentialAction\":[{\"@type\":\"ReadAction\",\"target\":[\"https:\/\/hayejineurope.com\/wishlist\/\"]}]},{\"@type\":\"BreadcrumbList\",\"@id\":\"https:\/\/hayejineurope.com\/wishlist\/#breadcrumb\",\"itemListElement\":[{\"@type\":\"ListItem\",\"position\":1,\"name\":\"Home\",\"item\":\"https:\/\/hayejineurope.com\/\"},{\"@type\":\"ListItem\",\"position\":2,\"name\":\"Wishlist\"}]},{\"@type\":\"WebSite\",\"@id\":\"https:\/\/hayejineurope.com\/#website\",\"url\":\"https:\/\/hayejineurope.com\/\",\"name\":\"Hayejin europe\",\"description\":\"Official \u2018HAYEJIN\u2019 representative in Europe\",\"publisher\":{\"@id\":\"https:\/\/hayejineurope.com\/#organization\"},\"potentialAction\":[{\"@type\":\"SearchAction\",\"target\":{\"@type\":\"EntryPoint\",\"urlTemplate\":\"https:\/\/hayejineurope.com\/?s={search_term_string}\"},\"query-input\":\"required name=search_term_string\"}],\"inLanguage\":\"lt-LT\"},{\"@type\":\"Organization\",\"@id\":\"https:\/\/hayejineurope.com\/#organization\",\"name\":\"Hayejin\",\"url\":\"https:\/\/hayejineurope.com\/\",\"logo\":{\"@type\":\"ImageObject\",\"inLanguage\":\"lt-LT\",\"@id\":\"https:\/\/hayejineurope.com\/#\/schema\/logo\/image\/\",\"url\":\"http:\/\/hayejineurope.com\/wp-content\/uploads\/2019\/07\/1-2.HorizontalLogoSymbol.png\",\"contentUrl\":\"http:\/\/hayejineurope.com\/wp-content\/uploads\/2019\/07\/1-2.HorizontalLogoSymbol.png\",\"width\":1000,\"height\":250,\"caption\":\"Hayejin\"},\"image\":{\"@id\":\"https:\/\/hayejineurope.com\/#\/schema\/logo\/image\/\"}}]}<\/script>\n<!-- \/ Yoast SEO plugin. -->","yoast_head_json":{"title":"Wishlist - Korean Cosmetics - Hayejin","description":"HAYEJIN kuria gamta alsuojan\u010di\u0105 kosmetik\u0105, tik\u0117dama, kad nat\u016bralus gyvybingumas, slypintis joje, suteikia ir apsaug\u0105, ir gro\u017e\u012f per harmonij\u0105 ir pusiausvyr\u0105.","robots":{"index":"index","follow":"follow","max-snippet":"max-snippet:-1","max-image-preview":"max-image-preview:large","max-video-preview":"max-video-preview:-1"},"canonical":"https:\/\/hayejineurope.com\/lt\/wishlist\/","og_locale":"lt_LT","og_type":"article","og_title":"Wishlist - Korean Cosmetics - Hayejin","og_description":"HAYEJIN creates nature-infused cosmetics with the belief that natural vitality contained within provides bothprotection and beauty through harmony and balance.","og_url":"https:\/\/hayejineurope.com\/lt\/wishlist\/","og_site_name":"Korean Cosmetics - Hayejin","twitter_card":"summary_large_image","schema":{"@context":"https:\/\/schema.org","@graph":[{"@type":"WebPage","@id":"https:\/\/hayejineurope.com\/wishlist\/","url":"https:\/\/hayejineurope.com\/wishlist\/","name":"Wishlist - Korean Cosmetics - Hayejin","isPartOf":{"@id":"https:\/\/hayejineurope.com\/#website"},"datePublished":"2019-07-31T10:28:29+00:00","dateModified":"2019-07-31T10:28:29+00:00","description":"HAYEJIN kuria gamta alsuojan\u010di\u0105 kosmetik\u0105, tik\u0117dama, kad nat\u016bralus gyvybingumas, slypintis joje, suteikia ir apsaug\u0105, ir gro\u017e\u012f per harmonij\u0105 ir pusiausvyr\u0105.","breadcrumb":{"@id":"https:\/\/hayejineurope.com\/wishlist\/#breadcrumb"},"inLanguage":"lt-LT","potentialAction":[{"@type":"ReadAction","target":["https:\/\/hayejineurope.com\/wishlist\/"]}]},{"@type":"BreadcrumbList","@id":"https:\/\/hayejineurope.com\/wishlist\/#breadcrumb","itemListElement":[{"@type":"ListItem","position":1,"name":"Home","item":"https:\/\/hayejineurope.com\/"},{"@type":"ListItem","position":2,"name":"Wishlist"}]},{"@type":"WebSite","@id":"https:\/\/hayejineurope.com\/#website","url":"https:\/\/hayejineurope.com\/","name":"Hayejin europe","description":"Official \u2018HAYEJIN\u2019 representative in Europe","publisher":{"@id":"https:\/\/hayejineurope.com\/#organization"},"potentialAction":[{"@type":"SearchAction","target":{"@type":"EntryPoint","urlTemplate":"https:\/\/hayejineurope.com\/?s={search_term_string}"},"query-input":"required name=search_term_string"}],"inLanguage":"lt-LT"},{"@type":"Organization","@id":"https:\/\/hayejineurope.com\/#organization","name":"Hayejin","url":"https:\/\/hayejineurope.com\/","logo":{"@type":"ImageObject","inLanguage":"lt-LT","@id":"https:\/\/hayejineurope.com\/#\/schema\/logo\/image\/","url":"http:\/\/hayejineurope.com\/wp-content\/uploads\/2019\/07\/1-2.HorizontalLogoSymbol.png","contentUrl":"http:\/\/hayejineurope.com\/wp-content\/uploads\/2019\/07\/1-2.HorizontalLogoSymbol.png","width":1000,"height":250,"caption":"Hayejin"},"image":{"@id":"https:\/\/hayejineurope.com\/#\/schema\/logo\/image\/"}}]}},"_links":{"self":[{"href":"https:\/\/hayejineurope.com\/lt\/wp-json\/wp\/v2\/pages\/438","targetHints":{"allow":["GET"]}}],"collection":[{"href":"https:\/\/hayejineurope.com\/lt\/wp-json\/wp\/v2\/pages"}],"about":[{"href":"https:\/\/hayejineurope.com\/lt\/wp-json\/wp\/v2\/types\/page"}],"author":[{"embeddable":true,"href":"https:\/\/hayejineurope.com\/lt\/wp-json\/wp\/v2\/users\/1"}],"replies":[{"embeddable":true,"href":"https:\/\/hayejineurope.com\/lt\/wp-json\/wp\/v2\/comments?post=438"}],"version-history":[{"count":0,"href":"https:\/\/hayejineurope.com\/lt\/wp-json\/wp\/v2\/pages\/438\/revisions"}],"wp:attachment":[{"href":"https:\/\/hayejineurope.com\/lt\/wp-json\/wp\/v2\/media?parent=438"}],"curies":[{"name":"wp","href":"https:\/\/api.w.org\/{rel}","templated":true}]}}