{"id":442,"date":"2019-07-31T11:49:44","date_gmt":"2019-07-31T11:49:44","guid":{"rendered":"http:\/\/demos.reytheme.com\/paris\/?page_id=442"},"modified":"2023-05-05T11:40:03","modified_gmt":"2023-05-05T08:40:03","slug":"about-us","status":"publish","type":"page","link":"https:\/\/hayejineurope.com\/lt\/apie-mus\/","title":{"rendered":"Apie mus"},"content":{"rendered":"<div data-elementor-type=\"wp-post\" data-elementor-id=\"442\" class=\"elementor elementor-442\" data-elementor-post-type=\"page\">\n\t\t\t\t\t\t\t\t\t<section class=\"elementor-section elementor-top-section elementor-element elementor-element-45f3866 elementor-section-boxed elementor-section-height-default elementor-section-height-default\" data-id=\"45f3866\" data-element_type=\"section\">\n\t\t\t\t\t\t<div class=\"elementor-container elementor-column-gap-default\">\n\t\t\t\t\t<div class=\"elementor-column elementor-col-100 elementor-top-column elementor-element elementor-element-555a3ec\" data-id=\"555a3ec\" data-element_type=\"column\">\n\t\t\t<div class=\"elementor-column-wrap--555a3ec elementor-widget-wrap elementor-element-populated\">\n\t\t\t\t\t\t\t\t<div class=\"elementor-element elementor-element-4d1018b elementor-widget-mobile__width-inherit elementor-widget elementor-widget-heading\" data-id=\"4d1018b\" data-element_type=\"widget\" data-widget_type=\"heading.default\">\n\t\t\t\t<div class=\"elementor-widget-container\">\n\t\t\t<h1 class=\"elementor-heading-title elementor-size-xxl\">Apie mus<\/h1>\t\t<\/div>\n\t\t\t\t<\/div>\n\t\t\t\t<div class=\"elementor-element elementor-element-4562e4b elementor-widget__width-initial --il--stretch --il--tablet-stretch elementor-widget elementor-widget-text-editor\" data-id=\"4562e4b\" data-element_type=\"widget\" data-widget_type=\"text-editor.default\">\n\t\t\t\t<div class=\"elementor-widget-container\">\n\t\t\t\t\t\t\t<div class=\"elementor-element elementor-element-5f8a3e5 elementor-widget-mobile__width-inherit elementor-widget elementor-widget-heading\" data-id=\"5f8a3e5\" data-element_type=\"widget\" data-widget_type=\"heading.default\"><div class=\"elementor-widget-container\">\u201eHAYEJIN\u201c yra kor\u0117jie\u010di\u0173 posakis, rei\u0161kiantis \u201e\u0160irdis tokia gili ir gra\u017ei kaip dangus\u201c.<br \/><br \/>HAYEJIN kor\u0117jieti\u0161kos kosmetikos prekinis \u017eenklas, \u012fkv\u0117ptas gamtos energijos, su\u017eadina joje esan\u010di\u0105 esencij\u0105, kuri panaudojama kuriant nuostabius kosmetikos produktus. Nat\u016bral\u016bs botaniniai ingredientai, praturtinti tyra dangaus energija, sukuria optimal\u0173 odos balans\u0105 pasitelkiant magi\u0161k\u0105 gamtos energij\u0105 bei harmonij\u0105.<\/div><\/div>\t\t\t\t\t\t<\/div>\n\t\t\t\t<\/div>\n\t\t\t\t\t<\/div>\n\t\t<\/div>\n\t\t\t\t\t\t\t<\/div>\n\t\t<\/section>\n\t\t\t\t<section class=\"elementor-section elementor-top-section elementor-element elementor-element-564e8ccb elementor-section-content-top rey-flexWrap elementor-section-boxed elementor-section-height-default elementor-section-height-default\" data-id=\"564e8ccb\" data-element_type=\"section\">\n\t\t\t\t\t\t<div class=\"elementor-container elementor-column-gap-default\">\n\t\t\t\t\t<div class=\"elementor-column elementor-col-25 elementor-top-column elementor-element elementor-element-1b1af864\" data-id=\"1b1af864\" data-element_type=\"column\">\n\t\t\t<div class=\"elementor-column-wrap--1b1af864 elementor-widget-wrap elementor-element-populated\">\n\t\t\t\t\t\t\t\t<div class=\"elementor-element elementor-element-3e83973d elementor-invisible elementor-widget elementor-widget-image\" data-id=\"3e83973d\" data-element_type=\"widget\" data-settings=\"{&quot;_animation&quot;:&quot;fadeInUp&quot;,&quot;_animation_delay&quot;:300}\" data-widget_type=\"image.default\">\n\t\t\t\t<div class=\"elementor-widget-container\">\n\t\t\t\t\t\t\t\t\t\t\t\t\t\t\t<img decoding=\"async\" width=\"683\" height=\"1024\" src=\"https:\/\/hayejineurope.com\/wp-content\/uploads\/2022\/11\/20.07.27-\ud558\uc608\uc9c4-\ubdf0\ud2f0-412-683x1024.png\" class=\"attachment-large size-large wp-image-1063\" alt=\"\" srcset=\"https:\/\/hayejineurope.com\/wp-content\/uploads\/2022\/11\/20.07.27-\ud558\uc608\uc9c4-\ubdf0\ud2f0-412-683x1024.png 683w, https:\/\/hayejineurope.com\/wp-content\/uploads\/2022\/11\/20.07.27-\ud558\uc608\uc9c4-\ubdf0\ud2f0-412-800x1200.png 800w, https:\/\/hayejineurope.com\/wp-content\/uploads\/2022\/11\/20.07.27-\ud558\uc608\uc9c4-\ubdf0\ud2f0-412-200x300.png 200w, https:\/\/hayejineurope.com\/wp-content\/uploads\/2022\/11\/20.07.27-\ud558\uc608\uc9c4-\ubdf0\ud2f0-412-768x1152.png 768w, https:\/\/hayejineurope.com\/wp-content\/uploads\/2022\/11\/20.07.27-\ud558\uc608\uc9c4-\ubdf0\ud2f0-412.png 900w\" sizes=\"(max-width: 683px) 100vw, 683px\" \/>\t\t\t\t\t\t\t\t\t\t\t\t\t\t\t<\/div>\n\t\t\t\t<\/div>\n\t\t\t\t\t<\/div>\n\t\t<\/div>\n\t\t\t\t<div class=\"elementor-column elementor-col-25 elementor-top-column elementor-element elementor-element-38fba8db rey-colbg--classic\" data-id=\"38fba8db\" data-element_type=\"column\" data-settings=\"{&quot;background_background&quot;:&quot;classic&quot;}\">\n\t\t\t<div class=\"elementor-column-wrap--38fba8db elementor-widget-wrap elementor-element-populated\">\n\t\t\t\t\t\t\t\t<div class=\"elementor-element elementor-element-a29baae elementor-invisible elementor-widget elementor-widget-text-editor\" data-id=\"a29baae\" data-element_type=\"widget\" data-settings=\"{&quot;_animation&quot;:&quot;fadeIn&quot;,&quot;_animation_delay&quot;:900}\" data-widget_type=\"text-editor.default\">\n\t\t\t\t<div class=\"elementor-widget-container\">\n\t\t\t\t\t\t\t<div class=\"elementor-element elementor-element-5f8a3e5 elementor-widget-mobile__width-inherit elementor-widget elementor-widget-heading\" data-id=\"5f8a3e5\" data-element_type=\"widget\" data-widget_type=\"heading.default\"><div class=\"elementor-widget-container\"><p>HAYEJIN kosmetika \u2013 \u012fkv\u0117pta gamtos!\n\nDid\u017eiausia gamtos j\u0117ga yra jos gyvybingumas, klestintis bet kokiomis aplinkos s\u0105lygomis, o tai sukuria nat\u016bral\u0173 santarv\u0117s bei tvarkos poj\u016bt\u012f.<\/p><p>HAYEJIN kuria kosmetik\u0105 \u012fkv\u0117pt\u0105 gamtos, tik\u0117dami, jog gamtoje esantis tyras gyvybingumas, pasi\u017eymintis harmonija ir balansu, suteikia odai gro\u017e\u012f ir apsaug\u0105.<\/p><\/div><\/div>\t\t\t\t\t\t<\/div>\n\t\t\t\t<\/div>\n\t\t\t\t\t<\/div>\n\t\t<\/div>\n\t\t\t\t<div class=\"elementor-column elementor-col-25 elementor-top-column elementor-element elementor-element-1976f518\" data-id=\"1976f518\" data-element_type=\"column\">\n\t\t\t<div class=\"elementor-column-wrap--1976f518 elementor-widget-wrap elementor-element-populated\">\n\t\t\t\t\t\t\t\t<div class=\"elementor-element elementor-element-6cc14ca7 elementor-invisible elementor-widget elementor-widget-image\" data-id=\"6cc14ca7\" data-element_type=\"widget\" data-settings=\"{&quot;_animation&quot;:&quot;fadeInUp&quot;}\" data-widget_type=\"image.default\">\n\t\t\t\t<div class=\"elementor-widget-container\">\n\t\t\t\t\t\t\t\t\t\t\t\t\t\t\t<img decoding=\"async\" width=\"683\" height=\"1024\" src=\"https:\/\/hayejineurope.com\/wp-content\/uploads\/2022\/11\/20.07.27-\ud558\uc608\uc9c4-\ubdf0\ud2f0-126-683x1024.png\" class=\"attachment-large size-large wp-image-1065\" alt=\"\" srcset=\"https:\/\/hayejineurope.com\/wp-content\/uploads\/2022\/11\/20.07.27-\ud558\uc608\uc9c4-\ubdf0\ud2f0-126-683x1024.png 683w, https:\/\/hayejineurope.com\/wp-content\/uploads\/2022\/11\/20.07.27-\ud558\uc608\uc9c4-\ubdf0\ud2f0-126-800x1200.png 800w, https:\/\/hayejineurope.com\/wp-content\/uploads\/2022\/11\/20.07.27-\ud558\uc608\uc9c4-\ubdf0\ud2f0-126-200x300.png 200w, https:\/\/hayejineurope.com\/wp-content\/uploads\/2022\/11\/20.07.27-\ud558\uc608\uc9c4-\ubdf0\ud2f0-126-768x1152.png 768w, https:\/\/hayejineurope.com\/wp-content\/uploads\/2022\/11\/20.07.27-\ud558\uc608\uc9c4-\ubdf0\ud2f0-126.png 900w\" sizes=\"(max-width: 683px) 100vw, 683px\" \/>\t\t\t\t\t\t\t\t\t\t\t\t\t\t\t<\/div>\n\t\t\t\t<\/div>\n\t\t\t\t\t<\/div>\n\t\t<\/div>\n\t\t\t\t<div class=\"elementor-column elementor-col-25 elementor-top-column elementor-element elementor-element-731623b0\" data-id=\"731623b0\" data-element_type=\"column\">\n\t\t\t<div class=\"elementor-column-wrap--731623b0 elementor-widget-wrap elementor-element-populated\">\n\t\t\t\t\t\t\t\t<div class=\"elementor-element elementor-element-5a019d65 elementor-absolute rey-default-position-yes elementor-widget elementor-widget-heading\" data-id=\"5a019d65\" data-element_type=\"widget\" data-settings=\"{&quot;_position&quot;:&quot;absolute&quot;}\" data-widget_type=\"heading.default\">\n\t\t\t\t<div class=\"elementor-widget-container\">\n\t\t\t<div class=\"elementor-heading-title elementor-size-default\">Sukurta Europos moterims<\/div>\t\t<\/div>\n\t\t\t\t<\/div>\n\t\t\t\t\t<\/div>\n\t\t<\/div>\n\t\t\t\t\t\t\t<\/div>\n\t\t<\/section>\n\t\t\t\t<section class=\"elementor-section elementor-top-section elementor-element elementor-element-1413f9d elementor-section-boxed elementor-section-height-default elementor-section-height-default\" data-id=\"1413f9d\" data-element_type=\"section\">\n\t\t\t\t\t\t<div class=\"elementor-container elementor-column-gap-default\">\n\t\t\t\t\t<div class=\"elementor-column elementor-col-100 elementor-top-column elementor-element elementor-element-c540fb0\" data-id=\"c540fb0\" data-element_type=\"column\">\n\t\t\t<div class=\"elementor-column-wrap--c540fb0 elementor-widget-wrap elementor-element-populated\">\n\t\t\t\t\t\t\t\t<div class=\"elementor-element elementor-element-76b1afd elementor-widget-mobile__width-inherit elementor-widget elementor-widget-heading\" data-id=\"76b1afd\" data-element_type=\"widget\" data-widget_type=\"heading.default\">\n\t\t\t\t<div class=\"elementor-widget-container\">\n\t\t\t<h1 class=\"elementor-heading-title elementor-size-xxl\">HAYEJIN \u017denklas<\/h1>\t\t<\/div>\n\t\t\t\t<\/div>\n\t\t\t\t<div class=\"elementor-element elementor-element-1ca0001 elementor-invisible elementor-widget elementor-widget-text-editor\" data-id=\"1ca0001\" data-element_type=\"widget\" data-settings=\"{&quot;_animation&quot;:&quot;fadeIn&quot;,&quot;_animation_delay&quot;:900}\" data-widget_type=\"text-editor.default\">\n\t\t\t\t<div class=\"elementor-widget-container\">\n\t\t\t\t\t\t\t<div class=\"elementor-element elementor-element-5f8a3e5 elementor-widget-mobile__width-inherit elementor-widget elementor-widget-heading\" data-id=\"5f8a3e5\" data-element_type=\"widget\" data-widget_type=\"heading.default\"><div class=\"elementor-widget-container\"><p>Atraskite verting\u0105 gamtos gro\u017e\u012f HAYEJIN kosmetikoje. Botaniniai ingredientai pary\u0161kins ne tik J\u016bs\u0173 odos, bet ir sielos gro\u017e\u012f, atskleid\u017eiant nuostabi\u0105 bei \u0161viesi\u0105 J\u016bs\u0173 esm\u0119.<\/p><\/div><\/div>\t\t\t\t\t\t<\/div>\n\t\t\t\t<\/div>\n\t\t\t\t\t<\/div>\n\t\t<\/div>\n\t\t\t\t\t\t\t<\/div>\n\t\t<\/section>\n\t\t\t\t<section class=\"elementor-section elementor-top-section elementor-element elementor-element-615eb9b rey-section-stretched elementor-section-boxed elementor-section-height-default elementor-section-height-default\" data-id=\"615eb9b\" data-element_type=\"section\">\n\t\t\t\t\t\t<div class=\"elementor-container elementor-column-gap-no\">\n\t\t\t\t\t<div class=\"elementor-column elementor-col-20 elementor-top-column elementor-element elementor-element-19c6559\" data-id=\"19c6559\" data-element_type=\"column\">\n\t\t\t<div class=\"elementor-column-wrap--19c6559 elementor-widget-wrap elementor-element-populated\">\n\t\t\t\t\t\t\t\t<div class=\"elementor-element elementor-element-9b391aa elementor-widget elementor-widget-image\" data-id=\"9b391aa\" data-element_type=\"widget\" data-widget_type=\"image.default\">\n\t\t\t\t<div class=\"elementor-widget-container\">\n\t\t\t\t\t\t\t\t\t\t\t\t\t\t\t<img decoding=\"async\" width=\"81\" height=\"99\" src=\"https:\/\/hayejineurope.com\/wp-content\/uploads\/2023\/01\/5bd663617725b-1-5.png\" class=\"attachment-large size-large wp-image-1968\" alt=\"\" srcset=\"https:\/\/hayejineurope.com\/wp-content\/uploads\/2023\/01\/5bd663617725b-1-5.png 81w, https:\/\/hayejineurope.com\/wp-content\/uploads\/2023\/01\/5bd663617725b-1-5-10x12.png 10w\" sizes=\"(max-width: 81px) 100vw, 81px\" \/>\t\t\t\t\t\t\t\t\t\t\t\t\t\t\t<\/div>\n\t\t\t\t<\/div>\n\t\t\t\t<div class=\"elementor-element elementor-element-cdf656b elementor-invisible elementor-widget elementor-widget-text-editor\" data-id=\"cdf656b\" data-element_type=\"widget\" data-settings=\"{&quot;_animation&quot;:&quot;fadeIn&quot;,&quot;_animation_delay&quot;:900}\" data-widget_type=\"text-editor.default\">\n\t\t\t\t<div class=\"elementor-widget-container\">\n\t\t\t\t\t\t\t<div class=\"elementor-element elementor-element-5f8a3e5 elementor-widget-mobile__width-inherit elementor-widget elementor-widget-heading\" data-id=\"5f8a3e5\" data-element_type=\"widget\" data-widget_type=\"heading.default\"><div class=\"elementor-widget-container\"><p>Dangaus \u0161viesa simbolizuoja saul\u0119 ir gyvyb\u0119<\/p><\/div><\/div>\t\t\t\t\t\t<\/div>\n\t\t\t\t<\/div>\n\t\t\t\t\t<\/div>\n\t\t<\/div>\n\t\t\t\t<div class=\"elementor-column elementor-col-20 elementor-top-column elementor-element elementor-element-7cad7b2\" data-id=\"7cad7b2\" data-element_type=\"column\">\n\t\t\t<div class=\"elementor-column-wrap--7cad7b2 elementor-widget-wrap elementor-element-populated\">\n\t\t\t\t\t\t\t\t<div class=\"elementor-element elementor-element-cbd2751 elementor-widget elementor-widget-image\" data-id=\"cbd2751\" data-element_type=\"widget\" data-widget_type=\"image.default\">\n\t\t\t\t<div class=\"elementor-widget-container\">\n\t\t\t\t\t\t\t\t\t\t\t\t\t\t\t<img decoding=\"async\" width=\"47\" height=\"45\" src=\"https:\/\/hayejineurope.com\/wp-content\/uploads\/2023\/01\/5bd663617725b-1-7.png\" class=\"attachment-large size-large wp-image-1970\" alt=\"\" srcset=\"https:\/\/hayejineurope.com\/wp-content\/uploads\/2023\/01\/5bd663617725b-1-7.png 47w, https:\/\/hayejineurope.com\/wp-content\/uploads\/2023\/01\/5bd663617725b-1-7-13x12.png 13w\" sizes=\"(max-width: 47px) 100vw, 47px\" \/>\t\t\t\t\t\t\t\t\t\t\t\t\t\t\t<\/div>\n\t\t\t\t<\/div>\n\t\t\t\t\t<\/div>\n\t\t<\/div>\n\t\t\t\t<div class=\"elementor-column elementor-col-20 elementor-top-column elementor-element elementor-element-2b34686\" data-id=\"2b34686\" data-element_type=\"column\">\n\t\t\t<div class=\"elementor-column-wrap--2b34686 elementor-widget-wrap elementor-element-populated\">\n\t\t\t\t\t\t\t\t<div class=\"elementor-element elementor-element-65be8df elementor-widget elementor-widget-image\" data-id=\"65be8df\" data-element_type=\"widget\" data-widget_type=\"image.default\">\n\t\t\t\t<div class=\"elementor-widget-container\">\n\t\t\t\t\t\t\t\t\t\t\t\t\t\t\t<img decoding=\"async\" width=\"94\" height=\"109\" src=\"https:\/\/hayejineurope.com\/wp-content\/uploads\/2023\/01\/5bd663617725b-1-4.png\" class=\"attachment-large size-large wp-image-1967\" alt=\"\" srcset=\"https:\/\/hayejineurope.com\/wp-content\/uploads\/2023\/01\/5bd663617725b-1-4.png 94w, https:\/\/hayejineurope.com\/wp-content\/uploads\/2023\/01\/5bd663617725b-1-4-10x12.png 10w\" sizes=\"(max-width: 94px) 100vw, 94px\" \/>\t\t\t\t\t\t\t\t\t\t\t\t\t\t\t<\/div>\n\t\t\t\t<\/div>\n\t\t\t\t<div class=\"elementor-element elementor-element-a97a6b4 elementor-invisible elementor-widget elementor-widget-text-editor\" data-id=\"a97a6b4\" data-element_type=\"widget\" data-settings=\"{&quot;_animation&quot;:&quot;fadeIn&quot;,&quot;_animation_delay&quot;:900}\" data-widget_type=\"text-editor.default\">\n\t\t\t\t<div class=\"elementor-widget-container\">\n\t\t\t\t\t\t\t<div class=\"elementor-element elementor-element-5f8a3e5 elementor-widget-mobile__width-inherit elementor-widget elementor-widget-heading\" data-id=\"5f8a3e5\" data-element_type=\"widget\" data-widget_type=\"heading.default\"><div class=\"elementor-widget-container\"><p>Augalo lapas \u2013 gamtos tyrum\u0105<\/p><\/div><\/div>\t\t\t\t\t\t<\/div>\n\t\t\t\t<\/div>\n\t\t\t\t\t<\/div>\n\t\t<\/div>\n\t\t\t\t<div class=\"elementor-column elementor-col-20 elementor-top-column elementor-element elementor-element-ffa3bea\" data-id=\"ffa3bea\" data-element_type=\"column\">\n\t\t\t<div class=\"elementor-column-wrap--ffa3bea elementor-widget-wrap elementor-element-populated\">\n\t\t\t\t\t\t\t\t<div class=\"elementor-element elementor-element-d36dc4f elementor-widget elementor-widget-image\" data-id=\"d36dc4f\" data-element_type=\"widget\" data-widget_type=\"image.default\">\n\t\t\t\t<div class=\"elementor-widget-container\">\n\t\t\t\t\t\t\t\t\t\t\t\t\t\t\t<img decoding=\"async\" width=\"47\" height=\"40\" src=\"https:\/\/hayejineurope.com\/wp-content\/uploads\/2023\/01\/5bd663617725b-1-8.png\" class=\"attachment-large size-large wp-image-1971\" alt=\"\" srcset=\"https:\/\/hayejineurope.com\/wp-content\/uploads\/2023\/01\/5bd663617725b-1-8.png 47w, https:\/\/hayejineurope.com\/wp-content\/uploads\/2023\/01\/5bd663617725b-1-8-14x12.png 14w\" sizes=\"(max-width: 47px) 100vw, 47px\" \/>\t\t\t\t\t\t\t\t\t\t\t\t\t\t\t<\/div>\n\t\t\t\t<\/div>\n\t\t\t\t\t<\/div>\n\t\t<\/div>\n\t\t\t\t<div class=\"elementor-column elementor-col-20 elementor-top-column elementor-element elementor-element-5f09170\" data-id=\"5f09170\" data-element_type=\"column\">\n\t\t\t<div class=\"elementor-column-wrap--5f09170 elementor-widget-wrap elementor-element-populated\">\n\t\t\t\t\t\t\t\t<div class=\"elementor-element elementor-element-a47dea6 elementor-widget elementor-widget-image\" data-id=\"a47dea6\" data-element_type=\"widget\" data-widget_type=\"image.default\">\n\t\t\t\t<div class=\"elementor-widget-container\">\n\t\t\t\t\t\t\t\t\t\t\t\t\t\t\t<img decoding=\"async\" width=\"114\" height=\"109\" src=\"https:\/\/hayejineurope.com\/wp-content\/uploads\/2023\/01\/5bd663617725b-1-6.png\" class=\"attachment-large size-large wp-image-1969\" alt=\"\" srcset=\"https:\/\/hayejineurope.com\/wp-content\/uploads\/2023\/01\/5bd663617725b-1-6.png 114w, https:\/\/hayejineurope.com\/wp-content\/uploads\/2023\/01\/5bd663617725b-1-6-13x12.png 13w\" sizes=\"(max-width: 114px) 100vw, 114px\" \/>\t\t\t\t\t\t\t\t\t\t\t\t\t\t\t<\/div>\n\t\t\t\t<\/div>\n\t\t\t\t\t<\/div>\n\t\t<\/div>\n\t\t\t\t\t\t\t<\/div>\n\t\t<\/section>\n\t\t\t\t\t\t\t<\/div>","protected":false},"excerpt":{"rendered":"<p>About us HAYEJIN is a Korean expression meaning \u201ca heart as deep and beautiful as the sky\u201d HAYEJIN is a brand that infuses the essence of nature into the skin\u00a0 with nature-derived botanical ingredients containing the pure, natural energy of the skies while creating an optimal skin balance through the harmony with nature\u2019s energy HAYEJIN [&hellip;]<\/p>\n","protected":false},"author":1,"featured_media":0,"parent":0,"menu_order":0,"comment_status":"closed","ping_status":"closed","template":"template-builder.php","meta":{"footnotes":""},"class_list":["post-442","page","type-page","status-publish","hentry"],"acf":[],"yoast_head":"<!-- This site is optimized with the Yoast SEO plugin v21.5 - https:\/\/yoast.com\/wordpress\/plugins\/seo\/ -->\n<title>About us - Korean Cosmetics - Hayejin<\/title>\n<meta name=\"description\" content=\"HAYEJIN creates nature-infused cosmetics with the belief that natural vitality contained within provides bothprotection and beauty through harmony and balance.\" \/>\n<meta name=\"robots\" content=\"index, follow, max-snippet:-1, max-image-preview:large, max-video-preview:-1\" \/>\n<link rel=\"canonical\" href=\"https:\/\/hayejineurope.com\/lt\/apie-mus\/\" \/>\n<meta property=\"og:locale\" content=\"lt_LT\" \/>\n<meta property=\"og:type\" content=\"article\" \/>\n<meta property=\"og:title\" content=\"About us - Korean Cosmetics - Hayejin\" \/>\n<meta property=\"og:description\" content=\"HAYEJIN creates nature-infused cosmetics with the belief that natural vitality contained within provides bothprotection and beauty through harmony and balance.\" \/>\n<meta property=\"og:url\" content=\"https:\/\/hayejineurope.com\/lt\/apie-mus\/\" \/>\n<meta property=\"og:site_name\" content=\"Korean Cosmetics - Hayejin\" \/>\n<meta property=\"article:modified_time\" content=\"2023-05-05T08:40:03+00:00\" \/>\n<meta property=\"og:image\" content=\"http:\/\/hayejineurope.com\/wp-content\/uploads\/2023\/01\/5bd663617725b-1-5.png\" \/>\n<meta name=\"twitter:card\" content=\"summary_large_image\" \/>\n<meta name=\"twitter:label1\" content=\"Est. reading time\" \/>\n\t<meta name=\"twitter:data1\" content=\"3 minut\u0117s\" \/>\n<script type=\"application\/ld+json\" class=\"yoast-schema-graph\">{\"@context\":\"https:\/\/schema.org\",\"@graph\":[{\"@type\":\"WebPage\",\"@id\":\"https:\/\/hayejineurope.com\/about-us\/\",\"url\":\"https:\/\/hayejineurope.com\/about-us\/\",\"name\":\"About us - Korean Cosmetics - Hayejin\",\"isPartOf\":{\"@id\":\"https:\/\/hayejineurope.com\/#website\"},\"datePublished\":\"2019-07-31T11:49:44+00:00\",\"dateModified\":\"2023-05-05T08:40:03+00:00\",\"description\":\"HAYEJIN creates nature-infused cosmetics with the belief that natural vitality contained within provides bothprotection and beauty through harmony and balance.\",\"breadcrumb\":{\"@id\":\"https:\/\/hayejineurope.com\/about-us\/#breadcrumb\"},\"inLanguage\":\"lt-LT\",\"potentialAction\":[{\"@type\":\"ReadAction\",\"target\":[\"https:\/\/hayejineurope.com\/about-us\/\"]}]},{\"@type\":\"BreadcrumbList\",\"@id\":\"https:\/\/hayejineurope.com\/about-us\/#breadcrumb\",\"itemListElement\":[{\"@type\":\"ListItem\",\"position\":1,\"name\":\"Home\",\"item\":\"https:\/\/hayejineurope.com\/\"},{\"@type\":\"ListItem\",\"position\":2,\"name\":\"About us\"}]},{\"@type\":\"WebSite\",\"@id\":\"https:\/\/hayejineurope.com\/#website\",\"url\":\"https:\/\/hayejineurope.com\/\",\"name\":\"Hayejin europe\",\"description\":\"Official \u2018HAYEJIN\u2019 representative in Europe\",\"publisher\":{\"@id\":\"https:\/\/hayejineurope.com\/#organization\"},\"potentialAction\":[{\"@type\":\"SearchAction\",\"target\":{\"@type\":\"EntryPoint\",\"urlTemplate\":\"https:\/\/hayejineurope.com\/?s={search_term_string}\"},\"query-input\":\"required name=search_term_string\"}],\"inLanguage\":\"lt-LT\"},{\"@type\":\"Organization\",\"@id\":\"https:\/\/hayejineurope.com\/#organization\",\"name\":\"Hayejin\",\"url\":\"https:\/\/hayejineurope.com\/\",\"logo\":{\"@type\":\"ImageObject\",\"inLanguage\":\"lt-LT\",\"@id\":\"https:\/\/hayejineurope.com\/#\/schema\/logo\/image\/\",\"url\":\"http:\/\/hayejineurope.com\/wp-content\/uploads\/2019\/07\/1-2.HorizontalLogoSymbol.png\",\"contentUrl\":\"http:\/\/hayejineurope.com\/wp-content\/uploads\/2019\/07\/1-2.HorizontalLogoSymbol.png\",\"width\":1000,\"height\":250,\"caption\":\"Hayejin\"},\"image\":{\"@id\":\"https:\/\/hayejineurope.com\/#\/schema\/logo\/image\/\"}}]}<\/script>\n<!-- \/ Yoast SEO plugin. -->","yoast_head_json":{"title":"Apie mus - Kor\u0117jieti\u0161ka kosmetika - Hayejin","description":"HAYEJIN kuria gamta alsuojan\u010di\u0105 kosmetik\u0105, tik\u0117dama, kad nat\u016bralus gyvybingumas, slypintis joje, suteikia ir apsaug\u0105, ir gro\u017e\u012f per harmonij\u0105 ir pusiausvyr\u0105.","robots":{"index":"index","follow":"follow","max-snippet":"max-snippet:-1","max-image-preview":"max-image-preview:large","max-video-preview":"max-video-preview:-1"},"canonical":"https:\/\/hayejineurope.com\/lt\/apie-mus\/","og_locale":"lt_LT","og_type":"article","og_title":"About us - Korean Cosmetics - Hayejin","og_description":"HAYEJIN creates nature-infused cosmetics with the belief that natural vitality contained within provides bothprotection and beauty through harmony and balance.","og_url":"https:\/\/hayejineurope.com\/lt\/apie-mus\/","og_site_name":"Korean Cosmetics - Hayejin","article_modified_time":"2023-05-05T08:40:03+00:00","og_image":[{"url":"http:\/\/hayejineurope.com\/wp-content\/uploads\/2023\/01\/5bd663617725b-1-5.png"}],"twitter_card":"summary_large_image","twitter_misc":{"Est. reading time":"3 minut\u0117s"},"schema":{"@context":"https:\/\/schema.org","@graph":[{"@type":"WebPage","@id":"https:\/\/hayejineurope.com\/about-us\/","url":"https:\/\/hayejineurope.com\/about-us\/","name":"Apie mus - Kor\u0117jieti\u0161ka kosmetika - Hayejin","isPartOf":{"@id":"https:\/\/hayejineurope.com\/#website"},"datePublished":"2019-07-31T11:49:44+00:00","dateModified":"2023-05-05T08:40:03+00:00","description":"HAYEJIN kuria gamta alsuojan\u010di\u0105 kosmetik\u0105, tik\u0117dama, kad nat\u016bralus gyvybingumas, slypintis joje, suteikia ir apsaug\u0105, ir gro\u017e\u012f per harmonij\u0105 ir pusiausvyr\u0105.","breadcrumb":{"@id":"https:\/\/hayejineurope.com\/about-us\/#breadcrumb"},"inLanguage":"lt-LT","potentialAction":[{"@type":"ReadAction","target":["https:\/\/hayejineurope.com\/about-us\/"]}]},{"@type":"BreadcrumbList","@id":"https:\/\/hayejineurope.com\/about-us\/#breadcrumb","itemListElement":[{"@type":"ListItem","position":1,"name":"Home","item":"https:\/\/hayejineurope.com\/"},{"@type":"ListItem","position":2,"name":"About us"}]},{"@type":"WebSite","@id":"https:\/\/hayejineurope.com\/#website","url":"https:\/\/hayejineurope.com\/","name":"Hayejin europe","description":"Official \u2018HAYEJIN\u2019 representative in Europe","publisher":{"@id":"https:\/\/hayejineurope.com\/#organization"},"potentialAction":[{"@type":"SearchAction","target":{"@type":"EntryPoint","urlTemplate":"https:\/\/hayejineurope.com\/?s={search_term_string}"},"query-input":"required name=search_term_string"}],"inLanguage":"lt-LT"},{"@type":"Organization","@id":"https:\/\/hayejineurope.com\/#organization","name":"Hayejin","url":"https:\/\/hayejineurope.com\/","logo":{"@type":"ImageObject","inLanguage":"lt-LT","@id":"https:\/\/hayejineurope.com\/#\/schema\/logo\/image\/","url":"http:\/\/hayejineurope.com\/wp-content\/uploads\/2019\/07\/1-2.HorizontalLogoSymbol.png","contentUrl":"http:\/\/hayejineurope.com\/wp-content\/uploads\/2019\/07\/1-2.HorizontalLogoSymbol.png","width":1000,"height":250,"caption":"Hayejin"},"image":{"@id":"https:\/\/hayejineurope.com\/#\/schema\/logo\/image\/"}}]}},"_links":{"self":[{"href":"https:\/\/hayejineurope.com\/lt\/wp-json\/wp\/v2\/pages\/442","targetHints":{"allow":["GET"]}}],"collection":[{"href":"https:\/\/hayejineurope.com\/lt\/wp-json\/wp\/v2\/pages"}],"about":[{"href":"https:\/\/hayejineurope.com\/lt\/wp-json\/wp\/v2\/types\/page"}],"author":[{"embeddable":true,"href":"https:\/\/hayejineurope.com\/lt\/wp-json\/wp\/v2\/users\/1"}],"replies":[{"embeddable":true,"href":"https:\/\/hayejineurope.com\/lt\/wp-json\/wp\/v2\/comments?post=442"}],"version-history":[{"count":0,"href":"https:\/\/hayejineurope.com\/lt\/wp-json\/wp\/v2\/pages\/442\/revisions"}],"wp:attachment":[{"href":"https:\/\/hayejineurope.com\/lt\/wp-json\/wp\/v2\/media?parent=442"}],"curies":[{"name":"wp","href":"https:\/\/api.w.org\/{rel}","templated":true}]}}