{"id":516,"date":"2019-07-31T18:41:58","date_gmt":"2019-07-31T18:41:58","guid":{"rendered":"http:\/\/demos.reytheme.com\/paris\/?page_id=516"},"modified":"2024-02-19T16:33:31","modified_gmt":"2024-02-19T13:33:31","slug":"shipping-returns","status":"publish","type":"page","link":"https:\/\/hayejineurope.com\/lt\/shipping-returns\/","title":{"rendered":"Pristatymas"},"content":{"rendered":"<ol class=\"wp-block-list\">\n<li><strong>PRISTATYMAS<br><\/strong>1.1. Kai j\u016bs\u0173 u\u017esakymas bus paruo\u0161tas i\u0161siuntimui, gausite i\u0161siuntimo patvirtinimo el. lai\u0161k\u0105.<br>1.2. Turite nurodyti tiksli\u0105 preki\u0173 pristatymo viet\u0105.<br>1.3. Dauguma m\u016bs\u0173 u\u017esakym\u0173 yra i\u0161siun\u010diami per 1-2 darbo dienas po u\u017esakymo padarymo ir gauto apmok\u0117jimo. Prekes pristato Omniva, Lietuvos Pa\u0161tas, DPD arba kiti pasirinkti tiek\u0117jai, naudojant pa\u0161tomatus\/kurjerio paslaugas.<br>1.4. Lietuvoje, Latvijoje ir Estijoje prek\u0117s yra pristatomos per 1-3 darbo dienas. Siun\u010diant \u012f kitas ES \u0161alis, taip pat \u012f Norvegij\u0105, \u0160veicarij\u0105, pristatymo laikotarpis u\u017etrunka nuo 2 iki 14 darbo dien\u0173. Siun\u010diant \u012f ne-ES \u0161alis pristatymo laikas gali u\u017etrukti iki 25 darbo dien\u0173. J\u016bs\u0173 patogumui numatyt\u0105 pristatymo dat\u0105 matysite, kai pasirinksite pristatymo parinkt\u012f, u\u017esakymo patvirtinimo puslapyje, u\u017esakymo informacijos puslapyje ir u\u017esakymo patvirtinimo el. pa\u0161te.<br>1.5. Nor\u0117dami sekti savo u\u017esakym\u0105, apsilankykite paskyros informacijos srityje arba spustel\u0117kite nurodyt\u0105 sekimo numer\u012f elektroniniame lai\u0161ke.<br>1.6. Nuosavyb\u0117s teis\u0117 \u012f j\u016bs\u0173 u\u017esakyme nurodytus gaminius jums per\u0117ja, kai i\u0161 j\u016bs\u0173 kredito kortel\u0117s nuskai\u010diuojamos l\u0117\u0161os, ir j\u016bs\u0173 produktai yra i\u0161si\u0173sti. \u0160is nuosavyb\u0117s teis\u0117s perdavimas neturi \u012ftakos m\u016bs\u0173 gr\u0105\u017einimo politikai, kuri\u0105 galite rasti \u010dia. Pardav\u0117jas perduoda jums nuostoli\u0173 rizik\u0105, susijusi\u0105 su j\u016bs\u0173 u\u017esakyme nurodytais produktais, kai j\u016bs\u0173 u\u017esakymas pristatomas jums.<br>1.7. Pardav\u0117jas atleid\u017eiamas nuo atsakomyb\u0117s u\u017e preki\u0173 pristatymo s\u0105lyg\u0173 nesilaikym\u0105, jei prek\u0117s nepristatomos pirk\u0117jui arba nepristatomos laiku d\u0117l pirk\u0117jo kalt\u0117s arba d\u0117l nuo pardav\u0117jo nepriklausan\u010di\u0173 aplinkybi\u0173.<br>1.8. Pirk\u0117jas privalo nedelsdamas informuoti pardav\u0117j\u0105 ir pateikti nuotraukas, jei u\u017esakytos prek\u0117s gautos pa\u017eeistoje pakuot\u0117je, arba pirk\u0117jas gavo neu\u017esakytas ar nepilnos komplektacijos prekes arba netinkam\u0105 j\u0173 kiek\u012f.<br>1.9. Jei prek\u0117s gr\u0105\u017einamos pardav\u0117jui d\u0117l neteisingai nurodyto ar netikslaus pristatymo adreso, arba jei prek\u0117s gr\u0105\u017einamos pardav\u0117jui nei\u0161\u0117mus j\u0173 i\u0161 pa\u0161tomat\u0173 per maksimal\u0173 saugojimo termin\u0105, pirk\u0117jas privalo apmok\u0117ti pardav\u0117jui pakartotinio i\u0161siuntimo i\u0161laidas.<\/li>\n<\/ol>\n\n\n\n<p><strong>KONTAKTAI<\/strong><br>Jei kyla problem\u0173 susijusi\u0173 su m\u016bs\u0173 internetin\u0117je parduotuv\u0117je \u012fsigyto gaminio ar paslaugos, kreipkit\u0117s adresu <a href=\"mailto:sales@koreancosmeticlab.com\" target=\"_blank\" rel=\"noreferrer noopener\">sales@koreancosmeticlab.com<\/a><\/p>","protected":false},"excerpt":{"rendered":"<p>CONTACTSIf you have any problems with a product or service purchased from our online shop, please contact us at sales@koreancosmeticlab.com<\/p>","protected":false},"author":1,"featured_media":0,"parent":0,"menu_order":0,"comment_status":"closed","ping_status":"closed","template":"template-compact.php","meta":{"footnotes":""},"class_list":["post-516","page","type-page","status-publish","hentry"],"acf":[],"yoast_head":"<!-- This site is optimized with the Yoast SEO plugin v21.5 - https:\/\/yoast.com\/wordpress\/plugins\/seo\/ -->\n<title>Shipping - Korean Cosmetics - Hayejin<\/title>\n<meta name=\"description\" content=\"HAYEJIN creates nature-infused cosmetics with the belief that natural vitality contained within provides bothprotection and beauty through harmony and balance.\" \/>\n<meta name=\"robots\" content=\"index, follow, max-snippet:-1, max-image-preview:large, max-video-preview:-1\" \/>\n<link rel=\"canonical\" href=\"https:\/\/hayejineurope.com\/lt\/shipping-returns\/\" \/>\n<meta property=\"og:locale\" content=\"lt_LT\" \/>\n<meta property=\"og:type\" content=\"article\" \/>\n<meta property=\"og:title\" content=\"Shipping - Korean Cosmetics - Hayejin\" \/>\n<meta property=\"og:description\" content=\"HAYEJIN creates nature-infused cosmetics with the belief that natural vitality contained within provides bothprotection and beauty through harmony and balance.\" \/>\n<meta property=\"og:url\" content=\"https:\/\/hayejineurope.com\/lt\/shipping-returns\/\" \/>\n<meta property=\"og:site_name\" content=\"Korean Cosmetics - Hayejin\" \/>\n<meta property=\"article:modified_time\" content=\"2024-02-19T13:33:31+00:00\" \/>\n<meta name=\"twitter:card\" content=\"summary_large_image\" \/>\n<meta name=\"twitter:label1\" content=\"Est. reading time\" \/>\n\t<meta name=\"twitter:data1\" content=\"3 minut\u0117s\" \/>\n<script type=\"application\/ld+json\" class=\"yoast-schema-graph\">{\"@context\":\"https:\/\/schema.org\",\"@graph\":[{\"@type\":\"WebPage\",\"@id\":\"https:\/\/hayejineurope.com\/shipping-returns\/\",\"url\":\"https:\/\/hayejineurope.com\/shipping-returns\/\",\"name\":\"Shipping - Korean Cosmetics - Hayejin\",\"isPartOf\":{\"@id\":\"https:\/\/hayejineurope.com\/#website\"},\"datePublished\":\"2019-07-31T18:41:58+00:00\",\"dateModified\":\"2024-02-19T13:33:31+00:00\",\"description\":\"HAYEJIN creates nature-infused cosmetics with the belief that natural vitality contained within provides bothprotection and beauty through harmony and balance.\",\"breadcrumb\":{\"@id\":\"https:\/\/hayejineurope.com\/shipping-returns\/#breadcrumb\"},\"inLanguage\":\"lt-LT\",\"potentialAction\":[{\"@type\":\"ReadAction\",\"target\":[\"https:\/\/hayejineurope.com\/shipping-returns\/\"]}]},{\"@type\":\"BreadcrumbList\",\"@id\":\"https:\/\/hayejineurope.com\/shipping-returns\/#breadcrumb\",\"itemListElement\":[{\"@type\":\"ListItem\",\"position\":1,\"name\":\"Home\",\"item\":\"https:\/\/hayejineurope.com\/\"},{\"@type\":\"ListItem\",\"position\":2,\"name\":\"Shipping\"}]},{\"@type\":\"WebSite\",\"@id\":\"https:\/\/hayejineurope.com\/#website\",\"url\":\"https:\/\/hayejineurope.com\/\",\"name\":\"Hayejin europe\",\"description\":\"Official \u2018HAYEJIN\u2019 representative in Europe\",\"publisher\":{\"@id\":\"https:\/\/hayejineurope.com\/#organization\"},\"potentialAction\":[{\"@type\":\"SearchAction\",\"target\":{\"@type\":\"EntryPoint\",\"urlTemplate\":\"https:\/\/hayejineurope.com\/?s={search_term_string}\"},\"query-input\":\"required name=search_term_string\"}],\"inLanguage\":\"lt-LT\"},{\"@type\":\"Organization\",\"@id\":\"https:\/\/hayejineurope.com\/#organization\",\"name\":\"Hayejin\",\"url\":\"https:\/\/hayejineurope.com\/\",\"logo\":{\"@type\":\"ImageObject\",\"inLanguage\":\"lt-LT\",\"@id\":\"https:\/\/hayejineurope.com\/#\/schema\/logo\/image\/\",\"url\":\"http:\/\/hayejineurope.com\/wp-content\/uploads\/2019\/07\/1-2.HorizontalLogoSymbol.png\",\"contentUrl\":\"http:\/\/hayejineurope.com\/wp-content\/uploads\/2019\/07\/1-2.HorizontalLogoSymbol.png\",\"width\":1000,\"height\":250,\"caption\":\"Hayejin\"},\"image\":{\"@id\":\"https:\/\/hayejineurope.com\/#\/schema\/logo\/image\/\"}}]}<\/script>\n<!-- \/ Yoast SEO plugin. -->","yoast_head_json":{"title":"Shipping - Korean Cosmetics - Hayejin","description":"HAYEJIN kuria gamta alsuojan\u010di\u0105 kosmetik\u0105, tik\u0117dama, kad nat\u016bralus gyvybingumas, slypintis joje, suteikia ir apsaug\u0105, ir gro\u017e\u012f per harmonij\u0105 ir pusiausvyr\u0105.","robots":{"index":"index","follow":"follow","max-snippet":"max-snippet:-1","max-image-preview":"max-image-preview:large","max-video-preview":"max-video-preview:-1"},"canonical":"https:\/\/hayejineurope.com\/lt\/shipping-returns\/","og_locale":"lt_LT","og_type":"article","og_title":"Shipping - Korean Cosmetics - Hayejin","og_description":"HAYEJIN creates nature-infused cosmetics with the belief that natural vitality contained within provides bothprotection and beauty through harmony and balance.","og_url":"https:\/\/hayejineurope.com\/lt\/shipping-returns\/","og_site_name":"Korean Cosmetics - Hayejin","article_modified_time":"2024-02-19T13:33:31+00:00","twitter_card":"summary_large_image","twitter_misc":{"Est. reading time":"3 minut\u0117s"},"schema":{"@context":"https:\/\/schema.org","@graph":[{"@type":"WebPage","@id":"https:\/\/hayejineurope.com\/shipping-returns\/","url":"https:\/\/hayejineurope.com\/shipping-returns\/","name":"Shipping - Korean Cosmetics - Hayejin","isPartOf":{"@id":"https:\/\/hayejineurope.com\/#website"},"datePublished":"2019-07-31T18:41:58+00:00","dateModified":"2024-02-19T13:33:31+00:00","description":"HAYEJIN kuria gamta alsuojan\u010di\u0105 kosmetik\u0105, tik\u0117dama, kad nat\u016bralus gyvybingumas, slypintis joje, suteikia ir apsaug\u0105, ir gro\u017e\u012f per harmonij\u0105 ir pusiausvyr\u0105.","breadcrumb":{"@id":"https:\/\/hayejineurope.com\/shipping-returns\/#breadcrumb"},"inLanguage":"lt-LT","potentialAction":[{"@type":"ReadAction","target":["https:\/\/hayejineurope.com\/shipping-returns\/"]}]},{"@type":"BreadcrumbList","@id":"https:\/\/hayejineurope.com\/shipping-returns\/#breadcrumb","itemListElement":[{"@type":"ListItem","position":1,"name":"Home","item":"https:\/\/hayejineurope.com\/"},{"@type":"ListItem","position":2,"name":"Shipping"}]},{"@type":"WebSite","@id":"https:\/\/hayejineurope.com\/#website","url":"https:\/\/hayejineurope.com\/","name":"Hayejin europe","description":"Official \u2018HAYEJIN\u2019 representative in Europe","publisher":{"@id":"https:\/\/hayejineurope.com\/#organization"},"potentialAction":[{"@type":"SearchAction","target":{"@type":"EntryPoint","urlTemplate":"https:\/\/hayejineurope.com\/?s={search_term_string}"},"query-input":"required name=search_term_string"}],"inLanguage":"lt-LT"},{"@type":"Organization","@id":"https:\/\/hayejineurope.com\/#organization","name":"Hayejin","url":"https:\/\/hayejineurope.com\/","logo":{"@type":"ImageObject","inLanguage":"lt-LT","@id":"https:\/\/hayejineurope.com\/#\/schema\/logo\/image\/","url":"http:\/\/hayejineurope.com\/wp-content\/uploads\/2019\/07\/1-2.HorizontalLogoSymbol.png","contentUrl":"http:\/\/hayejineurope.com\/wp-content\/uploads\/2019\/07\/1-2.HorizontalLogoSymbol.png","width":1000,"height":250,"caption":"Hayejin"},"image":{"@id":"https:\/\/hayejineurope.com\/#\/schema\/logo\/image\/"}}]}},"_links":{"self":[{"href":"https:\/\/hayejineurope.com\/lt\/wp-json\/wp\/v2\/pages\/516","targetHints":{"allow":["GET"]}}],"collection":[{"href":"https:\/\/hayejineurope.com\/lt\/wp-json\/wp\/v2\/pages"}],"about":[{"href":"https:\/\/hayejineurope.com\/lt\/wp-json\/wp\/v2\/types\/page"}],"author":[{"embeddable":true,"href":"https:\/\/hayejineurope.com\/lt\/wp-json\/wp\/v2\/users\/1"}],"replies":[{"embeddable":true,"href":"https:\/\/hayejineurope.com\/lt\/wp-json\/wp\/v2\/comments?post=516"}],"version-history":[{"count":0,"href":"https:\/\/hayejineurope.com\/lt\/wp-json\/wp\/v2\/pages\/516\/revisions"}],"wp:attachment":[{"href":"https:\/\/hayejineurope.com\/lt\/wp-json\/wp\/v2\/media?parent=516"}],"curies":[{"name":"wp","href":"https:\/\/api.w.org\/{rel}","templated":true}]}}