{"id":1407,"date":"2022-12-27T10:43:53","date_gmt":"2022-12-27T10:43:53","guid":{"rendered":"http:\/\/hayejineurope.com\/?post_type=product&#038;p=1407"},"modified":"2026-04-18T19:39:25","modified_gmt":"2026-04-18T16:39:25","slug":"hayejin-blessing-of-sprout-radiance-toner","status":"publish","type":"product","link":"https:\/\/hayejineurope.com\/lt\/product\/hayejin-blessing-of-sprout-skaistinamasis-tonikas\/","title":{"rendered":"HAYEJIN \u201eBlessing of Sprout\u201c skaistinamasis toneris"},"content":{"rendered":"<p><strong>How to Use:<\/strong> After cleansing face, apply a moderate amount on face and neck areas and lightly pat to absorb. For better results, rub toner between palms, warm it up and gently press your hands on your face. Do not need to use cotton pad.<\/p>\n<p data-start=\"49\" data-end=\"77\"><strong data-start=\"49\" data-end=\"77\">Pagrindin\u0117s veikliosios med\u017eiagos:<\/strong><\/p>\n<p data-start=\"79\" data-end=\"304\">Augal\u0173 pumpur\u0173 ekstraktas \u2013 turtingas maistin\u0117mis med\u017eiagomis, tokiomis kaip vitaminai A, C ir E, kurie pasi\u017eymi antioksidaciniu poveikiu ir padeda kovoti su \u017ealingais laisvaisiais radikalais. Be to, augal\u0173 pumpur\u0173 ekstraktas turi \u0161viesinan\u010di\u0173 savybi\u0173 ir padeda raminti sudirgimus.<\/p>\n<p data-start=\"306\" data-end=\"446\">Hialurono r\u016bg\u0161tis \u2013 \u017einoma d\u0117l savo intensyviai dr\u0117kinan\u010di\u0173 savybi\u0173, giliai prasiskverbia \u012f od\u0105, j\u0105 dr\u0117kina ir padeda i\u0161vengti dr\u0117gm\u0117s praradimo.<\/p>\n<p data-start=\"448\" data-end=\"637\">Niacinamidas \u2013 dar vadinamas vitaminu B3, tai sudedamoji dalis, padedanti pagerinti odos tekst\u016br\u0105 ir suvienodinti jos atspalv\u012f. Taip pat saugo od\u0105 nuo \u017ealingo i\u0161orini\u0173 veiksni\u0173 poveikio.<\/p>\n<p data-start=\"639\" data-end=\"789\" data-is-last-node=\"\" data-is-only-node=\"\">Azijin\u0117s centel\u0117s ekstraktas \u2013 dar \u017einomas kaip Centella asiatica, pasi\u017eymi raminan\u010diomis ir od\u0105 regeneruojan\u010diomis savyb\u0117mis. Padeda suma\u017einti paraudim\u0105 ir sudirgim\u0105. <em data-start=\"679\" data-end=\"698\">Centella asiatica<\/em>, it has soothing and skin-regenerating properties. It helps reduce redness and irritation.<\/p>","protected":false},"excerpt":{"rendered":"<div><span lang=\"EN-GB\">\u0160vyt\u0117jimo suteikiantis veido toneris su botanini\u0173 ekstrakt\u0173 kompleksu ir kapsul\u0117mis, kurios nat\u016braliai \u012fsigeria \u012f od\u0105 ir j\u0105 skaistina. Sud\u0117tyje yra nat\u016bralaus botaninio augalo daig\u0173 komplekso, Nelumbo Nucifera gemalo ekstrakto, kurio d\u0117ka maitinama ir atgaivinama pavargusi oda. Toneris giliai dr\u0117kina, ma\u017eina poras, subalansuoja pH ir paruo\u0161ia od\u0105 kit\u0173 produkt\u0173 naudojimui. Inovatyvi priemon\u0117s formul\u0117 su inkapsuliuotais ingredientais greitai ir efektyviai atkuria nat\u016bral\u0173 odos spindes\u012f bei lygina odos tekst\u016br\u0105. Hipoalergin\u0117 formul\u0117 tinkama visiems odos tipams.<\/span><\/div>\n<ul>\n<li>Talpa: 120 ml<\/li>\n<li>Skaistinan\u010dios kapsul\u0117s \/ Daig\u0173 gyvybingumas \/ \u0160velni kasdien\u0117s prie\u017ei\u016bros priemon\u0117<\/li>\n<li>Dermatologi\u0161kai patikrinta<\/li>\n<\/ul>","protected":false},"featured_media":1411,"comment_status":"open","ping_status":"closed","template":"","meta":[],"product_cat":[57],"product_tag":[],"class_list":{"0":"post-1407","1":"product","2":"type-product","3":"status-publish","4":"has-post-thumbnail","5":"hentry","6":"product_cat-toners","swatches":"rey-swatches","show_selected":"rey-swatches--show-selected--name","stretch_labels":"rey-swatches--stretch-labels"},"acf":[],"yoast_head":"<!-- This site is optimized with the Yoast SEO plugin v21.5 - https:\/\/yoast.com\/wordpress\/plugins\/seo\/ -->\n<title>HAYEJIN Blessing of Sprout Radiance Toner - Korean Cosmetics - Hayejin<\/title>\n<meta name=\"robots\" content=\"index, follow, max-snippet:-1, max-image-preview:large, max-video-preview:-1\" \/>\n<link rel=\"canonical\" href=\"https:\/\/hayejineurope.com\/lt\/product\/hayejin-blessing-of-sprout-skaistinamasis-tonikas\/\" \/>\n<meta property=\"og:locale\" content=\"lt_LT\" \/>\n<meta property=\"og:type\" content=\"article\" \/>\n<meta property=\"og:title\" content=\"HAYEJIN Blessing of Sprout Radiance Toner - Korean Cosmetics - Hayejin\" \/>\n<meta property=\"og:description\" content=\"Hypoallergenic refreshing toner with capsules that naturally absorb into skin and impart radiance. Contains natural botanical sprout complex, Nelumbo Nucifera Germ Extract, nourish and improve health of fatigued skin. Contains Betaine, Sodium Hyaluronate, Panthenol and Ection that deeply moisturize and help dull skin regain its glow.   Volume: 120 ml  Radiance capsule \/ Sprout Vitality \/ Mild daily care  Dermatologically tested\" \/>\n<meta property=\"og:url\" content=\"https:\/\/hayejineurope.com\/lt\/product\/hayejin-blessing-of-sprout-skaistinamasis-tonikas\/\" \/>\n<meta property=\"og:site_name\" content=\"Korean Cosmetics - Hayejin\" \/>\n<meta property=\"article:modified_time\" content=\"2026-04-18T16:39:25+00:00\" \/>\n<meta property=\"og:image\" content=\"https:\/\/hayejineurope.com\/wp-content\/uploads\/2022\/12\/BS018G01-683x1024.png\" \/>\n\t<meta property=\"og:image:width\" content=\"683\" \/>\n\t<meta property=\"og:image:height\" content=\"1024\" \/>\n\t<meta property=\"og:image:type\" content=\"image\/png\" \/>\n<meta name=\"twitter:card\" content=\"summary_large_image\" \/>\n<meta name=\"twitter:label1\" content=\"Est. reading time\" \/>\n\t<meta name=\"twitter:data1\" content=\"1 minut\u0117\" \/>\n<script type=\"application\/ld+json\" class=\"yoast-schema-graph\">{\"@context\":\"https:\/\/schema.org\",\"@graph\":[{\"@type\":\"WebPage\",\"@id\":\"https:\/\/hayejineurope.com\/product\/hayejin-blessing-of-sprout-radiance-toner\/\",\"url\":\"https:\/\/hayejineurope.com\/product\/hayejin-blessing-of-sprout-radiance-toner\/\",\"name\":\"HAYEJIN Blessing of Sprout Radiance Toner - Korean Cosmetics - Hayejin\",\"isPartOf\":{\"@id\":\"https:\/\/hayejineurope.com\/#website\"},\"datePublished\":\"2022-12-27T10:43:53+00:00\",\"dateModified\":\"2026-04-18T16:39:25+00:00\",\"breadcrumb\":{\"@id\":\"https:\/\/hayejineurope.com\/product\/hayejin-blessing-of-sprout-radiance-toner\/#breadcrumb\"},\"inLanguage\":\"lt-LT\",\"potentialAction\":[{\"@type\":\"ReadAction\",\"target\":[\"https:\/\/hayejineurope.com\/product\/hayejin-blessing-of-sprout-radiance-toner\/\"]}]},{\"@type\":\"BreadcrumbList\",\"@id\":\"https:\/\/hayejineurope.com\/product\/hayejin-blessing-of-sprout-radiance-toner\/#breadcrumb\",\"itemListElement\":[{\"@type\":\"ListItem\",\"position\":1,\"name\":\"Home\",\"item\":\"https:\/\/hayejineurope.com\/\"},{\"@type\":\"ListItem\",\"position\":2,\"name\":\"Shop\",\"item\":\"https:\/\/hayejineurope.com\/shop\/\"},{\"@type\":\"ListItem\",\"position\":3,\"name\":\"HAYEJIN Blessing of Sprout Radiance Toner\"}]},{\"@type\":\"WebSite\",\"@id\":\"https:\/\/hayejineurope.com\/#website\",\"url\":\"https:\/\/hayejineurope.com\/\",\"name\":\"Hayejin europe\",\"description\":\"Official \u2018HAYEJIN\u2019 representative in Europe\",\"publisher\":{\"@id\":\"https:\/\/hayejineurope.com\/#organization\"},\"potentialAction\":[{\"@type\":\"SearchAction\",\"target\":{\"@type\":\"EntryPoint\",\"urlTemplate\":\"https:\/\/hayejineurope.com\/?s={search_term_string}\"},\"query-input\":\"required name=search_term_string\"}],\"inLanguage\":\"lt-LT\"},{\"@type\":\"Organization\",\"@id\":\"https:\/\/hayejineurope.com\/#organization\",\"name\":\"Hayejin\",\"url\":\"https:\/\/hayejineurope.com\/\",\"logo\":{\"@type\":\"ImageObject\",\"inLanguage\":\"lt-LT\",\"@id\":\"https:\/\/hayejineurope.com\/#\/schema\/logo\/image\/\",\"url\":\"http:\/\/hayejineurope.com\/wp-content\/uploads\/2019\/07\/1-2.HorizontalLogoSymbol.png\",\"contentUrl\":\"http:\/\/hayejineurope.com\/wp-content\/uploads\/2019\/07\/1-2.HorizontalLogoSymbol.png\",\"width\":1000,\"height\":250,\"caption\":\"Hayejin\"},\"image\":{\"@id\":\"https:\/\/hayejineurope.com\/#\/schema\/logo\/image\/\"}}]}<\/script>\n<!-- \/ Yoast SEO plugin. -->","yoast_head_json":{"title":"HAYEJIN \"Blessing of Sprout\" skaistinamasis toneris - Kor\u0117jieti\u0161ka kosmetika - Hayejin","robots":{"index":"index","follow":"follow","max-snippet":"max-snippet:-1","max-image-preview":"max-image-preview:large","max-video-preview":"max-video-preview:-1"},"canonical":"https:\/\/hayejineurope.com\/lt\/product\/hayejin-blessing-of-sprout-skaistinamasis-tonikas\/","og_locale":"lt_LT","og_type":"article","og_title":"HAYEJIN Blessing of Sprout Radiance Toner - Korean Cosmetics - Hayejin","og_description":"Hypoallergenic refreshing toner with capsules that naturally absorb into skin and impart radiance. Contains natural botanical sprout complex, Nelumbo Nucifera Germ Extract, nourish and improve health of fatigued skin. Contains Betaine, Sodium Hyaluronate, Panthenol and Ection that deeply moisturize and help dull skin regain its glow.   Volume: 120 ml  Radiance capsule \/ Sprout Vitality \/ Mild daily care  Dermatologically tested","og_url":"https:\/\/hayejineurope.com\/lt\/product\/hayejin-blessing-of-sprout-skaistinamasis-tonikas\/","og_site_name":"Korean Cosmetics - Hayejin","article_modified_time":"2026-04-18T16:39:25+00:00","og_image":[{"width":683,"height":1024,"url":"https:\/\/hayejineurope.com\/wp-content\/uploads\/2022\/12\/BS018G01-683x1024.png","type":"image\/png"}],"twitter_card":"summary_large_image","twitter_misc":{"Est. reading time":"1 minut\u0117"},"schema":{"@context":"https:\/\/schema.org","@graph":[{"@type":"WebPage","@id":"https:\/\/hayejineurope.com\/product\/hayejin-blessing-of-sprout-radiance-toner\/","url":"https:\/\/hayejineurope.com\/product\/hayejin-blessing-of-sprout-radiance-toner\/","name":"HAYEJIN \"Blessing of Sprout\" skaistinamasis toneris - Kor\u0117jieti\u0161ka kosmetika - Hayejin","isPartOf":{"@id":"https:\/\/hayejineurope.com\/#website"},"datePublished":"2022-12-27T10:43:53+00:00","dateModified":"2026-04-18T16:39:25+00:00","breadcrumb":{"@id":"https:\/\/hayejineurope.com\/product\/hayejin-blessing-of-sprout-radiance-toner\/#breadcrumb"},"inLanguage":"lt-LT","potentialAction":[{"@type":"ReadAction","target":["https:\/\/hayejineurope.com\/product\/hayejin-blessing-of-sprout-radiance-toner\/"]}]},{"@type":"BreadcrumbList","@id":"https:\/\/hayejineurope.com\/product\/hayejin-blessing-of-sprout-radiance-toner\/#breadcrumb","itemListElement":[{"@type":"ListItem","position":1,"name":"Home","item":"https:\/\/hayejineurope.com\/"},{"@type":"ListItem","position":2,"name":"Shop","item":"https:\/\/hayejineurope.com\/shop\/"},{"@type":"ListItem","position":3,"name":"HAYEJIN Blessing of Sprout Radiance Toner"}]},{"@type":"WebSite","@id":"https:\/\/hayejineurope.com\/#website","url":"https:\/\/hayejineurope.com\/","name":"Hayejin europe","description":"Official \u2018HAYEJIN\u2019 representative in Europe","publisher":{"@id":"https:\/\/hayejineurope.com\/#organization"},"potentialAction":[{"@type":"SearchAction","target":{"@type":"EntryPoint","urlTemplate":"https:\/\/hayejineurope.com\/?s={search_term_string}"},"query-input":"required name=search_term_string"}],"inLanguage":"lt-LT"},{"@type":"Organization","@id":"https:\/\/hayejineurope.com\/#organization","name":"Hayejin","url":"https:\/\/hayejineurope.com\/","logo":{"@type":"ImageObject","inLanguage":"lt-LT","@id":"https:\/\/hayejineurope.com\/#\/schema\/logo\/image\/","url":"http:\/\/hayejineurope.com\/wp-content\/uploads\/2019\/07\/1-2.HorizontalLogoSymbol.png","contentUrl":"http:\/\/hayejineurope.com\/wp-content\/uploads\/2019\/07\/1-2.HorizontalLogoSymbol.png","width":1000,"height":250,"caption":"Hayejin"},"image":{"@id":"https:\/\/hayejineurope.com\/#\/schema\/logo\/image\/"}}]}},"_links":{"self":[{"href":"https:\/\/hayejineurope.com\/lt\/wp-json\/wp\/v2\/product\/1407","targetHints":{"allow":["GET"]}}],"collection":[{"href":"https:\/\/hayejineurope.com\/lt\/wp-json\/wp\/v2\/product"}],"about":[{"href":"https:\/\/hayejineurope.com\/lt\/wp-json\/wp\/v2\/types\/product"}],"replies":[{"embeddable":true,"href":"https:\/\/hayejineurope.com\/lt\/wp-json\/wp\/v2\/comments?post=1407"}],"wp:featuredmedia":[{"embeddable":true,"href":"https:\/\/hayejineurope.com\/lt\/wp-json\/wp\/v2\/media\/1411"}],"wp:attachment":[{"href":"https:\/\/hayejineurope.com\/lt\/wp-json\/wp\/v2\/media?parent=1407"}],"wp:term":[{"taxonomy":"product_cat","embeddable":true,"href":"https:\/\/hayejineurope.com\/lt\/wp-json\/wp\/v2\/product_cat?post=1407"},{"taxonomy":"product_tag","embeddable":true,"href":"https:\/\/hayejineurope.com\/lt\/wp-json\/wp\/v2\/product_tag?post=1407"}],"curies":[{"name":"wp","href":"https:\/\/api.w.org\/{rel}","templated":true}]}}