{"id":1413,"date":"2022-12-27T11:27:29","date_gmt":"2022-12-27T11:27:29","guid":{"rendered":"http:\/\/hayejineurope.com\/?post_type=product&#038;p=1413"},"modified":"2026-04-15T13:37:02","modified_gmt":"2026-04-15T10:37:02","slug":"hayejin-blessing-of-sprout-enriched-serum","status":"publish","type":"product","link":"https:\/\/hayejineurope.com\/lt\/product\/hayejin-blessing-of-sprout-serumas\/","title":{"rendered":"HAYEJIN \u201eBlessing of Sprout\u201c serumas"},"content":{"rendered":"<p><strong>How to Use:<\/strong> In the morning and at night, apply an appropriate amount to the pre-cleansed, toner-moisturized face and gently pat into the skin until it is absorbed.<\/p>\n<p data-start=\"34\" data-end=\"62\"><strong data-start=\"34\" data-end=\"62\">Pagrindin\u0117s veikliosios med\u017eiagos:<\/strong><\/p>\n<p data-start=\"64\" data-end=\"310\">\u017dol\u0117s daig\u0173 ekstraktas. \u0160is ekstraktas padeda atgaivinti od\u0105, pagerinti jos elastingum\u0105 ir dr\u0117kinim\u0105. Be to, jis yra turtingas maistin\u0117mis med\u017eiagomis, kurios padeda odai i\u0161laikyti sveik\u0105 i\u0161vaizd\u0105 ir saugo j\u0105 nuo \u017ealing\u0173 aplinkos veiksni\u0173.<\/p>\n<p data-start=\"312\" data-end=\"566\">Goji uog\u0173 ekstraktas. Goji uogos yra \u017einomos d\u0117l savo antioksidacini\u0173 savybi\u0173, kurios padeda kovoti su laisvaisiais radikalais ir l\u0117tina odos sen\u0117jimo procesus. Be to, goji uog\u0173 ekstraktas gali pad\u0117ti palaikyti tolyg\u0173 odos atspalv\u012f ir sustiprinti nat\u016bral\u0173 odos apsaugin\u012f barjer\u0105.<\/p>\n<p data-start=\"568\" data-end=\"726\">Dygmin\u0173 (krokos\u0173) ekstraktas, pasi\u017eymintis stipriomis \u0161viesinan\u010diomis savyb\u0117mis. \u0160is ekstraktas padeda suma\u017einti pigmentines d\u0117mes ir odos spalvos netolygumus, suteikdamas odai tolyg\u0173 \u0161vyt\u0117jim\u0105.<\/p>","protected":false},"excerpt":{"rendered":"<div><span lang=\"EN-GB\">\u0160ilko \u0161velnumo serumas, kurio sud\u0117tyje esan\u010dios koncentruotosios veikliosios med\u017eiagos i\u0161 \u017eiedpumpuri\u0173 ekstrakt\u0173 atgaivina pavargusi\u0105 veido od\u0105, efektyviai apsaugo nuo rauk\u0161li\u0173 susidarymo,  dr\u0117kina ir intensyviai ramina od\u0105. Serumas lygina atspalvio nelygumus bei odos tekst\u016br\u0105, ma\u017eina i\u0161sipl\u0117tusi\u0173 por\u0173 pastebimum\u0105, padeda kovoti su pigmentin\u0117mis d\u0117m\u0117mis bei akn\u0117s paliktais randeliais. Sud\u0117tyje yra hialurono r\u016bg\u0161ties, niacinamido ir adenozino, kurie maitina, regeneruoja ir apsaugo od\u0105 nuo sen\u0117jimo. Greitai \u012fsisavinama gryna rie\u0161utini\u0173 lotos\u0173 gemal\u0173 ekstrakto ir nat\u016brali\u0173 augal\u0173 daig\u0173 energija u\u017etikrina odos tekst\u016bros glotnum\u0105.<\/span><\/div>\n<ul>\n<li>Talpa: 30 ml<\/li>\n<li>\u0160ilko \u0161velnumo tekst\u016bra \/ Apsauga nuo rauk\u0161li\u0173 susidarymo<\/li>\n<li>Dermatologi\u0161kai patikrinta<\/li>\n<\/ul>","protected":false},"featured_media":1414,"comment_status":"open","ping_status":"closed","template":"","meta":[],"product_cat":[55],"product_tag":[],"class_list":{"0":"post-1413","1":"product","2":"type-product","3":"status-publish","4":"has-post-thumbnail","5":"hentry","6":"product_cat-serums","swatches":"rey-swatches","show_selected":"rey-swatches--show-selected--name","stretch_labels":"rey-swatches--stretch-labels"},"acf":[],"yoast_head":"<!-- This site is optimized with the Yoast SEO plugin v21.5 - https:\/\/yoast.com\/wordpress\/plugins\/seo\/ -->\n<title>HAYEJIN Blessing of Sprout Enriched Serum - Korean Cosmetics - Hayejin<\/title>\n<meta name=\"robots\" content=\"index, follow, max-snippet:-1, max-image-preview:large, max-video-preview:-1\" \/>\n<link rel=\"canonical\" href=\"https:\/\/hayejineurope.com\/lt\/product\/hayejin-blessing-of-sprout-serumas\/\" \/>\n<meta property=\"og:locale\" content=\"lt_LT\" \/>\n<meta property=\"og:type\" content=\"article\" \/>\n<meta property=\"og:title\" content=\"HAYEJIN Blessing of Sprout Enriched Serum - Korean Cosmetics - Hayejin\" \/>\n<meta property=\"og:description\" content=\"A silky serum with concentrated active ingredients made from extracts of flower buds invigorates tired facial skin and effectively protects against wrinkles, provides hydrating and powerful soothing care. Contains hyaluronic acid, niacinamide and lotus extract to nourish and regenerate the skin, niacinamide and adenosine provide anti-aging, smoothing skin texture.   Volume: 30 ml  Silky Texture\/ Anti-wrinkle care  Dermatologically tested\" \/>\n<meta property=\"og:url\" content=\"https:\/\/hayejineurope.com\/lt\/product\/hayejin-blessing-of-sprout-serumas\/\" \/>\n<meta property=\"og:site_name\" content=\"Korean Cosmetics - Hayejin\" \/>\n<meta property=\"article:modified_time\" content=\"2026-04-15T10:37:02+00:00\" \/>\n<meta property=\"og:image\" content=\"https:\/\/hayejineurope.com\/wp-content\/uploads\/2022\/12\/BS018G02_2022-new-2-1024x1024.png\" \/>\n\t<meta property=\"og:image:width\" content=\"1024\" \/>\n\t<meta property=\"og:image:height\" content=\"1024\" \/>\n\t<meta property=\"og:image:type\" content=\"image\/png\" \/>\n<meta name=\"twitter:card\" content=\"summary_large_image\" \/>\n<meta name=\"twitter:label1\" content=\"Est. reading time\" \/>\n\t<meta name=\"twitter:data1\" content=\"1 minut\u0117\" \/>\n<script type=\"application\/ld+json\" class=\"yoast-schema-graph\">{\"@context\":\"https:\/\/schema.org\",\"@graph\":[{\"@type\":\"WebPage\",\"@id\":\"https:\/\/hayejineurope.com\/product\/hayejin-blessing-of-sprout-enriched-serum\/\",\"url\":\"https:\/\/hayejineurope.com\/product\/hayejin-blessing-of-sprout-enriched-serum\/\",\"name\":\"HAYEJIN Blessing of Sprout Enriched Serum - Korean Cosmetics - Hayejin\",\"isPartOf\":{\"@id\":\"https:\/\/hayejineurope.com\/#website\"},\"datePublished\":\"2022-12-27T11:27:29+00:00\",\"dateModified\":\"2026-04-15T10:37:02+00:00\",\"breadcrumb\":{\"@id\":\"https:\/\/hayejineurope.com\/product\/hayejin-blessing-of-sprout-enriched-serum\/#breadcrumb\"},\"inLanguage\":\"lt-LT\",\"potentialAction\":[{\"@type\":\"ReadAction\",\"target\":[\"https:\/\/hayejineurope.com\/product\/hayejin-blessing-of-sprout-enriched-serum\/\"]}]},{\"@type\":\"BreadcrumbList\",\"@id\":\"https:\/\/hayejineurope.com\/product\/hayejin-blessing-of-sprout-enriched-serum\/#breadcrumb\",\"itemListElement\":[{\"@type\":\"ListItem\",\"position\":1,\"name\":\"Home\",\"item\":\"https:\/\/hayejineurope.com\/\"},{\"@type\":\"ListItem\",\"position\":2,\"name\":\"Shop\",\"item\":\"https:\/\/hayejineurope.com\/shop\/\"},{\"@type\":\"ListItem\",\"position\":3,\"name\":\"HAYEJIN Blessing of Sprout Enriched Serum\"}]},{\"@type\":\"WebSite\",\"@id\":\"https:\/\/hayejineurope.com\/#website\",\"url\":\"https:\/\/hayejineurope.com\/\",\"name\":\"Hayejin europe\",\"description\":\"Official \u2018HAYEJIN\u2019 representative in Europe\",\"publisher\":{\"@id\":\"https:\/\/hayejineurope.com\/#organization\"},\"potentialAction\":[{\"@type\":\"SearchAction\",\"target\":{\"@type\":\"EntryPoint\",\"urlTemplate\":\"https:\/\/hayejineurope.com\/?s={search_term_string}\"},\"query-input\":\"required name=search_term_string\"}],\"inLanguage\":\"lt-LT\"},{\"@type\":\"Organization\",\"@id\":\"https:\/\/hayejineurope.com\/#organization\",\"name\":\"Hayejin\",\"url\":\"https:\/\/hayejineurope.com\/\",\"logo\":{\"@type\":\"ImageObject\",\"inLanguage\":\"lt-LT\",\"@id\":\"https:\/\/hayejineurope.com\/#\/schema\/logo\/image\/\",\"url\":\"http:\/\/hayejineurope.com\/wp-content\/uploads\/2019\/07\/1-2.HorizontalLogoSymbol.png\",\"contentUrl\":\"http:\/\/hayejineurope.com\/wp-content\/uploads\/2019\/07\/1-2.HorizontalLogoSymbol.png\",\"width\":1000,\"height\":250,\"caption\":\"Hayejin\"},\"image\":{\"@id\":\"https:\/\/hayejineurope.com\/#\/schema\/logo\/image\/\"}}]}<\/script>\n<!-- \/ Yoast SEO plugin. -->","yoast_head_json":{"title":"HAYEJIN \"Blessing of Sprout\" serumas - Kor\u0117jieti\u0161ka kosmetika - Hayejin","robots":{"index":"index","follow":"follow","max-snippet":"max-snippet:-1","max-image-preview":"max-image-preview:large","max-video-preview":"max-video-preview:-1"},"canonical":"https:\/\/hayejineurope.com\/lt\/product\/hayejin-blessing-of-sprout-serumas\/","og_locale":"lt_LT","og_type":"article","og_title":"HAYEJIN Blessing of Sprout Enriched Serum - Korean Cosmetics - Hayejin","og_description":"A silky serum with concentrated active ingredients made from extracts of flower buds invigorates tired facial skin and effectively protects against wrinkles, provides hydrating and powerful soothing care. Contains hyaluronic acid, niacinamide and lotus extract to nourish and regenerate the skin, niacinamide and adenosine provide anti-aging, smoothing skin texture.   Volume: 30 ml  Silky Texture\/ Anti-wrinkle care  Dermatologically tested","og_url":"https:\/\/hayejineurope.com\/lt\/product\/hayejin-blessing-of-sprout-serumas\/","og_site_name":"Korean Cosmetics - Hayejin","article_modified_time":"2026-04-15T10:37:02+00:00","og_image":[{"width":1024,"height":1024,"url":"https:\/\/hayejineurope.com\/wp-content\/uploads\/2022\/12\/BS018G02_2022-new-2-1024x1024.png","type":"image\/png"}],"twitter_card":"summary_large_image","twitter_misc":{"Est. reading time":"1 minut\u0117"},"schema":{"@context":"https:\/\/schema.org","@graph":[{"@type":"WebPage","@id":"https:\/\/hayejineurope.com\/product\/hayejin-blessing-of-sprout-enriched-serum\/","url":"https:\/\/hayejineurope.com\/product\/hayejin-blessing-of-sprout-enriched-serum\/","name":"HAYEJIN \"Blessing of Sprout\" serumas - Kor\u0117jieti\u0161ka kosmetika - Hayejin","isPartOf":{"@id":"https:\/\/hayejineurope.com\/#website"},"datePublished":"2022-12-27T11:27:29+00:00","dateModified":"2026-04-15T10:37:02+00:00","breadcrumb":{"@id":"https:\/\/hayejineurope.com\/product\/hayejin-blessing-of-sprout-enriched-serum\/#breadcrumb"},"inLanguage":"lt-LT","potentialAction":[{"@type":"ReadAction","target":["https:\/\/hayejineurope.com\/product\/hayejin-blessing-of-sprout-enriched-serum\/"]}]},{"@type":"BreadcrumbList","@id":"https:\/\/hayejineurope.com\/product\/hayejin-blessing-of-sprout-enriched-serum\/#breadcrumb","itemListElement":[{"@type":"ListItem","position":1,"name":"Home","item":"https:\/\/hayejineurope.com\/"},{"@type":"ListItem","position":2,"name":"Shop","item":"https:\/\/hayejineurope.com\/shop\/"},{"@type":"ListItem","position":3,"name":"HAYEJIN Blessing of Sprout Enriched Serum"}]},{"@type":"WebSite","@id":"https:\/\/hayejineurope.com\/#website","url":"https:\/\/hayejineurope.com\/","name":"Hayejin europe","description":"Official \u2018HAYEJIN\u2019 representative in Europe","publisher":{"@id":"https:\/\/hayejineurope.com\/#organization"},"potentialAction":[{"@type":"SearchAction","target":{"@type":"EntryPoint","urlTemplate":"https:\/\/hayejineurope.com\/?s={search_term_string}"},"query-input":"required name=search_term_string"}],"inLanguage":"lt-LT"},{"@type":"Organization","@id":"https:\/\/hayejineurope.com\/#organization","name":"Hayejin","url":"https:\/\/hayejineurope.com\/","logo":{"@type":"ImageObject","inLanguage":"lt-LT","@id":"https:\/\/hayejineurope.com\/#\/schema\/logo\/image\/","url":"http:\/\/hayejineurope.com\/wp-content\/uploads\/2019\/07\/1-2.HorizontalLogoSymbol.png","contentUrl":"http:\/\/hayejineurope.com\/wp-content\/uploads\/2019\/07\/1-2.HorizontalLogoSymbol.png","width":1000,"height":250,"caption":"Hayejin"},"image":{"@id":"https:\/\/hayejineurope.com\/#\/schema\/logo\/image\/"}}]}},"_links":{"self":[{"href":"https:\/\/hayejineurope.com\/lt\/wp-json\/wp\/v2\/product\/1413","targetHints":{"allow":["GET"]}}],"collection":[{"href":"https:\/\/hayejineurope.com\/lt\/wp-json\/wp\/v2\/product"}],"about":[{"href":"https:\/\/hayejineurope.com\/lt\/wp-json\/wp\/v2\/types\/product"}],"replies":[{"embeddable":true,"href":"https:\/\/hayejineurope.com\/lt\/wp-json\/wp\/v2\/comments?post=1413"}],"wp:featuredmedia":[{"embeddable":true,"href":"https:\/\/hayejineurope.com\/lt\/wp-json\/wp\/v2\/media\/1414"}],"wp:attachment":[{"href":"https:\/\/hayejineurope.com\/lt\/wp-json\/wp\/v2\/media?parent=1413"}],"wp:term":[{"taxonomy":"product_cat","embeddable":true,"href":"https:\/\/hayejineurope.com\/lt\/wp-json\/wp\/v2\/product_cat?post=1413"},{"taxonomy":"product_tag","embeddable":true,"href":"https:\/\/hayejineurope.com\/lt\/wp-json\/wp\/v2\/product_tag?post=1413"}],"curies":[{"name":"wp","href":"https:\/\/api.w.org\/{rel}","templated":true}]}}