{"id":1436,"date":"2022-12-27T11:55:19","date_gmt":"2022-12-27T11:55:19","guid":{"rendered":"http:\/\/hayejineurope.com\/?post_type=product&#038;p=1436"},"modified":"2026-04-02T13:03:39","modified_gmt":"2026-04-02T10:03:39","slug":"hayejin-blessing-of-sprout-vitality-cream","status":"publish","type":"product","link":"https:\/\/hayejineurope.com\/lt\/product\/hayejin-blessing-of-sprout-gyvybingumo-suteikiantis-veido-kremas\/","title":{"rendered":"HAYEJIN \u201eBlessing of Sprout\u201c gyvybingumo suteikiantis veido kremas"},"content":{"rendered":"<p><strong>Naudojimas:<\/strong> After using the serum, apply an appropriate amount to the entire face up to the neck, then massage it in with soft movements until it is absorbed.<\/p>\n<p data-start=\"34\" data-end=\"62\"><strong data-start=\"34\" data-end=\"62\">Pagrindin\u0117s veikliosios med\u017eiagos:<\/strong><\/p>\n<p data-start=\"64\" data-end=\"345\">Sraigi\u0173 gleivi\u0173 ekstraktas \u2013 \u0161i sudedamoji dalis yra turtinga kolagenu, elastinu, vitaminais ir mineralais, kurie padeda sustiprinti odos strukt\u016br\u0105 ir pagerinti jos elastingum\u0105. Be to, sraigi\u0173 gleivi\u0173 ekstraktas pasi\u017eymi regeneruojan\u010diomis savyb\u0117mis, padeda atkurti odos pa\u017eeidimus ir pagreitina gijimo procesus.<\/p>\n<p data-start=\"347\" data-end=\"645\">\u017daliosios arbatos ekstraktas \u2013 \u017einoma d\u0117l savo antioksidacini\u0173 ir prie\u0161u\u017edegimini\u0173 savybi\u0173, \u017ealioji arbata padeda kovoti su laisvaisiais radikalais, saugodama od\u0105 nuo neigiamo aplinkos poveikio. Taip pat \u017ealiosios arbatos ekstraktas ramina u\u017edegimus, ma\u017eina paraudimus ir stiprina nat\u016bral\u0173 odos apsaugin\u012f barjer\u0105.<\/p>\n<p data-start=\"647\" data-end=\"909\" data-is-last-node=\"\" data-is-only-node=\"\">Soj\u0173 s\u0117kl\u0173 ekstraktas \u2013 soj\u0173 s\u0117klos, turtingos fitoestrogenais, vitaminu E ir linolo r\u016bg\u0161timi, padeda dr\u0117kinti od\u0105 ir apsaugo nuo dr\u0117gm\u0117s praradimo. Be to, soj\u0173 s\u0117kl\u0173 ekstraktas skatina kolageno gamyb\u0105, pad\u0117damas i\u0161laikyti odos stangrum\u0105 ir elastingum\u0105.<\/p>","protected":false},"excerpt":{"rendered":"<div><span lang=\"EN-US\"><br \/>\nStangrinamojo kremo sud\u0117tyje sukoncentruota \u017eied\u0173 pumpur\u0173 galia padeda u\u017etikrinti nuolatin\u0119 odos apsaug\u0105. D\u0117l savo unikalios sud\u0117ties, kremas padeda atkurti pa\u017eeist\u0105 odos barjer\u0105 ir saugo j\u0105 nuo neigiam\u0173 i\u0161orini\u0173 aplinkos veiksni\u0173. Kremas intensyviai dr\u0117kina, skaistina (arbutinas), ma\u017eina rauk\u0161les ir atkuria odos elastingum\u0105, greitai \u012fsigeria, nepalieka ant odos lipnumo po\u017eymi\u0173. Lengvos ir \u0161velnios tekst\u016bros. <\/span><\/div>\n<ul>\n<li>Talpa: 50 ml<\/li>\n<li>Pudingo konsistencijos kremas \/ Intensyvus dr\u0117kinimas \/ Nat\u016bralus odos apsauginis barjeras<\/li>\n<li>Dermatologi\u0161kai patikrinta<\/li>\n<\/ul>","protected":false},"featured_media":1424,"comment_status":"open","ping_status":"closed","template":"","meta":[],"product_cat":[56],"product_tag":[],"class_list":{"0":"post-1436","1":"product","2":"type-product","3":"status-publish","4":"has-post-thumbnail","5":"hentry","6":"product_cat-creams","swatches":"rey-swatches","show_selected":"rey-swatches--show-selected--name","stretch_labels":"rey-swatches--stretch-labels"},"acf":[],"yoast_head":"<!-- This site is optimized with the Yoast SEO plugin v21.5 - https:\/\/yoast.com\/wordpress\/plugins\/seo\/ -->\n<title>HAYEJIN Blessing of Sprout Vitality Cream - Korean Cosmetics - Hayejin<\/title>\n<meta name=\"robots\" content=\"index, follow, max-snippet:-1, max-image-preview:large, max-video-preview:-1\" \/>\n<link rel=\"canonical\" href=\"https:\/\/hayejineurope.com\/lt\/product\/hayejin-blessing-of-sprout-gyvybingumo-suteikiantis-veido-kremas\/\" \/>\n<meta property=\"og:locale\" content=\"lt_LT\" \/>\n<meta property=\"og:type\" content=\"article\" \/>\n<meta property=\"og:title\" content=\"HAYEJIN Blessing of Sprout Vitality Cream - Korean Cosmetics - Hayejin\" \/>\n<meta property=\"og:description\" content=\"The cream contains concentrated power of flower buds, which persistently protect the skin while making it resistant and radiant. The cream is intense moisturizing, brightening, wrinkle-improving and restoring skin resilience, has quickly absorbing elastic texture like a pudding.    Volume: 50 ml  Pudding Cream \/ Intense Moisture \/ Natural skin protective barrier  Dermatologically tested\" \/>\n<meta property=\"og:url\" content=\"https:\/\/hayejineurope.com\/lt\/product\/hayejin-blessing-of-sprout-gyvybingumo-suteikiantis-veido-kremas\/\" \/>\n<meta property=\"og:site_name\" content=\"Korean Cosmetics - Hayejin\" \/>\n<meta property=\"article:modified_time\" content=\"2026-04-02T10:03:39+00:00\" \/>\n<meta property=\"og:image\" content=\"https:\/\/hayejineurope.com\/wp-content\/uploads\/2022\/12\/BS018G03-1024x740.png\" \/>\n\t<meta property=\"og:image:width\" content=\"1024\" \/>\n\t<meta property=\"og:image:height\" content=\"740\" \/>\n\t<meta property=\"og:image:type\" content=\"image\/png\" \/>\n<meta name=\"twitter:card\" content=\"summary_large_image\" \/>\n<meta name=\"twitter:label1\" content=\"Est. reading time\" \/>\n\t<meta name=\"twitter:data1\" content=\"1 minut\u0117\" \/>\n<script type=\"application\/ld+json\" class=\"yoast-schema-graph\">{\"@context\":\"https:\/\/schema.org\",\"@graph\":[{\"@type\":\"WebPage\",\"@id\":\"https:\/\/hayejineurope.com\/product\/hayejin-blessing-of-sprout-vitality-cream\/\",\"url\":\"https:\/\/hayejineurope.com\/product\/hayejin-blessing-of-sprout-vitality-cream\/\",\"name\":\"HAYEJIN Blessing of Sprout Vitality Cream - Korean Cosmetics - Hayejin\",\"isPartOf\":{\"@id\":\"https:\/\/hayejineurope.com\/#website\"},\"datePublished\":\"2022-12-27T11:55:19+00:00\",\"dateModified\":\"2026-04-02T10:03:39+00:00\",\"breadcrumb\":{\"@id\":\"https:\/\/hayejineurope.com\/product\/hayejin-blessing-of-sprout-vitality-cream\/#breadcrumb\"},\"inLanguage\":\"lt-LT\",\"potentialAction\":[{\"@type\":\"ReadAction\",\"target\":[\"https:\/\/hayejineurope.com\/product\/hayejin-blessing-of-sprout-vitality-cream\/\"]}]},{\"@type\":\"BreadcrumbList\",\"@id\":\"https:\/\/hayejineurope.com\/product\/hayejin-blessing-of-sprout-vitality-cream\/#breadcrumb\",\"itemListElement\":[{\"@type\":\"ListItem\",\"position\":1,\"name\":\"Home\",\"item\":\"https:\/\/hayejineurope.com\/\"},{\"@type\":\"ListItem\",\"position\":2,\"name\":\"Shop\",\"item\":\"https:\/\/hayejineurope.com\/shop\/\"},{\"@type\":\"ListItem\",\"position\":3,\"name\":\"HAYEJIN Blessing of Sprout Vitality Cream\"}]},{\"@type\":\"WebSite\",\"@id\":\"https:\/\/hayejineurope.com\/#website\",\"url\":\"https:\/\/hayejineurope.com\/\",\"name\":\"Hayejin europe\",\"description\":\"Official \u2018HAYEJIN\u2019 representative in Europe\",\"publisher\":{\"@id\":\"https:\/\/hayejineurope.com\/#organization\"},\"potentialAction\":[{\"@type\":\"SearchAction\",\"target\":{\"@type\":\"EntryPoint\",\"urlTemplate\":\"https:\/\/hayejineurope.com\/?s={search_term_string}\"},\"query-input\":\"required name=search_term_string\"}],\"inLanguage\":\"lt-LT\"},{\"@type\":\"Organization\",\"@id\":\"https:\/\/hayejineurope.com\/#organization\",\"name\":\"Hayejin\",\"url\":\"https:\/\/hayejineurope.com\/\",\"logo\":{\"@type\":\"ImageObject\",\"inLanguage\":\"lt-LT\",\"@id\":\"https:\/\/hayejineurope.com\/#\/schema\/logo\/image\/\",\"url\":\"http:\/\/hayejineurope.com\/wp-content\/uploads\/2019\/07\/1-2.HorizontalLogoSymbol.png\",\"contentUrl\":\"http:\/\/hayejineurope.com\/wp-content\/uploads\/2019\/07\/1-2.HorizontalLogoSymbol.png\",\"width\":1000,\"height\":250,\"caption\":\"Hayejin\"},\"image\":{\"@id\":\"https:\/\/hayejineurope.com\/#\/schema\/logo\/image\/\"}}]}<\/script>\n<!-- \/ Yoast SEO plugin. -->","yoast_head_json":{"title":"HAYEJIN \"Blessing of Sprout\" gyvybingumo suteikiantis veido kremas","robots":{"index":"index","follow":"follow","max-snippet":"max-snippet:-1","max-image-preview":"max-image-preview:large","max-video-preview":"max-video-preview:-1"},"canonical":"https:\/\/hayejineurope.com\/lt\/product\/hayejin-blessing-of-sprout-gyvybingumo-suteikiantis-veido-kremas\/","og_locale":"lt_LT","og_type":"article","og_title":"HAYEJIN Blessing of Sprout Vitality Cream - Korean Cosmetics - Hayejin","og_description":"The cream contains concentrated power of flower buds, which persistently protect the skin while making it resistant and radiant. The cream is intense moisturizing, brightening, wrinkle-improving and restoring skin resilience, has quickly absorbing elastic texture like a pudding.    Volume: 50 ml  Pudding Cream \/ Intense Moisture \/ Natural skin protective barrier  Dermatologically tested","og_url":"https:\/\/hayejineurope.com\/lt\/product\/hayejin-blessing-of-sprout-gyvybingumo-suteikiantis-veido-kremas\/","og_site_name":"Korean Cosmetics - Hayejin","article_modified_time":"2026-04-02T10:03:39+00:00","og_image":[{"width":1024,"height":740,"url":"https:\/\/hayejineurope.com\/wp-content\/uploads\/2022\/12\/BS018G03-1024x740.png","type":"image\/png"}],"twitter_card":"summary_large_image","twitter_misc":{"Est. reading time":"1 minut\u0117"},"schema":{"@context":"https:\/\/schema.org","@graph":[{"@type":"WebPage","@id":"https:\/\/hayejineurope.com\/product\/hayejin-blessing-of-sprout-vitality-cream\/","url":"https:\/\/hayejineurope.com\/product\/hayejin-blessing-of-sprout-vitality-cream\/","name":"HAYEJIN \"Blessing of Sprout\" gyvybingumo suteikiantis veido kremas","isPartOf":{"@id":"https:\/\/hayejineurope.com\/#website"},"datePublished":"2022-12-27T11:55:19+00:00","dateModified":"2026-04-02T10:03:39+00:00","breadcrumb":{"@id":"https:\/\/hayejineurope.com\/product\/hayejin-blessing-of-sprout-vitality-cream\/#breadcrumb"},"inLanguage":"lt-LT","potentialAction":[{"@type":"ReadAction","target":["https:\/\/hayejineurope.com\/product\/hayejin-blessing-of-sprout-vitality-cream\/"]}]},{"@type":"BreadcrumbList","@id":"https:\/\/hayejineurope.com\/product\/hayejin-blessing-of-sprout-vitality-cream\/#breadcrumb","itemListElement":[{"@type":"ListItem","position":1,"name":"Home","item":"https:\/\/hayejineurope.com\/"},{"@type":"ListItem","position":2,"name":"Shop","item":"https:\/\/hayejineurope.com\/shop\/"},{"@type":"ListItem","position":3,"name":"HAYEJIN Blessing of Sprout Vitality Cream"}]},{"@type":"WebSite","@id":"https:\/\/hayejineurope.com\/#website","url":"https:\/\/hayejineurope.com\/","name":"Hayejin europe","description":"Official \u2018HAYEJIN\u2019 representative in Europe","publisher":{"@id":"https:\/\/hayejineurope.com\/#organization"},"potentialAction":[{"@type":"SearchAction","target":{"@type":"EntryPoint","urlTemplate":"https:\/\/hayejineurope.com\/?s={search_term_string}"},"query-input":"required name=search_term_string"}],"inLanguage":"lt-LT"},{"@type":"Organization","@id":"https:\/\/hayejineurope.com\/#organization","name":"Hayejin","url":"https:\/\/hayejineurope.com\/","logo":{"@type":"ImageObject","inLanguage":"lt-LT","@id":"https:\/\/hayejineurope.com\/#\/schema\/logo\/image\/","url":"http:\/\/hayejineurope.com\/wp-content\/uploads\/2019\/07\/1-2.HorizontalLogoSymbol.png","contentUrl":"http:\/\/hayejineurope.com\/wp-content\/uploads\/2019\/07\/1-2.HorizontalLogoSymbol.png","width":1000,"height":250,"caption":"Hayejin"},"image":{"@id":"https:\/\/hayejineurope.com\/#\/schema\/logo\/image\/"}}]}},"_links":{"self":[{"href":"https:\/\/hayejineurope.com\/lt\/wp-json\/wp\/v2\/product\/1436","targetHints":{"allow":["GET"]}}],"collection":[{"href":"https:\/\/hayejineurope.com\/lt\/wp-json\/wp\/v2\/product"}],"about":[{"href":"https:\/\/hayejineurope.com\/lt\/wp-json\/wp\/v2\/types\/product"}],"replies":[{"embeddable":true,"href":"https:\/\/hayejineurope.com\/lt\/wp-json\/wp\/v2\/comments?post=1436"}],"wp:featuredmedia":[{"embeddable":true,"href":"https:\/\/hayejineurope.com\/lt\/wp-json\/wp\/v2\/media\/1424"}],"wp:attachment":[{"href":"https:\/\/hayejineurope.com\/lt\/wp-json\/wp\/v2\/media?parent=1436"}],"wp:term":[{"taxonomy":"product_cat","embeddable":true,"href":"https:\/\/hayejineurope.com\/lt\/wp-json\/wp\/v2\/product_cat?post=1436"},{"taxonomy":"product_tag","embeddable":true,"href":"https:\/\/hayejineurope.com\/lt\/wp-json\/wp\/v2\/product_tag?post=1436"}],"curies":[{"name":"wp","href":"https:\/\/api.w.org\/{rel}","templated":true}]}}