{"id":1444,"date":"2022-12-27T13:05:27","date_gmt":"2022-12-27T13:05:27","guid":{"rendered":"http:\/\/hayejineurope.com\/?post_type=product&#038;p=1444"},"modified":"2026-03-05T21:49:42","modified_gmt":"2026-03-05T18:49:42","slug":"hayejin-blessing-of-sprout-calming-cleanser","status":"publish","type":"product","link":"https:\/\/hayejineurope.com\/lt\/product\/hayejin-blessing-of-sprout-raminamasis-gelinis-veido-prausiklis\/","title":{"rendered":"HAYEJIN \u201eBlessing of Sprout\u201c raminamasis gelinis veido prausiklis"},"content":{"rendered":"<p>Naudojimas: U\u017etepkite nedidel\u012f gelio kiek\u012f ant sudr\u0117kintos veido odos, \u0161velniai \u012ftrinkite, kad priemon\u0117 suputot\u0173. Putomis \u0161velniai masa\u017euokite od\u0105, tada nuplaukite drungnu vandeniu.<\/p>","protected":false},"excerpt":{"rendered":"<div><span lang=\"EN-GB\">Hayejin raminamasis valomasis gelis \u2013 tai veiksminga, ta\u010diau \u0161velni kosmetikos priemon\u0117. Produkto sud\u0117tyje esan\u010dios sudedamosios dalys gavo auk\u0161\u010diausi\u0105 saugumo \u012fvertinim\u0105, suteikiam\u0105 \u201eEnvironmental Working Group\u201c. \u0160veln\u016bs prausikliai efektyviai pa\u0161alina nuo veido ne\u0161varumus ir perteklin\u012f sebum\u0105. Moring\u0173 aliejus pritraukia smulkias ne\u0161varum\u0173 daleles, tod\u0117l priemon\u0117 dar geriau valo od\u0105.\n\u0160is kor\u0117jieti\u0161kas veido prausimosi gelis suteikia odai dr\u0117gm\u0117s, u\u017etikrindamas visapusi\u0161k\u0105 prie\u017ei\u016br\u0105 jau nuo pirmojo odos prie\u017ei\u016bros \u017eingsnio. Produkto sud\u0117tyje gausu ekstrakt\u0173, pasi\u017eymin\u010di\u0173 prie\u0161u\u017edegimin\u0117mis ir antibakterin\u0117mis savyb\u0117mis, tod\u0117l oda apsaugoma nuo b\u0117rim\u0173 atsiradimo. Priemon\u0117 taip pat turtinga antioksidacinio poveikio ingredientais.\nHipoalerginis, tinkamas jautriai odai. <\/span><\/div>\n<ul>\n<li>Talpa: 170 ml<\/li>\n<li>Hipoalerginis &amp; Naturalus \/ Dr\u0117kina \/ Giliai valo poras<\/li>\n<li>Dermatologi\u0161kai patikrinta<\/li>\n<\/ul>","protected":false},"featured_media":1425,"comment_status":"open","ping_status":"closed","template":"","meta":[],"product_cat":[54],"product_tag":[],"class_list":{"0":"post-1444","1":"product","2":"type-product","3":"status-publish","4":"has-post-thumbnail","5":"hentry","6":"product_cat-cleansers","swatches":"rey-swatches","show_selected":"rey-swatches--show-selected--name","stretch_labels":"rey-swatches--stretch-labels"},"acf":[],"yoast_head":"<!-- This site is optimized with the Yoast SEO plugin v21.5 - https:\/\/yoast.com\/wordpress\/plugins\/seo\/ -->\n<title>HAYEJIN Blessing of Sprout Calming Cleanser - Korean Cosmetics - Hayejin<\/title>\n<meta name=\"robots\" content=\"index, follow, max-snippet:-1, max-image-preview:large, max-video-preview:-1\" \/>\n<link rel=\"canonical\" href=\"https:\/\/hayejineurope.com\/lt\/product\/hayejin-blessing-of-sprout-raminamasis-gelinis-veido-prausiklis\/\" \/>\n<meta property=\"og:locale\" content=\"lt_LT\" \/>\n<meta property=\"og:type\" content=\"article\" \/>\n<meta property=\"og:title\" content=\"HAYEJIN Blessing of Sprout Calming Cleanser - Korean Cosmetics - Hayejin\" \/>\n<meta property=\"og:description\" content=\"Hayejin Soothing Cleansing Gel is an effective yet gentle cosmetic product. The ingredients contained in the formula have received the highest safety rating awarded by the Environmental Working Group. Mild cleansing agents effectively remove impurities and excess sebum from the face. Moringa oil attracts fine impurities, allowing the product to cleanse the skin even more thoroughly. This Korean facial cleansing gel provides the skin with hydration, ensuring comprehensive care from the very first step of the skincare routine. The formula contains numerous extracts with anti-inflammatory and antibacterial properties, helping to protect the skin from breakouts. The product is also rich in ingredients with antioxidant effects. Hayejin Soothing Cleansing Gel is suitable for all skin types. Hypoallergenic, suitable for sensitive skin.    Volume: 170 ml  Hypoallergenic &amp; Natural \/ Keeping moisture \/ Deep cleansing of pores  Dermatologically tested\" \/>\n<meta property=\"og:url\" content=\"https:\/\/hayejineurope.com\/lt\/product\/hayejin-blessing-of-sprout-raminamasis-gelinis-veido-prausiklis\/\" \/>\n<meta property=\"og:site_name\" content=\"Korean Cosmetics - Hayejin\" \/>\n<meta property=\"article:modified_time\" content=\"2026-03-05T18:49:42+00:00\" \/>\n<meta property=\"og:image\" content=\"https:\/\/hayejineurope.com\/wp-content\/uploads\/2022\/12\/BS020G04-new-2022-scaled.jpg\" \/>\n\t<meta property=\"og:image:width\" content=\"1920\" \/>\n\t<meta property=\"og:image:height\" content=\"1920\" \/>\n\t<meta property=\"og:image:type\" content=\"image\/jpeg\" \/>\n<meta name=\"twitter:card\" content=\"summary_large_image\" \/>\n<meta name=\"twitter:label1\" content=\"Est. reading time\" \/>\n\t<meta name=\"twitter:data1\" content=\"1 minut\u0117\" \/>\n<script type=\"application\/ld+json\" class=\"yoast-schema-graph\">{\"@context\":\"https:\/\/schema.org\",\"@graph\":[{\"@type\":\"WebPage\",\"@id\":\"https:\/\/hayejineurope.com\/product\/hayejin-blessing-of-sprout-calming-cleanser\/\",\"url\":\"https:\/\/hayejineurope.com\/product\/hayejin-blessing-of-sprout-calming-cleanser\/\",\"name\":\"HAYEJIN Blessing of Sprout Calming Cleanser - Korean Cosmetics - Hayejin\",\"isPartOf\":{\"@id\":\"https:\/\/hayejineurope.com\/#website\"},\"datePublished\":\"2022-12-27T13:05:27+00:00\",\"dateModified\":\"2026-03-05T18:49:42+00:00\",\"breadcrumb\":{\"@id\":\"https:\/\/hayejineurope.com\/product\/hayejin-blessing-of-sprout-calming-cleanser\/#breadcrumb\"},\"inLanguage\":\"lt-LT\",\"potentialAction\":[{\"@type\":\"ReadAction\",\"target\":[\"https:\/\/hayejineurope.com\/product\/hayejin-blessing-of-sprout-calming-cleanser\/\"]}]},{\"@type\":\"BreadcrumbList\",\"@id\":\"https:\/\/hayejineurope.com\/product\/hayejin-blessing-of-sprout-calming-cleanser\/#breadcrumb\",\"itemListElement\":[{\"@type\":\"ListItem\",\"position\":1,\"name\":\"Home\",\"item\":\"https:\/\/hayejineurope.com\/\"},{\"@type\":\"ListItem\",\"position\":2,\"name\":\"Shop\",\"item\":\"https:\/\/hayejineurope.com\/shop\/\"},{\"@type\":\"ListItem\",\"position\":3,\"name\":\"HAYEJIN Blessing of Sprout Calming Cleanser\"}]},{\"@type\":\"WebSite\",\"@id\":\"https:\/\/hayejineurope.com\/#website\",\"url\":\"https:\/\/hayejineurope.com\/\",\"name\":\"Hayejin europe\",\"description\":\"Official \u2018HAYEJIN\u2019 representative in Europe\",\"publisher\":{\"@id\":\"https:\/\/hayejineurope.com\/#organization\"},\"potentialAction\":[{\"@type\":\"SearchAction\",\"target\":{\"@type\":\"EntryPoint\",\"urlTemplate\":\"https:\/\/hayejineurope.com\/?s={search_term_string}\"},\"query-input\":\"required name=search_term_string\"}],\"inLanguage\":\"lt-LT\"},{\"@type\":\"Organization\",\"@id\":\"https:\/\/hayejineurope.com\/#organization\",\"name\":\"Hayejin\",\"url\":\"https:\/\/hayejineurope.com\/\",\"logo\":{\"@type\":\"ImageObject\",\"inLanguage\":\"lt-LT\",\"@id\":\"https:\/\/hayejineurope.com\/#\/schema\/logo\/image\/\",\"url\":\"http:\/\/hayejineurope.com\/wp-content\/uploads\/2019\/07\/1-2.HorizontalLogoSymbol.png\",\"contentUrl\":\"http:\/\/hayejineurope.com\/wp-content\/uploads\/2019\/07\/1-2.HorizontalLogoSymbol.png\",\"width\":1000,\"height\":250,\"caption\":\"Hayejin\"},\"image\":{\"@id\":\"https:\/\/hayejineurope.com\/#\/schema\/logo\/image\/\"}}]}<\/script>\n<!-- \/ Yoast SEO plugin. -->","yoast_head_json":{"title":"HAYEJIN \"Blessing of Sprout\" raminamasis gelinis veido prausiklis - Kor\u0117jieti\u0161ka kosmetika - Hayejin","robots":{"index":"index","follow":"follow","max-snippet":"max-snippet:-1","max-image-preview":"max-image-preview:large","max-video-preview":"max-video-preview:-1"},"canonical":"https:\/\/hayejineurope.com\/lt\/product\/hayejin-blessing-of-sprout-raminamasis-gelinis-veido-prausiklis\/","og_locale":"lt_LT","og_type":"article","og_title":"HAYEJIN Blessing of Sprout Calming Cleanser - Korean Cosmetics - Hayejin","og_description":"Hayejin Soothing Cleansing Gel is an effective yet gentle cosmetic product. The ingredients contained in the formula have received the highest safety rating awarded by the Environmental Working Group. Mild cleansing agents effectively remove impurities and excess sebum from the face. Moringa oil attracts fine impurities, allowing the product to cleanse the skin even more thoroughly. This Korean facial cleansing gel provides the skin with hydration, ensuring comprehensive care from the very first step of the skincare routine. The formula contains numerous extracts with anti-inflammatory and antibacterial properties, helping to protect the skin from breakouts. The product is also rich in ingredients with antioxidant effects. Hayejin Soothing Cleansing Gel is suitable for all skin types. Hypoallergenic, suitable for sensitive skin.    Volume: 170 ml  Hypoallergenic &amp; Natural \/ Keeping moisture \/ Deep cleansing of pores  Dermatologically tested","og_url":"https:\/\/hayejineurope.com\/lt\/product\/hayejin-blessing-of-sprout-raminamasis-gelinis-veido-prausiklis\/","og_site_name":"Korean Cosmetics - Hayejin","article_modified_time":"2026-03-05T18:49:42+00:00","og_image":[{"width":1920,"height":1920,"url":"https:\/\/hayejineurope.com\/wp-content\/uploads\/2022\/12\/BS020G04-new-2022-scaled.jpg","type":"image\/jpeg"}],"twitter_card":"summary_large_image","twitter_misc":{"Est. reading time":"1 minut\u0117"},"schema":{"@context":"https:\/\/schema.org","@graph":[{"@type":"WebPage","@id":"https:\/\/hayejineurope.com\/product\/hayejin-blessing-of-sprout-calming-cleanser\/","url":"https:\/\/hayejineurope.com\/product\/hayejin-blessing-of-sprout-calming-cleanser\/","name":"HAYEJIN \"Blessing of Sprout\" raminamasis gelinis veido prausiklis - Kor\u0117jieti\u0161ka kosmetika - Hayejin","isPartOf":{"@id":"https:\/\/hayejineurope.com\/#website"},"datePublished":"2022-12-27T13:05:27+00:00","dateModified":"2026-03-05T18:49:42+00:00","breadcrumb":{"@id":"https:\/\/hayejineurope.com\/product\/hayejin-blessing-of-sprout-calming-cleanser\/#breadcrumb"},"inLanguage":"lt-LT","potentialAction":[{"@type":"ReadAction","target":["https:\/\/hayejineurope.com\/product\/hayejin-blessing-of-sprout-calming-cleanser\/"]}]},{"@type":"BreadcrumbList","@id":"https:\/\/hayejineurope.com\/product\/hayejin-blessing-of-sprout-calming-cleanser\/#breadcrumb","itemListElement":[{"@type":"ListItem","position":1,"name":"Home","item":"https:\/\/hayejineurope.com\/"},{"@type":"ListItem","position":2,"name":"Shop","item":"https:\/\/hayejineurope.com\/shop\/"},{"@type":"ListItem","position":3,"name":"HAYEJIN Blessing of Sprout Calming Cleanser"}]},{"@type":"WebSite","@id":"https:\/\/hayejineurope.com\/#website","url":"https:\/\/hayejineurope.com\/","name":"Hayejin europe","description":"Official \u2018HAYEJIN\u2019 representative in Europe","publisher":{"@id":"https:\/\/hayejineurope.com\/#organization"},"potentialAction":[{"@type":"SearchAction","target":{"@type":"EntryPoint","urlTemplate":"https:\/\/hayejineurope.com\/?s={search_term_string}"},"query-input":"required name=search_term_string"}],"inLanguage":"lt-LT"},{"@type":"Organization","@id":"https:\/\/hayejineurope.com\/#organization","name":"Hayejin","url":"https:\/\/hayejineurope.com\/","logo":{"@type":"ImageObject","inLanguage":"lt-LT","@id":"https:\/\/hayejineurope.com\/#\/schema\/logo\/image\/","url":"http:\/\/hayejineurope.com\/wp-content\/uploads\/2019\/07\/1-2.HorizontalLogoSymbol.png","contentUrl":"http:\/\/hayejineurope.com\/wp-content\/uploads\/2019\/07\/1-2.HorizontalLogoSymbol.png","width":1000,"height":250,"caption":"Hayejin"},"image":{"@id":"https:\/\/hayejineurope.com\/#\/schema\/logo\/image\/"}}]}},"_links":{"self":[{"href":"https:\/\/hayejineurope.com\/lt\/wp-json\/wp\/v2\/product\/1444","targetHints":{"allow":["GET"]}}],"collection":[{"href":"https:\/\/hayejineurope.com\/lt\/wp-json\/wp\/v2\/product"}],"about":[{"href":"https:\/\/hayejineurope.com\/lt\/wp-json\/wp\/v2\/types\/product"}],"replies":[{"embeddable":true,"href":"https:\/\/hayejineurope.com\/lt\/wp-json\/wp\/v2\/comments?post=1444"}],"wp:featuredmedia":[{"embeddable":true,"href":"https:\/\/hayejineurope.com\/lt\/wp-json\/wp\/v2\/media\/1425"}],"wp:attachment":[{"href":"https:\/\/hayejineurope.com\/lt\/wp-json\/wp\/v2\/media?parent=1444"}],"wp:term":[{"taxonomy":"product_cat","embeddable":true,"href":"https:\/\/hayejineurope.com\/lt\/wp-json\/wp\/v2\/product_cat?post=1444"},{"taxonomy":"product_tag","embeddable":true,"href":"https:\/\/hayejineurope.com\/lt\/wp-json\/wp\/v2\/product_tag?post=1444"}],"curies":[{"name":"wp","href":"https:\/\/api.w.org\/{rel}","templated":true}]}}