{"id":1460,"date":"2022-12-27T13:22:35","date_gmt":"2022-12-27T13:22:35","guid":{"rendered":"http:\/\/hayejineurope.com\/?post_type=product&#038;p=1460"},"modified":"2026-05-08T23:43:10","modified_gmt":"2026-05-08T20:43:10","slug":"hayejin-blessing-of-sprout-wrinkle-away-eye-cream","status":"publish","type":"product","link":"https:\/\/hayejineurope.com\/lt\/product\/hayejin-blessing-of-sprout-paakiu-kremas-nuo-rauksliu\/","title":{"rendered":"HAYEJIN \u201eBlessing of Sprout\u201c paaki\u0173 kremas nuo rauk\u0161li\u0173"},"content":{"rendered":"<p>Naudojimas: Nedidel\u012f kiek\u012f paaki\u0173 kremo u\u017etepkite ant nuvalytos paaki\u0173 srities odos ir \u0161velniai patap\u0161nokite, kad \u012fsigert\u0173. Nutraukite naudojim\u0105, jei atsiranda dirginimas. Naudokite tik ant nepa\u017eeistos odos.<\/p>\n<p>lt:kremas<\/p>","protected":false},"excerpt":{"rendered":"<div><span lang=\"EN-GB\">Hipoalerginis paaki\u0173 kremas suteikia odai gyvybingumo ir elastingumo. Jo sud\u0117tyje yra botanini\u0173 baltym\u0173, kurie tinka smulki\u0173 rauk\u0161li\u0173 prie\u017ei\u016brai, o CICA kompleksas ir lotoso ekstraktas skaistina od\u0105. Kremas puikiai maitina, veiksmingai kovoja su rauk\u0161l\u0117mis, stangrina od\u0105 ir pasi\u017eymi intensyviu atkuriamuoju poveikiu, ma\u017eina patams\u0117jim\u0105 paaki\u0173 srityje, maloniai v\u0117sina. Kremas greitai \u012fsigeria \u012f od\u0105, gali b\u016bti naudojamas aki\u0173, burnos ir kaklo srityse.<\/span><\/div>\n<ul>\n<li>Talpa: 35 ml<\/li>\n<li>Hipoalerginis \/ Su botaniniais baltymais \/ Vegan<\/li>\n<li><span lang=\"EN-GB\">Dermatologi\u0161kai patikrinta<\/span><\/li>\n<\/ul>","protected":false},"featured_media":1432,"comment_status":"open","ping_status":"closed","template":"","meta":[],"product_cat":[56,59],"product_tag":[],"class_list":{"0":"post-1460","1":"product","2":"type-product","3":"status-publish","4":"has-post-thumbnail","5":"hentry","6":"product_cat-creams","7":"product_cat-eye-care","swatches":"rey-swatches","show_selected":"rey-swatches--show-selected--name","stretch_labels":"rey-swatches--stretch-labels"},"acf":[],"yoast_head":"<!-- This site is optimized with the Yoast SEO plugin v21.5 - https:\/\/yoast.com\/wordpress\/plugins\/seo\/ -->\n<title>HAYEJIN Blessing of Sprout Wrinkle-away Eye Cream - Korean Cosmetics - Hayejin<\/title>\n<meta name=\"robots\" content=\"index, follow, max-snippet:-1, max-image-preview:large, max-video-preview:-1\" \/>\n<link rel=\"canonical\" href=\"https:\/\/hayejineurope.com\/lt\/product\/hayejin-blessing-of-sprout-paakiu-kremas-nuo-rauksliu\/\" \/>\n<meta property=\"og:locale\" content=\"lt_LT\" \/>\n<meta property=\"og:type\" content=\"article\" \/>\n<meta property=\"og:title\" content=\"HAYEJIN Blessing of Sprout Wrinkle-away Eye Cream - Korean Cosmetics - Hayejin\" \/>\n<meta property=\"og:description\" content=\"A hypoallergenic eye cream for improving vitality and elasticity of the skin, with botanic proteins for the care of fine wrinkles, CICA complex and lotus extract brightens the skin. Provides high nourishing, anti-aging, tightening and strong recovering care, vitalizing dark and lacklustre eye area, contains eye cooling complex. Say goodbye to dullness and darkness, it is time to reset your skin age! Quickly absorbing into the skin, can be used on eye, mouth and neck areas.   Volume: 35 ml  Hypoallergenic \/ With botanic proteins \/ Vegan  Dermatologically tested\" \/>\n<meta property=\"og:url\" content=\"https:\/\/hayejineurope.com\/lt\/product\/hayejin-blessing-of-sprout-paakiu-kremas-nuo-rauksliu\/\" \/>\n<meta property=\"og:site_name\" content=\"Korean Cosmetics - Hayejin\" \/>\n<meta property=\"article:modified_time\" content=\"2026-05-08T20:43:10+00:00\" \/>\n<meta property=\"og:image\" content=\"https:\/\/hayejineurope.com\/wp-content\/uploads\/2022\/12\/BS021G05_\ubcf8\ud488.png\" \/>\n\t<meta property=\"og:image:width\" content=\"1500\" \/>\n\t<meta property=\"og:image:height\" content=\"1500\" \/>\n\t<meta property=\"og:image:type\" content=\"image\/png\" \/>\n<meta name=\"twitter:card\" content=\"summary_large_image\" \/>\n<meta name=\"twitter:label1\" content=\"Est. reading time\" \/>\n\t<meta name=\"twitter:data1\" content=\"1 minut\u0117\" \/>\n<script type=\"application\/ld+json\" class=\"yoast-schema-graph\">{\"@context\":\"https:\/\/schema.org\",\"@graph\":[{\"@type\":\"WebPage\",\"@id\":\"https:\/\/hayejineurope.com\/product\/hayejin-blessing-of-sprout-wrinkle-away-eye-cream\/\",\"url\":\"https:\/\/hayejineurope.com\/product\/hayejin-blessing-of-sprout-wrinkle-away-eye-cream\/\",\"name\":\"HAYEJIN Blessing of Sprout Wrinkle-away Eye Cream - Korean Cosmetics - Hayejin\",\"isPartOf\":{\"@id\":\"https:\/\/hayejineurope.com\/#website\"},\"datePublished\":\"2022-12-27T13:22:35+00:00\",\"dateModified\":\"2026-05-08T20:43:10+00:00\",\"breadcrumb\":{\"@id\":\"https:\/\/hayejineurope.com\/product\/hayejin-blessing-of-sprout-wrinkle-away-eye-cream\/#breadcrumb\"},\"inLanguage\":\"lt-LT\",\"potentialAction\":[{\"@type\":\"ReadAction\",\"target\":[\"https:\/\/hayejineurope.com\/product\/hayejin-blessing-of-sprout-wrinkle-away-eye-cream\/\"]}]},{\"@type\":\"BreadcrumbList\",\"@id\":\"https:\/\/hayejineurope.com\/product\/hayejin-blessing-of-sprout-wrinkle-away-eye-cream\/#breadcrumb\",\"itemListElement\":[{\"@type\":\"ListItem\",\"position\":1,\"name\":\"Home\",\"item\":\"https:\/\/hayejineurope.com\/\"},{\"@type\":\"ListItem\",\"position\":2,\"name\":\"Shop\",\"item\":\"https:\/\/hayejineurope.com\/shop\/\"},{\"@type\":\"ListItem\",\"position\":3,\"name\":\"HAYEJIN Blessing of Sprout Wrinkle-away Eye Cream\"}]},{\"@type\":\"WebSite\",\"@id\":\"https:\/\/hayejineurope.com\/#website\",\"url\":\"https:\/\/hayejineurope.com\/\",\"name\":\"Hayejin europe\",\"description\":\"Official \u2018HAYEJIN\u2019 representative in Europe\",\"publisher\":{\"@id\":\"https:\/\/hayejineurope.com\/#organization\"},\"potentialAction\":[{\"@type\":\"SearchAction\",\"target\":{\"@type\":\"EntryPoint\",\"urlTemplate\":\"https:\/\/hayejineurope.com\/?s={search_term_string}\"},\"query-input\":\"required name=search_term_string\"}],\"inLanguage\":\"lt-LT\"},{\"@type\":\"Organization\",\"@id\":\"https:\/\/hayejineurope.com\/#organization\",\"name\":\"Hayejin\",\"url\":\"https:\/\/hayejineurope.com\/\",\"logo\":{\"@type\":\"ImageObject\",\"inLanguage\":\"lt-LT\",\"@id\":\"https:\/\/hayejineurope.com\/#\/schema\/logo\/image\/\",\"url\":\"http:\/\/hayejineurope.com\/wp-content\/uploads\/2019\/07\/1-2.HorizontalLogoSymbol.png\",\"contentUrl\":\"http:\/\/hayejineurope.com\/wp-content\/uploads\/2019\/07\/1-2.HorizontalLogoSymbol.png\",\"width\":1000,\"height\":250,\"caption\":\"Hayejin\"},\"image\":{\"@id\":\"https:\/\/hayejineurope.com\/#\/schema\/logo\/image\/\"}}]}<\/script>\n<!-- \/ Yoast SEO plugin. -->","yoast_head_json":{"title":"HAYEJIN \"Blessing of Sprout\" paaki\u0173 kremas nuo rauk\u0161li\u0173 - Kor\u0117jieti\u0161ka kosmetika - Hayejin","robots":{"index":"index","follow":"follow","max-snippet":"max-snippet:-1","max-image-preview":"max-image-preview:large","max-video-preview":"max-video-preview:-1"},"canonical":"https:\/\/hayejineurope.com\/lt\/product\/hayejin-blessing-of-sprout-paakiu-kremas-nuo-rauksliu\/","og_locale":"lt_LT","og_type":"article","og_title":"HAYEJIN Blessing of Sprout Wrinkle-away Eye Cream - Korean Cosmetics - Hayejin","og_description":"A hypoallergenic eye cream for improving vitality and elasticity of the skin, with botanic proteins for the care of fine wrinkles, CICA complex and lotus extract brightens the skin. Provides high nourishing, anti-aging, tightening and strong recovering care, vitalizing dark and lacklustre eye area, contains eye cooling complex. Say goodbye to dullness and darkness, it is time to reset your skin age! Quickly absorbing into the skin, can be used on eye, mouth and neck areas.   Volume: 35 ml  Hypoallergenic \/ With botanic proteins \/ Vegan  Dermatologically tested","og_url":"https:\/\/hayejineurope.com\/lt\/product\/hayejin-blessing-of-sprout-paakiu-kremas-nuo-rauksliu\/","og_site_name":"Korean Cosmetics - Hayejin","article_modified_time":"2026-05-08T20:43:10+00:00","og_image":[{"width":1500,"height":1500,"url":"https:\/\/hayejineurope.com\/wp-content\/uploads\/2022\/12\/BS021G05_\ubcf8\ud488.png","type":"image\/png"}],"twitter_card":"summary_large_image","twitter_misc":{"Est. reading time":"1 minut\u0117"},"schema":{"@context":"https:\/\/schema.org","@graph":[{"@type":"WebPage","@id":"https:\/\/hayejineurope.com\/product\/hayejin-blessing-of-sprout-wrinkle-away-eye-cream\/","url":"https:\/\/hayejineurope.com\/product\/hayejin-blessing-of-sprout-wrinkle-away-eye-cream\/","name":"HAYEJIN \"Blessing of Sprout\" paaki\u0173 kremas nuo rauk\u0161li\u0173 - Kor\u0117jieti\u0161ka kosmetika - Hayejin","isPartOf":{"@id":"https:\/\/hayejineurope.com\/#website"},"datePublished":"2022-12-27T13:22:35+00:00","dateModified":"2026-05-08T20:43:10+00:00","breadcrumb":{"@id":"https:\/\/hayejineurope.com\/product\/hayejin-blessing-of-sprout-wrinkle-away-eye-cream\/#breadcrumb"},"inLanguage":"lt-LT","potentialAction":[{"@type":"ReadAction","target":["https:\/\/hayejineurope.com\/product\/hayejin-blessing-of-sprout-wrinkle-away-eye-cream\/"]}]},{"@type":"BreadcrumbList","@id":"https:\/\/hayejineurope.com\/product\/hayejin-blessing-of-sprout-wrinkle-away-eye-cream\/#breadcrumb","itemListElement":[{"@type":"ListItem","position":1,"name":"Home","item":"https:\/\/hayejineurope.com\/"},{"@type":"ListItem","position":2,"name":"Shop","item":"https:\/\/hayejineurope.com\/shop\/"},{"@type":"ListItem","position":3,"name":"HAYEJIN Blessing of Sprout Wrinkle-away Eye Cream"}]},{"@type":"WebSite","@id":"https:\/\/hayejineurope.com\/#website","url":"https:\/\/hayejineurope.com\/","name":"Hayejin europe","description":"Official \u2018HAYEJIN\u2019 representative in Europe","publisher":{"@id":"https:\/\/hayejineurope.com\/#organization"},"potentialAction":[{"@type":"SearchAction","target":{"@type":"EntryPoint","urlTemplate":"https:\/\/hayejineurope.com\/?s={search_term_string}"},"query-input":"required name=search_term_string"}],"inLanguage":"lt-LT"},{"@type":"Organization","@id":"https:\/\/hayejineurope.com\/#organization","name":"Hayejin","url":"https:\/\/hayejineurope.com\/","logo":{"@type":"ImageObject","inLanguage":"lt-LT","@id":"https:\/\/hayejineurope.com\/#\/schema\/logo\/image\/","url":"http:\/\/hayejineurope.com\/wp-content\/uploads\/2019\/07\/1-2.HorizontalLogoSymbol.png","contentUrl":"http:\/\/hayejineurope.com\/wp-content\/uploads\/2019\/07\/1-2.HorizontalLogoSymbol.png","width":1000,"height":250,"caption":"Hayejin"},"image":{"@id":"https:\/\/hayejineurope.com\/#\/schema\/logo\/image\/"}}]}},"_links":{"self":[{"href":"https:\/\/hayejineurope.com\/lt\/wp-json\/wp\/v2\/product\/1460","targetHints":{"allow":["GET"]}}],"collection":[{"href":"https:\/\/hayejineurope.com\/lt\/wp-json\/wp\/v2\/product"}],"about":[{"href":"https:\/\/hayejineurope.com\/lt\/wp-json\/wp\/v2\/types\/product"}],"replies":[{"embeddable":true,"href":"https:\/\/hayejineurope.com\/lt\/wp-json\/wp\/v2\/comments?post=1460"}],"wp:featuredmedia":[{"embeddable":true,"href":"https:\/\/hayejineurope.com\/lt\/wp-json\/wp\/v2\/media\/1432"}],"wp:attachment":[{"href":"https:\/\/hayejineurope.com\/lt\/wp-json\/wp\/v2\/media?parent=1460"}],"wp:term":[{"taxonomy":"product_cat","embeddable":true,"href":"https:\/\/hayejineurope.com\/lt\/wp-json\/wp\/v2\/product_cat?post=1460"},{"taxonomy":"product_tag","embeddable":true,"href":"https:\/\/hayejineurope.com\/lt\/wp-json\/wp\/v2\/product_tag?post=1460"}],"curies":[{"name":"wp","href":"https:\/\/api.w.org\/{rel}","templated":true}]}}