{"id":1554,"date":"2022-12-28T09:14:21","date_gmt":"2022-12-28T09:14:21","guid":{"rendered":"http:\/\/hayejineurope.com\/?post_type=product&#038;p=1554"},"modified":"2026-04-11T19:53:45","modified_gmt":"2026-04-11T16:53:45","slug":"hayejin-blessing-of-sprout-calming-trial-kit","status":"publish","type":"product","link":"https:\/\/hayejineurope.com\/lt\/product\/hayejin-blessing-of-sprout-kelioninis-veido-prieziuros-rinkinys\/","title":{"rendered":"HAYEJIN \u201eBlessing of Sprout\u201c kelioninis veido prie\u017ei\u016bros rinkinys"},"content":{"rendered":"<p>Naudojimas:<\/p>\n<p>1 \u017dINGSNIS \u2013 Prausiklis. Tepkite pakankam\u0105 kiek\u012f ant sudr\u0117kintos veido odos, kad \u012fmasa\u017eavus susidaryt\u0173 pakankamai put\u0173. \u0160velniai juo masa\u017euokite od\u0105, tada nuplaukite drungnu vandeniu.<\/p>\n<p>2 \u017dINGSNIS \u2013 Toneris. Po valymo u\u017etepkite reikiam\u0105 kiek\u012f ant veido ir kaklo, tada \u0161velniai patap\u0161nokite, kad \u012fsigert\u0173.<\/p>\n<p>3 \u017dINGSNIS \u2013 Paaki\u0173 kremas. U\u017etepkite nedidel\u012f kiek\u012f ant nuvalytos paaki\u0173 srities, aplink burn\u0105 ir kakl\u0105, \u0161velniai \u012ftrinkite \u012f od\u0105.<\/p>\n<p>4 \u017dINGSNIS \u2013 Serumas. Ryte ir vakare u\u017etepkite reikiam\u0105 kiek\u012f ant i\u0161 anksto nuvalyto veido ir \u0161velniai patrinkite \u012f od\u0105, kol susigers.<\/p>\n<p>5 \u017dINGSNIS \u2013 Veido kremas. Nedidel\u012f kiek\u012f tolygiai u\u017etepkite ant nuvalytos veido ir kaklo odos, tada \u0161velniais judesiais \u012fmasa\u017euokite.<\/p>","protected":false},"excerpt":{"rendered":"<p>5 \u017eingsni\u0173 veido prie\u017ei\u016bros kelioninis rinkinys, intensyviai dr\u0117kinantis, raminantis, su lotoso pumpur\u0173 ir daig\u0173 galia.\nPuikus pasirinkimas keliaujant ar norint i\u0161bandyti HAYEJIN kosmetik\u0105. Rinkin\u012f sudaro 5 HAYEJIN produktai:<\/p>\n<ol>\n<li>HAYEJIN \u201eBlessing of Sprout\u201c raminamasis gelinis veido prausiklis, 15ml - itin \u0161velnus raminamasis gelinis veido prausiklis su mikro burbuliukais, tinka kasdieniam naudojimui.<\/li>\n<li>HAYEJIN \u201eBlessing of Sprout\u201c skaistinamasis toneris, 15ml - stipriai dr\u0117kina od\u0105, ma\u017eina poras, subalansuoja pH ir paruo\u0161ia j\u0105 kit\u0173 produkt\u0173 naudojimui.<\/li>\n<li>HAYEJIN \u201eBlessing of Sprout\u201c paaki\u0173 kremas nuo rauk\u0161li\u0173, 5ml - suteikia odai gyvybingumo ir elastingumo, sud\u0117tyje yra botanini\u0173 baltym\u0173, kurie tinka smulki\u0173 rauk\u0161li\u0173 prie\u017ei\u016brai, o CICA kompleksas ir lotoso ekstraktas skaistina od\u0105.<\/li>\n<li>HAYEJIN \u201eBlessing of Sprout\u201c serumas, 8ml - \u0161ilko \u0161velnumo serumas su koncentruotomis daig\u0173 maistin\u0117mis med\u017eiagomis, u\u017etikrina apsaug\u0105 nuo rauk\u0161li\u0173 susidarymo, atgaivina pavargusi\u0105 veido od\u0105, dr\u0117kina ir intensyviai ramina od\u0105.<\/li>\n<li>HAYEJIN \u201eBlessing of Sprout\u201c gyvybingumo suteikiantis veido kremas, 10ml - lengvos ir \u0161velnios tekst\u016bros kremas intensyviai dr\u0117kina, skaistina, ma\u017eina rauk\u0161les ir atkuria odos elastingum\u0105, greitai \u012fsigeria.<\/li>\n<\/ol>","protected":false},"featured_media":2634,"comment_status":"open","ping_status":"closed","template":"","meta":[],"product_cat":[54,56,59,55,57],"product_tag":[],"class_list":{"0":"post-1554","1":"product","2":"type-product","3":"status-publish","4":"has-post-thumbnail","5":"hentry","6":"product_cat-cleansers","7":"product_cat-creams","8":"product_cat-eye-care","9":"product_cat-serums","10":"product_cat-toners","swatches":"rey-swatches","show_selected":"rey-swatches--show-selected--name","stretch_labels":"rey-swatches--stretch-labels"},"acf":[],"yoast_head":"<!-- This site is optimized with the Yoast SEO plugin v21.5 - https:\/\/yoast.com\/wordpress\/plugins\/seo\/ -->\n<title>HAYEJIN Blessing of Sprout Calming Trial Kit - Korean Cosmetics - Hayejin<\/title>\n<meta name=\"robots\" content=\"index, follow, max-snippet:-1, max-image-preview:large, max-video-preview:-1\" \/>\n<link rel=\"canonical\" href=\"https:\/\/hayejineurope.com\/lt\/product\/hayejin-blessing-of-sprout-kelioninis-veido-prieziuros-rinkinys\/\" \/>\n<meta property=\"og:locale\" content=\"lt_LT\" \/>\n<meta property=\"og:type\" content=\"article\" \/>\n<meta property=\"og:title\" content=\"HAYEJIN Blessing of Sprout Calming Trial Kit - Korean Cosmetics - Hayejin\" \/>\n<meta property=\"og:description\" content=\"5-step skin care trial set for soothing skin care with the power of lotus buds and sprouts.   HAYEJIN Blessing of Sprout Calming Cleanser, 15 ml - super gentle daily cleansing gel with micro bubbles.  HAYEJIN Blessing of Sprout Radiance Toner, 15 ml - facial refreshing toner with a skin-enhancing capsule.  HAYEJIN Blessing of Sprout Wrinkle-Away Eye Cream, 5 ml - eye cream with vegetable proteins and CICA complex for restorative care.  HAYEJIN Blessing of Sprout Enriched Serum, 8 ml - a\u00a0silky serum containing concentrated lotus and germ nutrients to balance the skin.  HAYEJIN Blessing of Sprout Vitality Cream, 10 ml - rich texture and easily softening cream to strengthen the skin&#039;s protective layer.\" \/>\n<meta property=\"og:url\" content=\"https:\/\/hayejineurope.com\/lt\/product\/hayejin-blessing-of-sprout-kelioninis-veido-prieziuros-rinkinys\/\" \/>\n<meta property=\"og:site_name\" content=\"Korean Cosmetics - Hayejin\" \/>\n<meta property=\"article:modified_time\" content=\"2026-04-11T16:53:45+00:00\" \/>\n<meta property=\"og:image\" content=\"https:\/\/hayejineurope.com\/wp-content\/uploads\/2022\/12\/BS022G07_all.png\" \/>\n\t<meta property=\"og:image:width\" content=\"700\" \/>\n\t<meta property=\"og:image:height\" content=\"700\" \/>\n\t<meta property=\"og:image:type\" content=\"image\/png\" \/>\n<meta name=\"twitter:card\" content=\"summary_large_image\" \/>\n<meta name=\"twitter:label1\" content=\"Est. reading time\" \/>\n\t<meta name=\"twitter:data1\" content=\"1 minut\u0117\" \/>\n<script type=\"application\/ld+json\" class=\"yoast-schema-graph\">{\"@context\":\"https:\/\/schema.org\",\"@graph\":[{\"@type\":\"WebPage\",\"@id\":\"https:\/\/hayejineurope.com\/product\/hayejin-blessing-of-sprout-calming-trial-kit\/\",\"url\":\"https:\/\/hayejineurope.com\/product\/hayejin-blessing-of-sprout-calming-trial-kit\/\",\"name\":\"HAYEJIN Blessing of Sprout Calming Trial Kit - Korean Cosmetics - Hayejin\",\"isPartOf\":{\"@id\":\"https:\/\/hayejineurope.com\/#website\"},\"datePublished\":\"2022-12-28T09:14:21+00:00\",\"dateModified\":\"2026-04-11T16:53:45+00:00\",\"breadcrumb\":{\"@id\":\"https:\/\/hayejineurope.com\/product\/hayejin-blessing-of-sprout-calming-trial-kit\/#breadcrumb\"},\"inLanguage\":\"lt-LT\",\"potentialAction\":[{\"@type\":\"ReadAction\",\"target\":[\"https:\/\/hayejineurope.com\/product\/hayejin-blessing-of-sprout-calming-trial-kit\/\"]}]},{\"@type\":\"BreadcrumbList\",\"@id\":\"https:\/\/hayejineurope.com\/product\/hayejin-blessing-of-sprout-calming-trial-kit\/#breadcrumb\",\"itemListElement\":[{\"@type\":\"ListItem\",\"position\":1,\"name\":\"Home\",\"item\":\"https:\/\/hayejineurope.com\/\"},{\"@type\":\"ListItem\",\"position\":2,\"name\":\"Shop\",\"item\":\"https:\/\/hayejineurope.com\/shop\/\"},{\"@type\":\"ListItem\",\"position\":3,\"name\":\"HAYEJIN Blessing of Sprout Calming Trial Kit\"}]},{\"@type\":\"WebSite\",\"@id\":\"https:\/\/hayejineurope.com\/#website\",\"url\":\"https:\/\/hayejineurope.com\/\",\"name\":\"Hayejin europe\",\"description\":\"Official \u2018HAYEJIN\u2019 representative in Europe\",\"publisher\":{\"@id\":\"https:\/\/hayejineurope.com\/#organization\"},\"potentialAction\":[{\"@type\":\"SearchAction\",\"target\":{\"@type\":\"EntryPoint\",\"urlTemplate\":\"https:\/\/hayejineurope.com\/?s={search_term_string}\"},\"query-input\":\"required name=search_term_string\"}],\"inLanguage\":\"lt-LT\"},{\"@type\":\"Organization\",\"@id\":\"https:\/\/hayejineurope.com\/#organization\",\"name\":\"Hayejin\",\"url\":\"https:\/\/hayejineurope.com\/\",\"logo\":{\"@type\":\"ImageObject\",\"inLanguage\":\"lt-LT\",\"@id\":\"https:\/\/hayejineurope.com\/#\/schema\/logo\/image\/\",\"url\":\"http:\/\/hayejineurope.com\/wp-content\/uploads\/2019\/07\/1-2.HorizontalLogoSymbol.png\",\"contentUrl\":\"http:\/\/hayejineurope.com\/wp-content\/uploads\/2019\/07\/1-2.HorizontalLogoSymbol.png\",\"width\":1000,\"height\":250,\"caption\":\"Hayejin\"},\"image\":{\"@id\":\"https:\/\/hayejineurope.com\/#\/schema\/logo\/image\/\"}}]}<\/script>\n<!-- \/ Yoast SEO plugin. -->","yoast_head_json":{"title":"HAYEJIN \"Blessing of Sprout\" kelioninis veido prie\u017ei\u016bros rinkinys - Kor\u0117jieti\u0161ka kosmetika - Hayejin","robots":{"index":"index","follow":"follow","max-snippet":"max-snippet:-1","max-image-preview":"max-image-preview:large","max-video-preview":"max-video-preview:-1"},"canonical":"https:\/\/hayejineurope.com\/lt\/product\/hayejin-blessing-of-sprout-kelioninis-veido-prieziuros-rinkinys\/","og_locale":"lt_LT","og_type":"article","og_title":"HAYEJIN Blessing of Sprout Calming Trial Kit - Korean Cosmetics - Hayejin","og_description":"5-step skin care trial set for soothing skin care with the power of lotus buds and sprouts.   HAYEJIN Blessing of Sprout Calming Cleanser, 15 ml - super gentle daily cleansing gel with micro bubbles.  HAYEJIN Blessing of Sprout Radiance Toner, 15 ml - facial refreshing toner with a skin-enhancing capsule.  HAYEJIN Blessing of Sprout Wrinkle-Away Eye Cream, 5 ml - eye cream with vegetable proteins and CICA complex for restorative care.  HAYEJIN Blessing of Sprout Enriched Serum, 8 ml - a\u00a0silky serum containing concentrated lotus and germ nutrients to balance the skin.  HAYEJIN Blessing of Sprout Vitality Cream, 10 ml - rich texture and easily softening cream to strengthen the skin's protective layer.","og_url":"https:\/\/hayejineurope.com\/lt\/product\/hayejin-blessing-of-sprout-kelioninis-veido-prieziuros-rinkinys\/","og_site_name":"Korean Cosmetics - Hayejin","article_modified_time":"2026-04-11T16:53:45+00:00","og_image":[{"width":700,"height":700,"url":"https:\/\/hayejineurope.com\/wp-content\/uploads\/2022\/12\/BS022G07_all.png","type":"image\/png"}],"twitter_card":"summary_large_image","twitter_misc":{"Est. reading time":"1 minut\u0117"},"schema":{"@context":"https:\/\/schema.org","@graph":[{"@type":"WebPage","@id":"https:\/\/hayejineurope.com\/product\/hayejin-blessing-of-sprout-calming-trial-kit\/","url":"https:\/\/hayejineurope.com\/product\/hayejin-blessing-of-sprout-calming-trial-kit\/","name":"HAYEJIN \"Blessing of Sprout\" kelioninis veido prie\u017ei\u016bros rinkinys - Kor\u0117jieti\u0161ka kosmetika - Hayejin","isPartOf":{"@id":"https:\/\/hayejineurope.com\/#website"},"datePublished":"2022-12-28T09:14:21+00:00","dateModified":"2026-04-11T16:53:45+00:00","breadcrumb":{"@id":"https:\/\/hayejineurope.com\/product\/hayejin-blessing-of-sprout-calming-trial-kit\/#breadcrumb"},"inLanguage":"lt-LT","potentialAction":[{"@type":"ReadAction","target":["https:\/\/hayejineurope.com\/product\/hayejin-blessing-of-sprout-calming-trial-kit\/"]}]},{"@type":"BreadcrumbList","@id":"https:\/\/hayejineurope.com\/product\/hayejin-blessing-of-sprout-calming-trial-kit\/#breadcrumb","itemListElement":[{"@type":"ListItem","position":1,"name":"Home","item":"https:\/\/hayejineurope.com\/"},{"@type":"ListItem","position":2,"name":"Shop","item":"https:\/\/hayejineurope.com\/shop\/"},{"@type":"ListItem","position":3,"name":"HAYEJIN Blessing of Sprout Calming Trial Kit"}]},{"@type":"WebSite","@id":"https:\/\/hayejineurope.com\/#website","url":"https:\/\/hayejineurope.com\/","name":"Hayejin europe","description":"Official \u2018HAYEJIN\u2019 representative in Europe","publisher":{"@id":"https:\/\/hayejineurope.com\/#organization"},"potentialAction":[{"@type":"SearchAction","target":{"@type":"EntryPoint","urlTemplate":"https:\/\/hayejineurope.com\/?s={search_term_string}"},"query-input":"required name=search_term_string"}],"inLanguage":"lt-LT"},{"@type":"Organization","@id":"https:\/\/hayejineurope.com\/#organization","name":"Hayejin","url":"https:\/\/hayejineurope.com\/","logo":{"@type":"ImageObject","inLanguage":"lt-LT","@id":"https:\/\/hayejineurope.com\/#\/schema\/logo\/image\/","url":"http:\/\/hayejineurope.com\/wp-content\/uploads\/2019\/07\/1-2.HorizontalLogoSymbol.png","contentUrl":"http:\/\/hayejineurope.com\/wp-content\/uploads\/2019\/07\/1-2.HorizontalLogoSymbol.png","width":1000,"height":250,"caption":"Hayejin"},"image":{"@id":"https:\/\/hayejineurope.com\/#\/schema\/logo\/image\/"}}]}},"_links":{"self":[{"href":"https:\/\/hayejineurope.com\/lt\/wp-json\/wp\/v2\/product\/1554","targetHints":{"allow":["GET"]}}],"collection":[{"href":"https:\/\/hayejineurope.com\/lt\/wp-json\/wp\/v2\/product"}],"about":[{"href":"https:\/\/hayejineurope.com\/lt\/wp-json\/wp\/v2\/types\/product"}],"replies":[{"embeddable":true,"href":"https:\/\/hayejineurope.com\/lt\/wp-json\/wp\/v2\/comments?post=1554"}],"wp:featuredmedia":[{"embeddable":true,"href":"https:\/\/hayejineurope.com\/lt\/wp-json\/wp\/v2\/media\/2634"}],"wp:attachment":[{"href":"https:\/\/hayejineurope.com\/lt\/wp-json\/wp\/v2\/media?parent=1554"}],"wp:term":[{"taxonomy":"product_cat","embeddable":true,"href":"https:\/\/hayejineurope.com\/lt\/wp-json\/wp\/v2\/product_cat?post=1554"},{"taxonomy":"product_tag","embeddable":true,"href":"https:\/\/hayejineurope.com\/lt\/wp-json\/wp\/v2\/product_tag?post=1554"}],"curies":[{"name":"wp","href":"https:\/\/api.w.org\/{rel}","templated":true}]}}