{"id":1570,"date":"2022-12-28T10:13:45","date_gmt":"2022-12-28T10:13:45","guid":{"rendered":"http:\/\/hayejineurope.com\/?post_type=product&#038;p=1570"},"modified":"2026-04-19T18:17:56","modified_gmt":"2026-04-19T15:17:56","slug":"yejin-ricefila-oil-toner","status":"publish","type":"product","link":"https:\/\/hayejineurope.com\/lt\/product\/yejin-ricefila-aliejaus-pagrindo-tonikas\/","title":{"rendered":"HAYEJIN RiceFila\u2122 aliejaus pagrindo toneris"},"content":{"rendered":"<p>Naudojimas: Prie\u0161 pradedant naudoti, papurtykite buteliuk\u0105, kad sumai\u0161ytum\u0117te aliejaus sluoksn\u012f su ekstrakto sluoksniu. Nusiplovus veid\u0105, toner\u012f u\u017etepkite ant sausos odos ir lengvai patap\u0161nokite kol \u012fsigers.<\/p>\n<p data-start=\"33\" data-end=\"61\"><strong data-start=\"33\" data-end=\"61\">Pagrindin\u0117s veikliosios med\u017eiagos:<br \/>\n<\/strong>Fermentuotas ry\u017ei\u0173 s\u0117len\u0173 aliejus pasi\u017eymi dr\u0117kinamosiomis ir raminamosiomis savyb\u0117mis, padeda i\u0161laikyti odos elastingum\u0105 ir spindin\u010di\u0105 i\u0161vaizd\u0105.<br \/>\nFilagrinas stiprina nat\u016bral\u0173 odos apsaugin\u012f barjer\u0105, atkuria jos strukt\u016br\u0105 ir saugo nuo dr\u0117gm\u0117s praradimo.<\/p>","protected":false},"excerpt":{"rendered":"<p>&nbsp;<\/p>\n<p>Toneris ir kremas viename? Taip, ir tai yra geriausias derinys, kok\u012f galite rasti veido prie\u017ei\u016bros rinkoje. Dvigubo sluoksnio aliejaus pagrindo toneris su ry\u017ei\u0173 s\u0117len\u0173 aliejumi ir ry\u017ei\u0173 s\u0117len\u0173 ekstraktu palaiko optimal\u0173 odos dr\u0117gm\u0117s ir riebal\u0173 balans\u0105. Toneris ir losjonas viename buteliuke \u2013 papur\u010dius susimai\u0161o \u012f maitinant\u012f fluid\u0105, kuris suteikia odai tobul\u0105 dr\u0117kinim\u0105, maitinim\u0105 ir padeda u\u017ekirsti keli\u0105 rauk\u0161li\u0173 atsiradimui. Papildytas botanin\u0117s kilm\u0117s peptidais, 8 gamtin\u0117s kilm\u0117s aliejais ir fitino r\u016bg\u0161timi padeda atgaivinti od\u0105 ir sustiprinti odos apsaugin\u012f barjer\u0105, pakelti odos tonus\u0105 ir pagerinti odos tekst\u016br\u0105. Lengvai \u012fsigeriantis, nelipnus.<\/p>\n<ul>\n<li>Talpa: 150 ml<\/li>\n<li>Hipoalerginis \/ dermatologi\u0161kai patikrintas kaip nesukeliantis dirginimo<\/li>\n<li>Tinka jautriai odai<\/li>\n<\/ul>","protected":false},"featured_media":4501,"comment_status":"open","ping_status":"closed","template":"","meta":[],"product_cat":[57],"product_tag":[],"class_list":{"0":"post-1570","1":"product","2":"type-product","3":"status-publish","4":"has-post-thumbnail","5":"hentry","6":"product_cat-toners","swatches":"rey-swatches","show_selected":"rey-swatches--show-selected--name","stretch_labels":"rey-swatches--stretch-labels"},"acf":[],"yoast_head":"<!-- This site is optimized with the Yoast SEO plugin v21.5 - https:\/\/yoast.com\/wordpress\/plugins\/seo\/ -->\n<title>HAYEJIN RiceFila\u2122 Oil Toner - Korean Cosmetics - Hayejin<\/title>\n<meta name=\"robots\" content=\"index, follow, max-snippet:-1, max-image-preview:large, max-video-preview:-1\" \/>\n<link rel=\"canonical\" href=\"https:\/\/hayejineurope.com\/lt\/product\/yejin-ricefila-aliejaus-pagrindo-tonikas\/\" \/>\n<meta property=\"og:locale\" content=\"lt_LT\" \/>\n<meta property=\"og:type\" content=\"article\" \/>\n<meta property=\"og:title\" content=\"HAYEJIN RiceFila\u2122 Oil Toner - Korean Cosmetics - Hayejin\" \/>\n<meta property=\"og:description\" content=\"&nbsp;  Hypoallergenic double layering oil toner with the rice bran oil and the rice bran extract to maintain optimal moisture-oil balance of the skin. Toner and lotion in one bottle, changing into the nourishing fluid by shaking, provides excellent moisturizing, nourishing and anti-wrinkle care. Contains botanic-origin peptide, 8 nature origin oils and phytic acid, helps to recover and enhance skin barrier, improve skin tone and make better skin texture. Easily absorbing, non-sticky.   Volume: 150 ml  Dermatologically tested as non-irritant.  Suitable for sensitive skin.\" \/>\n<meta property=\"og:url\" content=\"https:\/\/hayejineurope.com\/lt\/product\/yejin-ricefila-aliejaus-pagrindo-tonikas\/\" \/>\n<meta property=\"og:site_name\" content=\"Korean Cosmetics - Hayejin\" \/>\n<meta property=\"article:modified_time\" content=\"2026-04-19T15:17:56+00:00\" \/>\n<meta property=\"og:image\" content=\"https:\/\/hayejineurope.com\/wp-content\/uploads\/2022\/12\/RF019G03_2023_EN.png\" \/>\n\t<meta property=\"og:image:width\" content=\"6000\" \/>\n\t<meta property=\"og:image:height\" content=\"6000\" \/>\n\t<meta property=\"og:image:type\" content=\"image\/png\" \/>\n<meta name=\"twitter:card\" content=\"summary_large_image\" \/>\n<meta name=\"twitter:label1\" content=\"Est. reading time\" \/>\n\t<meta name=\"twitter:data1\" content=\"1 minut\u0117\" \/>\n<script type=\"application\/ld+json\" class=\"yoast-schema-graph\">{\"@context\":\"https:\/\/schema.org\",\"@graph\":[{\"@type\":\"WebPage\",\"@id\":\"https:\/\/hayejineurope.com\/product\/yejin-ricefila-oil-toner\/\",\"url\":\"https:\/\/hayejineurope.com\/product\/yejin-ricefila-oil-toner\/\",\"name\":\"HAYEJIN RiceFila\u2122 Oil Toner - Korean Cosmetics - Hayejin\",\"isPartOf\":{\"@id\":\"https:\/\/hayejineurope.com\/#website\"},\"datePublished\":\"2022-12-28T10:13:45+00:00\",\"dateModified\":\"2026-04-19T15:17:56+00:00\",\"breadcrumb\":{\"@id\":\"https:\/\/hayejineurope.com\/product\/yejin-ricefila-oil-toner\/#breadcrumb\"},\"inLanguage\":\"lt-LT\",\"potentialAction\":[{\"@type\":\"ReadAction\",\"target\":[\"https:\/\/hayejineurope.com\/product\/yejin-ricefila-oil-toner\/\"]}]},{\"@type\":\"BreadcrumbList\",\"@id\":\"https:\/\/hayejineurope.com\/product\/yejin-ricefila-oil-toner\/#breadcrumb\",\"itemListElement\":[{\"@type\":\"ListItem\",\"position\":1,\"name\":\"Home\",\"item\":\"https:\/\/hayejineurope.com\/\"},{\"@type\":\"ListItem\",\"position\":2,\"name\":\"Shop\",\"item\":\"https:\/\/hayejineurope.com\/shop\/\"},{\"@type\":\"ListItem\",\"position\":3,\"name\":\"HAYEJIN RiceFila\u2122 Oil Toner\"}]},{\"@type\":\"WebSite\",\"@id\":\"https:\/\/hayejineurope.com\/#website\",\"url\":\"https:\/\/hayejineurope.com\/\",\"name\":\"Hayejin europe\",\"description\":\"Official \u2018HAYEJIN\u2019 representative in Europe\",\"publisher\":{\"@id\":\"https:\/\/hayejineurope.com\/#organization\"},\"potentialAction\":[{\"@type\":\"SearchAction\",\"target\":{\"@type\":\"EntryPoint\",\"urlTemplate\":\"https:\/\/hayejineurope.com\/?s={search_term_string}\"},\"query-input\":\"required name=search_term_string\"}],\"inLanguage\":\"lt-LT\"},{\"@type\":\"Organization\",\"@id\":\"https:\/\/hayejineurope.com\/#organization\",\"name\":\"Hayejin\",\"url\":\"https:\/\/hayejineurope.com\/\",\"logo\":{\"@type\":\"ImageObject\",\"inLanguage\":\"lt-LT\",\"@id\":\"https:\/\/hayejineurope.com\/#\/schema\/logo\/image\/\",\"url\":\"http:\/\/hayejineurope.com\/wp-content\/uploads\/2019\/07\/1-2.HorizontalLogoSymbol.png\",\"contentUrl\":\"http:\/\/hayejineurope.com\/wp-content\/uploads\/2019\/07\/1-2.HorizontalLogoSymbol.png\",\"width\":1000,\"height\":250,\"caption\":\"Hayejin\"},\"image\":{\"@id\":\"https:\/\/hayejineurope.com\/#\/schema\/logo\/image\/\"}}]}<\/script>\n<!-- \/ Yoast SEO plugin. -->","yoast_head_json":{"title":"HAYEJIN RiceFila\u2122 aliejaus pagrindo tonikas - Kor\u0117jieti\u0161ka kosmetika - Hayejin","robots":{"index":"index","follow":"follow","max-snippet":"max-snippet:-1","max-image-preview":"max-image-preview:large","max-video-preview":"max-video-preview:-1"},"canonical":"https:\/\/hayejineurope.com\/lt\/product\/yejin-ricefila-aliejaus-pagrindo-tonikas\/","og_locale":"lt_LT","og_type":"article","og_title":"HAYEJIN RiceFila\u2122 Oil Toner - Korean Cosmetics - Hayejin","og_description":"&nbsp;  Hypoallergenic double layering oil toner with the rice bran oil and the rice bran extract to maintain optimal moisture-oil balance of the skin. Toner and lotion in one bottle, changing into the nourishing fluid by shaking, provides excellent moisturizing, nourishing and anti-wrinkle care. Contains botanic-origin peptide, 8 nature origin oils and phytic acid, helps to recover and enhance skin barrier, improve skin tone and make better skin texture. Easily absorbing, non-sticky.   Volume: 150 ml  Dermatologically tested as non-irritant.  Suitable for sensitive skin.","og_url":"https:\/\/hayejineurope.com\/lt\/product\/yejin-ricefila-aliejaus-pagrindo-tonikas\/","og_site_name":"Korean Cosmetics - Hayejin","article_modified_time":"2026-04-19T15:17:56+00:00","og_image":[{"width":6000,"height":6000,"url":"https:\/\/hayejineurope.com\/wp-content\/uploads\/2022\/12\/RF019G03_2023_EN.png","type":"image\/png"}],"twitter_card":"summary_large_image","twitter_misc":{"Est. reading time":"1 minut\u0117"},"schema":{"@context":"https:\/\/schema.org","@graph":[{"@type":"WebPage","@id":"https:\/\/hayejineurope.com\/product\/yejin-ricefila-oil-toner\/","url":"https:\/\/hayejineurope.com\/product\/yejin-ricefila-oil-toner\/","name":"HAYEJIN RiceFila\u2122 aliejaus pagrindo tonikas - Kor\u0117jieti\u0161ka kosmetika - Hayejin","isPartOf":{"@id":"https:\/\/hayejineurope.com\/#website"},"datePublished":"2022-12-28T10:13:45+00:00","dateModified":"2026-04-19T15:17:56+00:00","breadcrumb":{"@id":"https:\/\/hayejineurope.com\/product\/yejin-ricefila-oil-toner\/#breadcrumb"},"inLanguage":"lt-LT","potentialAction":[{"@type":"ReadAction","target":["https:\/\/hayejineurope.com\/product\/yejin-ricefila-oil-toner\/"]}]},{"@type":"BreadcrumbList","@id":"https:\/\/hayejineurope.com\/product\/yejin-ricefila-oil-toner\/#breadcrumb","itemListElement":[{"@type":"ListItem","position":1,"name":"Home","item":"https:\/\/hayejineurope.com\/"},{"@type":"ListItem","position":2,"name":"Shop","item":"https:\/\/hayejineurope.com\/shop\/"},{"@type":"ListItem","position":3,"name":"HAYEJIN RiceFila\u2122 Oil Toner"}]},{"@type":"WebSite","@id":"https:\/\/hayejineurope.com\/#website","url":"https:\/\/hayejineurope.com\/","name":"Hayejin europe","description":"Official \u2018HAYEJIN\u2019 representative in Europe","publisher":{"@id":"https:\/\/hayejineurope.com\/#organization"},"potentialAction":[{"@type":"SearchAction","target":{"@type":"EntryPoint","urlTemplate":"https:\/\/hayejineurope.com\/?s={search_term_string}"},"query-input":"required name=search_term_string"}],"inLanguage":"lt-LT"},{"@type":"Organization","@id":"https:\/\/hayejineurope.com\/#organization","name":"Hayejin","url":"https:\/\/hayejineurope.com\/","logo":{"@type":"ImageObject","inLanguage":"lt-LT","@id":"https:\/\/hayejineurope.com\/#\/schema\/logo\/image\/","url":"http:\/\/hayejineurope.com\/wp-content\/uploads\/2019\/07\/1-2.HorizontalLogoSymbol.png","contentUrl":"http:\/\/hayejineurope.com\/wp-content\/uploads\/2019\/07\/1-2.HorizontalLogoSymbol.png","width":1000,"height":250,"caption":"Hayejin"},"image":{"@id":"https:\/\/hayejineurope.com\/#\/schema\/logo\/image\/"}}]}},"_links":{"self":[{"href":"https:\/\/hayejineurope.com\/lt\/wp-json\/wp\/v2\/product\/1570","targetHints":{"allow":["GET"]}}],"collection":[{"href":"https:\/\/hayejineurope.com\/lt\/wp-json\/wp\/v2\/product"}],"about":[{"href":"https:\/\/hayejineurope.com\/lt\/wp-json\/wp\/v2\/types\/product"}],"replies":[{"embeddable":true,"href":"https:\/\/hayejineurope.com\/lt\/wp-json\/wp\/v2\/comments?post=1570"}],"wp:featuredmedia":[{"embeddable":true,"href":"https:\/\/hayejineurope.com\/lt\/wp-json\/wp\/v2\/media\/4501"}],"wp:attachment":[{"href":"https:\/\/hayejineurope.com\/lt\/wp-json\/wp\/v2\/media?parent=1570"}],"wp:term":[{"taxonomy":"product_cat","embeddable":true,"href":"https:\/\/hayejineurope.com\/lt\/wp-json\/wp\/v2\/product_cat?post=1570"},{"taxonomy":"product_tag","embeddable":true,"href":"https:\/\/hayejineurope.com\/lt\/wp-json\/wp\/v2\/product_tag?post=1570"}],"curies":[{"name":"wp","href":"https:\/\/api.w.org\/{rel}","templated":true}]}}