{"id":1586,"date":"2022-12-28T10:57:17","date_gmt":"2022-12-28T10:57:17","guid":{"rendered":"http:\/\/hayejineurope.com\/?post_type=product&#038;p=1586"},"modified":"2026-04-18T19:39:25","modified_gmt":"2026-04-18T16:39:25","slug":"hayejin-ricefila-moisturizing-cream","status":"publish","type":"product","link":"https:\/\/hayejineurope.com\/lt\/product\/hayejin-ricefila-drekinantis-kremas\/","title":{"rendered":"HAYEJIN RiceFila\u2122 dr\u0117kinamasis kremas"},"content":{"rendered":"<p>Naudojimas: po tonerio, tepkite pakankam\u0105 kiek\u012f kremo ant visos veido odos.<\/p>\n<p>lt:kremas<\/p>","protected":false},"excerpt":{"rendered":"<p>Itin lengvos tekst\u016bros dr\u0117kinamasis kremas i\u0161laiko J\u016bs\u0173 odos dr\u0117gnum\u0105 net iki 50 valand\u0173. Pripildytas 5 sluoksni\u0173 hialurono r\u016bg\u0161timi, botanin\u0117s kilm\u0117s peptidais, ry\u017ei\u0173 keramidu ir ry\u017ei\u0173 s\u0117len\u0173 aliejumi, suteikia ilgai i\u0161liekant\u012f dr\u0117kinim\u0105 ir maitinim\u0105, sustiprina odos apsaugin\u012f barjer\u0105 ir atkuria dr\u0117gm\u0117s balans\u0105.<\/p>\n<ul>\n<li>Talpa: 50 ml<\/li>\n<li>Hipoalerginis \/ Dermatologi\u0161kai patikrintas kaip nesukeliantis dirginimo<\/li>\n<li>Tinka jautriai odai<\/li>\n<\/ul>","protected":false},"featured_media":4497,"comment_status":"open","ping_status":"closed","template":"","meta":[],"product_cat":[56],"product_tag":[],"class_list":{"0":"post-1586","1":"product","2":"type-product","3":"status-publish","4":"has-post-thumbnail","5":"hentry","6":"product_cat-creams","swatches":"rey-swatches","show_selected":"rey-swatches--show-selected--name","stretch_labels":"rey-swatches--stretch-labels"},"acf":[],"yoast_head":"<!-- This site is optimized with the Yoast SEO plugin v21.5 - https:\/\/yoast.com\/wordpress\/plugins\/seo\/ -->\n<title>HAYEJIN RiceFila\u2122 Moisturizing Cream - Korean Cosmetics - Hayejin<\/title>\n<meta name=\"robots\" content=\"index, follow, max-snippet:-1, max-image-preview:large, max-video-preview:-1\" \/>\n<link rel=\"canonical\" href=\"https:\/\/hayejineurope.com\/lt\/product\/hayejin-ricefila-drekinantis-kremas\/\" \/>\n<meta property=\"og:locale\" content=\"lt_LT\" \/>\n<meta property=\"og:type\" content=\"article\" \/>\n<meta property=\"og:title\" content=\"HAYEJIN RiceFila\u2122 Moisturizing Cream - Korean Cosmetics - Hayejin\" \/>\n<meta property=\"og:description\" content=\"Hypoallergenic lightweight moisturizing cream maintains your skin fully moist for 50 hours. Contains 5-layer hyaluronic acid, botanic origin peptide, rice ceramide and rice bran oil, provides long lasting hydration and nutrition, strengthens skin barrier, gives excellent moisturizing effect.   Volume: 50 ml  Dermatologically tested as non-irritant  Suitable for sensitive skin\" \/>\n<meta property=\"og:url\" content=\"https:\/\/hayejineurope.com\/lt\/product\/hayejin-ricefila-drekinantis-kremas\/\" \/>\n<meta property=\"og:site_name\" content=\"Korean Cosmetics - Hayejin\" \/>\n<meta property=\"article:modified_time\" content=\"2026-04-18T16:39:25+00:00\" \/>\n<meta property=\"og:image\" content=\"https:\/\/hayejineurope.com\/wp-content\/uploads\/2022\/12\/RF019G04_2023_EN.png\" \/>\n\t<meta property=\"og:image:width\" content=\"6000\" \/>\n\t<meta property=\"og:image:height\" content=\"6000\" \/>\n\t<meta property=\"og:image:type\" content=\"image\/png\" \/>\n<meta name=\"twitter:card\" content=\"summary_large_image\" \/>\n<meta name=\"twitter:label1\" content=\"Est. reading time\" \/>\n\t<meta name=\"twitter:data1\" content=\"1 minut\u0117\" \/>\n<script type=\"application\/ld+json\" class=\"yoast-schema-graph\">{\"@context\":\"https:\/\/schema.org\",\"@graph\":[{\"@type\":\"WebPage\",\"@id\":\"https:\/\/hayejineurope.com\/product\/hayejin-ricefila-moisturizing-cream\/\",\"url\":\"https:\/\/hayejineurope.com\/product\/hayejin-ricefila-moisturizing-cream\/\",\"name\":\"HAYEJIN RiceFila\u2122 Moisturizing Cream - Korean Cosmetics - Hayejin\",\"isPartOf\":{\"@id\":\"https:\/\/hayejineurope.com\/#website\"},\"datePublished\":\"2022-12-28T10:57:17+00:00\",\"dateModified\":\"2026-04-18T16:39:25+00:00\",\"breadcrumb\":{\"@id\":\"https:\/\/hayejineurope.com\/product\/hayejin-ricefila-moisturizing-cream\/#breadcrumb\"},\"inLanguage\":\"lt-LT\",\"potentialAction\":[{\"@type\":\"ReadAction\",\"target\":[\"https:\/\/hayejineurope.com\/product\/hayejin-ricefila-moisturizing-cream\/\"]}]},{\"@type\":\"BreadcrumbList\",\"@id\":\"https:\/\/hayejineurope.com\/product\/hayejin-ricefila-moisturizing-cream\/#breadcrumb\",\"itemListElement\":[{\"@type\":\"ListItem\",\"position\":1,\"name\":\"Home\",\"item\":\"https:\/\/hayejineurope.com\/\"},{\"@type\":\"ListItem\",\"position\":2,\"name\":\"Shop\",\"item\":\"https:\/\/hayejineurope.com\/shop\/\"},{\"@type\":\"ListItem\",\"position\":3,\"name\":\"HAYEJIN RiceFila\u2122 Moisturizing Cream\"}]},{\"@type\":\"WebSite\",\"@id\":\"https:\/\/hayejineurope.com\/#website\",\"url\":\"https:\/\/hayejineurope.com\/\",\"name\":\"Hayejin europe\",\"description\":\"Official \u2018HAYEJIN\u2019 representative in Europe\",\"publisher\":{\"@id\":\"https:\/\/hayejineurope.com\/#organization\"},\"potentialAction\":[{\"@type\":\"SearchAction\",\"target\":{\"@type\":\"EntryPoint\",\"urlTemplate\":\"https:\/\/hayejineurope.com\/?s={search_term_string}\"},\"query-input\":\"required name=search_term_string\"}],\"inLanguage\":\"lt-LT\"},{\"@type\":\"Organization\",\"@id\":\"https:\/\/hayejineurope.com\/#organization\",\"name\":\"Hayejin\",\"url\":\"https:\/\/hayejineurope.com\/\",\"logo\":{\"@type\":\"ImageObject\",\"inLanguage\":\"lt-LT\",\"@id\":\"https:\/\/hayejineurope.com\/#\/schema\/logo\/image\/\",\"url\":\"http:\/\/hayejineurope.com\/wp-content\/uploads\/2019\/07\/1-2.HorizontalLogoSymbol.png\",\"contentUrl\":\"http:\/\/hayejineurope.com\/wp-content\/uploads\/2019\/07\/1-2.HorizontalLogoSymbol.png\",\"width\":1000,\"height\":250,\"caption\":\"Hayejin\"},\"image\":{\"@id\":\"https:\/\/hayejineurope.com\/#\/schema\/logo\/image\/\"}}]}<\/script>\n<!-- \/ Yoast SEO plugin. -->","yoast_head_json":{"title":"HAYEJIN RiceFila\u2122 dr\u0117kinamasis kremas - Kor\u0117jieti\u0161ka kosmetika - Hayejin","robots":{"index":"index","follow":"follow","max-snippet":"max-snippet:-1","max-image-preview":"max-image-preview:large","max-video-preview":"max-video-preview:-1"},"canonical":"https:\/\/hayejineurope.com\/lt\/product\/hayejin-ricefila-drekinantis-kremas\/","og_locale":"lt_LT","og_type":"article","og_title":"HAYEJIN RiceFila\u2122 Moisturizing Cream - Korean Cosmetics - Hayejin","og_description":"Hypoallergenic lightweight moisturizing cream maintains your skin fully moist for 50 hours. Contains 5-layer hyaluronic acid, botanic origin peptide, rice ceramide and rice bran oil, provides long lasting hydration and nutrition, strengthens skin barrier, gives excellent moisturizing effect.   Volume: 50 ml  Dermatologically tested as non-irritant  Suitable for sensitive skin","og_url":"https:\/\/hayejineurope.com\/lt\/product\/hayejin-ricefila-drekinantis-kremas\/","og_site_name":"Korean Cosmetics - Hayejin","article_modified_time":"2026-04-18T16:39:25+00:00","og_image":[{"width":6000,"height":6000,"url":"https:\/\/hayejineurope.com\/wp-content\/uploads\/2022\/12\/RF019G04_2023_EN.png","type":"image\/png"}],"twitter_card":"summary_large_image","twitter_misc":{"Est. reading time":"1 minut\u0117"},"schema":{"@context":"https:\/\/schema.org","@graph":[{"@type":"WebPage","@id":"https:\/\/hayejineurope.com\/product\/hayejin-ricefila-moisturizing-cream\/","url":"https:\/\/hayejineurope.com\/product\/hayejin-ricefila-moisturizing-cream\/","name":"HAYEJIN RiceFila\u2122 dr\u0117kinamasis kremas - Kor\u0117jieti\u0161ka kosmetika - Hayejin","isPartOf":{"@id":"https:\/\/hayejineurope.com\/#website"},"datePublished":"2022-12-28T10:57:17+00:00","dateModified":"2026-04-18T16:39:25+00:00","breadcrumb":{"@id":"https:\/\/hayejineurope.com\/product\/hayejin-ricefila-moisturizing-cream\/#breadcrumb"},"inLanguage":"lt-LT","potentialAction":[{"@type":"ReadAction","target":["https:\/\/hayejineurope.com\/product\/hayejin-ricefila-moisturizing-cream\/"]}]},{"@type":"BreadcrumbList","@id":"https:\/\/hayejineurope.com\/product\/hayejin-ricefila-moisturizing-cream\/#breadcrumb","itemListElement":[{"@type":"ListItem","position":1,"name":"Home","item":"https:\/\/hayejineurope.com\/"},{"@type":"ListItem","position":2,"name":"Shop","item":"https:\/\/hayejineurope.com\/shop\/"},{"@type":"ListItem","position":3,"name":"HAYEJIN RiceFila\u2122 Moisturizing Cream"}]},{"@type":"WebSite","@id":"https:\/\/hayejineurope.com\/#website","url":"https:\/\/hayejineurope.com\/","name":"Hayejin europe","description":"Official \u2018HAYEJIN\u2019 representative in Europe","publisher":{"@id":"https:\/\/hayejineurope.com\/#organization"},"potentialAction":[{"@type":"SearchAction","target":{"@type":"EntryPoint","urlTemplate":"https:\/\/hayejineurope.com\/?s={search_term_string}"},"query-input":"required name=search_term_string"}],"inLanguage":"lt-LT"},{"@type":"Organization","@id":"https:\/\/hayejineurope.com\/#organization","name":"Hayejin","url":"https:\/\/hayejineurope.com\/","logo":{"@type":"ImageObject","inLanguage":"lt-LT","@id":"https:\/\/hayejineurope.com\/#\/schema\/logo\/image\/","url":"http:\/\/hayejineurope.com\/wp-content\/uploads\/2019\/07\/1-2.HorizontalLogoSymbol.png","contentUrl":"http:\/\/hayejineurope.com\/wp-content\/uploads\/2019\/07\/1-2.HorizontalLogoSymbol.png","width":1000,"height":250,"caption":"Hayejin"},"image":{"@id":"https:\/\/hayejineurope.com\/#\/schema\/logo\/image\/"}}]}},"_links":{"self":[{"href":"https:\/\/hayejineurope.com\/lt\/wp-json\/wp\/v2\/product\/1586","targetHints":{"allow":["GET"]}}],"collection":[{"href":"https:\/\/hayejineurope.com\/lt\/wp-json\/wp\/v2\/product"}],"about":[{"href":"https:\/\/hayejineurope.com\/lt\/wp-json\/wp\/v2\/types\/product"}],"replies":[{"embeddable":true,"href":"https:\/\/hayejineurope.com\/lt\/wp-json\/wp\/v2\/comments?post=1586"}],"wp:featuredmedia":[{"embeddable":true,"href":"https:\/\/hayejineurope.com\/lt\/wp-json\/wp\/v2\/media\/4497"}],"wp:attachment":[{"href":"https:\/\/hayejineurope.com\/lt\/wp-json\/wp\/v2\/media?parent=1586"}],"wp:term":[{"taxonomy":"product_cat","embeddable":true,"href":"https:\/\/hayejineurope.com\/lt\/wp-json\/wp\/v2\/product_cat?post=1586"},{"taxonomy":"product_tag","embeddable":true,"href":"https:\/\/hayejineurope.com\/lt\/wp-json\/wp\/v2\/product_tag?post=1586"}],"curies":[{"name":"wp","href":"https:\/\/api.w.org\/{rel}","templated":true}]}}