{"id":1617,"date":"2022-12-28T11:19:49","date_gmt":"2022-12-28T11:19:49","guid":{"rendered":"http:\/\/hayejineurope.com\/?post_type=product&#038;p=1617"},"modified":"2026-04-19T06:23:39","modified_gmt":"2026-04-19T03:23:39","slug":"hayejin-rice-bran-oil-for-body","status":"publish","type":"product","link":"https:\/\/hayejineurope.com\/lt\/product\/hayejin-ryziu-selenu-aliejus-kunui\/","title":{"rendered":"HAYEJIN ry\u017ei\u0173 s\u0117len\u0173 aliejus k\u016bnui"},"content":{"rendered":"<p>Naudojimas: Tolygiai paskirstykite nedidel\u012f kiek\u012f aliejaus ant \u0161varios odos ir \u012fmasa\u017euokite. Geresniam poveikiui tepti k\u016bno aliej\u0173 rekomenduojama ant dr\u0117gnos odos.<\/p>","protected":false},"excerpt":{"rendered":"<p>Gaivinamasis k\u016bno aliejus pagamintas i\u0161 begliuteni\u0173 ingredient\u0173, akimirksniu \u012fsigeria nepalikdamas jokio lipnumo ar riebumo jausmo. Pripildytas fermentuotu ry\u017ei\u0173 s\u0117len\u0173 aliejumi, 6 organin\u0117s kilm\u0117s aliejais, nepakei\u010diamosiomis riebal\u0173 r\u016bg\u0161timis bei botanin\u0117s kilm\u0117s peptidais. Suteikia nepriekai\u0161ting\u0105 ilgai i\u0161liekant\u012f dr\u0117kinim\u0105, od\u0105 prisotina ry\u017ei\u0173 s\u0117len\u0173 maistin\u0117mis med\u017eiagomis, taip pat atstatydamas apsaugin\u012f odos barjer\u0105, padaro od\u0105 \u0161velnia ir sudr\u0117kinta i\u0161tis\u0105 dien\u0105.<\/p>\n<ul>\n<li>Talpa: 200 ml<\/li>\n<li>Hipoalerginis \/ Dermatologi\u0161kai patikrintas kaip nesukeliantis dirginimo<\/li>\n<li>Tinka jautriai odai \/ Saugus naudoti k\u016bdikiams ir n\u0117\u0161\u010diosioms<\/li>\n<\/ul>","protected":false},"featured_media":4487,"comment_status":"open","ping_status":"closed","template":"","meta":[],"product_cat":[60],"product_tag":[],"class_list":{"0":"post-1617","1":"product","2":"type-product","3":"status-publish","4":"has-post-thumbnail","5":"hentry","6":"product_cat-body-care","swatches":"rey-swatches","show_selected":"rey-swatches--show-selected--name","stretch_labels":"rey-swatches--stretch-labels"},"acf":[],"yoast_head":"<!-- This site is optimized with the Yoast SEO plugin v21.5 - https:\/\/yoast.com\/wordpress\/plugins\/seo\/ -->\n<title>HAYEJIN Rice Bran Oil for Body - Korean Cosmetics - Hayejin<\/title>\n<meta name=\"robots\" content=\"index, follow, max-snippet:-1, max-image-preview:large, max-video-preview:-1\" \/>\n<link rel=\"canonical\" href=\"https:\/\/hayejineurope.com\/lt\/product\/hayejin-ryziu-selenu-aliejus-kunui\/\" \/>\n<meta property=\"og:locale\" content=\"lt_LT\" \/>\n<meta property=\"og:type\" content=\"article\" \/>\n<meta property=\"og:title\" content=\"HAYEJIN Rice Bran Oil for Body - Korean Cosmetics - Hayejin\" \/>\n<meta property=\"og:description\" content=\"Refreshing body oil with gluten free ingredients, instantly absorbing without stickiness or any greasy feel. Contains fermented Rice Bran Oil, 6 nature-origin oils, essential fatty acids and botanic origin peptides. Provides excellent long-lasting moisturizing, delivering the nutrients of rice bran to skin, as well as building the protective skin barrier, making skin smooth and hydrated all day long.   Volume: 200 ml  Hypoallergenic \/ Dermatologically tested as non-irritant  Suitable for sensitive skin \/ Safe for babies and pregnant\" \/>\n<meta property=\"og:url\" content=\"https:\/\/hayejineurope.com\/lt\/product\/hayejin-ryziu-selenu-aliejus-kunui\/\" \/>\n<meta property=\"og:site_name\" content=\"Korean Cosmetics - Hayejin\" \/>\n<meta property=\"article:modified_time\" content=\"2026-04-19T03:23:39+00:00\" \/>\n<meta property=\"og:image\" content=\"https:\/\/hayejineurope.com\/wp-content\/uploads\/2022\/12\/RB019G02_2023_EN_1.png\" \/>\n\t<meta property=\"og:image:width\" content=\"6000\" \/>\n\t<meta property=\"og:image:height\" content=\"6000\" \/>\n\t<meta property=\"og:image:type\" content=\"image\/png\" \/>\n<meta name=\"twitter:card\" content=\"summary_large_image\" \/>\n<meta name=\"twitter:label1\" content=\"Est. reading time\" \/>\n\t<meta name=\"twitter:data1\" content=\"1 minut\u0117\" \/>\n<script type=\"application\/ld+json\" class=\"yoast-schema-graph\">{\"@context\":\"https:\/\/schema.org\",\"@graph\":[{\"@type\":\"WebPage\",\"@id\":\"https:\/\/hayejineurope.com\/product\/hayejin-rice-bran-oil-for-body\/\",\"url\":\"https:\/\/hayejineurope.com\/product\/hayejin-rice-bran-oil-for-body\/\",\"name\":\"HAYEJIN Rice Bran Oil for Body - Korean Cosmetics - Hayejin\",\"isPartOf\":{\"@id\":\"https:\/\/hayejineurope.com\/#website\"},\"datePublished\":\"2022-12-28T11:19:49+00:00\",\"dateModified\":\"2026-04-19T03:23:39+00:00\",\"breadcrumb\":{\"@id\":\"https:\/\/hayejineurope.com\/product\/hayejin-rice-bran-oil-for-body\/#breadcrumb\"},\"inLanguage\":\"lt-LT\",\"potentialAction\":[{\"@type\":\"ReadAction\",\"target\":[\"https:\/\/hayejineurope.com\/product\/hayejin-rice-bran-oil-for-body\/\"]}]},{\"@type\":\"BreadcrumbList\",\"@id\":\"https:\/\/hayejineurope.com\/product\/hayejin-rice-bran-oil-for-body\/#breadcrumb\",\"itemListElement\":[{\"@type\":\"ListItem\",\"position\":1,\"name\":\"Home\",\"item\":\"https:\/\/hayejineurope.com\/\"},{\"@type\":\"ListItem\",\"position\":2,\"name\":\"Shop\",\"item\":\"https:\/\/hayejineurope.com\/shop\/\"},{\"@type\":\"ListItem\",\"position\":3,\"name\":\"HAYEJIN Rice Bran Oil for Body\"}]},{\"@type\":\"WebSite\",\"@id\":\"https:\/\/hayejineurope.com\/#website\",\"url\":\"https:\/\/hayejineurope.com\/\",\"name\":\"Hayejin europe\",\"description\":\"Official \u2018HAYEJIN\u2019 representative in Europe\",\"publisher\":{\"@id\":\"https:\/\/hayejineurope.com\/#organization\"},\"potentialAction\":[{\"@type\":\"SearchAction\",\"target\":{\"@type\":\"EntryPoint\",\"urlTemplate\":\"https:\/\/hayejineurope.com\/?s={search_term_string}\"},\"query-input\":\"required name=search_term_string\"}],\"inLanguage\":\"lt-LT\"},{\"@type\":\"Organization\",\"@id\":\"https:\/\/hayejineurope.com\/#organization\",\"name\":\"Hayejin\",\"url\":\"https:\/\/hayejineurope.com\/\",\"logo\":{\"@type\":\"ImageObject\",\"inLanguage\":\"lt-LT\",\"@id\":\"https:\/\/hayejineurope.com\/#\/schema\/logo\/image\/\",\"url\":\"http:\/\/hayejineurope.com\/wp-content\/uploads\/2019\/07\/1-2.HorizontalLogoSymbol.png\",\"contentUrl\":\"http:\/\/hayejineurope.com\/wp-content\/uploads\/2019\/07\/1-2.HorizontalLogoSymbol.png\",\"width\":1000,\"height\":250,\"caption\":\"Hayejin\"},\"image\":{\"@id\":\"https:\/\/hayejineurope.com\/#\/schema\/logo\/image\/\"}}]}<\/script>\n<!-- \/ Yoast SEO plugin. -->","yoast_head_json":{"title":"HAYEJIN ry\u017ei\u0173 s\u0117len\u0173 aliejus k\u016bnui - Kor\u0117jieti\u0161ka kosmetika - Hayejin","robots":{"index":"index","follow":"follow","max-snippet":"max-snippet:-1","max-image-preview":"max-image-preview:large","max-video-preview":"max-video-preview:-1"},"canonical":"https:\/\/hayejineurope.com\/lt\/product\/hayejin-ryziu-selenu-aliejus-kunui\/","og_locale":"lt_LT","og_type":"article","og_title":"HAYEJIN Rice Bran Oil for Body - Korean Cosmetics - Hayejin","og_description":"Refreshing body oil with gluten free ingredients, instantly absorbing without stickiness or any greasy feel. Contains fermented Rice Bran Oil, 6 nature-origin oils, essential fatty acids and botanic origin peptides. Provides excellent long-lasting moisturizing, delivering the nutrients of rice bran to skin, as well as building the protective skin barrier, making skin smooth and hydrated all day long.   Volume: 200 ml  Hypoallergenic \/ Dermatologically tested as non-irritant  Suitable for sensitive skin \/ Safe for babies and pregnant","og_url":"https:\/\/hayejineurope.com\/lt\/product\/hayejin-ryziu-selenu-aliejus-kunui\/","og_site_name":"Korean Cosmetics - Hayejin","article_modified_time":"2026-04-19T03:23:39+00:00","og_image":[{"width":6000,"height":6000,"url":"https:\/\/hayejineurope.com\/wp-content\/uploads\/2022\/12\/RB019G02_2023_EN_1.png","type":"image\/png"}],"twitter_card":"summary_large_image","twitter_misc":{"Est. reading time":"1 minut\u0117"},"schema":{"@context":"https:\/\/schema.org","@graph":[{"@type":"WebPage","@id":"https:\/\/hayejineurope.com\/product\/hayejin-rice-bran-oil-for-body\/","url":"https:\/\/hayejineurope.com\/product\/hayejin-rice-bran-oil-for-body\/","name":"HAYEJIN ry\u017ei\u0173 s\u0117len\u0173 aliejus k\u016bnui - Kor\u0117jieti\u0161ka kosmetika - Hayejin","isPartOf":{"@id":"https:\/\/hayejineurope.com\/#website"},"datePublished":"2022-12-28T11:19:49+00:00","dateModified":"2026-04-19T03:23:39+00:00","breadcrumb":{"@id":"https:\/\/hayejineurope.com\/product\/hayejin-rice-bran-oil-for-body\/#breadcrumb"},"inLanguage":"lt-LT","potentialAction":[{"@type":"ReadAction","target":["https:\/\/hayejineurope.com\/product\/hayejin-rice-bran-oil-for-body\/"]}]},{"@type":"BreadcrumbList","@id":"https:\/\/hayejineurope.com\/product\/hayejin-rice-bran-oil-for-body\/#breadcrumb","itemListElement":[{"@type":"ListItem","position":1,"name":"Home","item":"https:\/\/hayejineurope.com\/"},{"@type":"ListItem","position":2,"name":"Shop","item":"https:\/\/hayejineurope.com\/shop\/"},{"@type":"ListItem","position":3,"name":"HAYEJIN Rice Bran Oil for Body"}]},{"@type":"WebSite","@id":"https:\/\/hayejineurope.com\/#website","url":"https:\/\/hayejineurope.com\/","name":"Hayejin europe","description":"Official \u2018HAYEJIN\u2019 representative in Europe","publisher":{"@id":"https:\/\/hayejineurope.com\/#organization"},"potentialAction":[{"@type":"SearchAction","target":{"@type":"EntryPoint","urlTemplate":"https:\/\/hayejineurope.com\/?s={search_term_string}"},"query-input":"required name=search_term_string"}],"inLanguage":"lt-LT"},{"@type":"Organization","@id":"https:\/\/hayejineurope.com\/#organization","name":"Hayejin","url":"https:\/\/hayejineurope.com\/","logo":{"@type":"ImageObject","inLanguage":"lt-LT","@id":"https:\/\/hayejineurope.com\/#\/schema\/logo\/image\/","url":"http:\/\/hayejineurope.com\/wp-content\/uploads\/2019\/07\/1-2.HorizontalLogoSymbol.png","contentUrl":"http:\/\/hayejineurope.com\/wp-content\/uploads\/2019\/07\/1-2.HorizontalLogoSymbol.png","width":1000,"height":250,"caption":"Hayejin"},"image":{"@id":"https:\/\/hayejineurope.com\/#\/schema\/logo\/image\/"}}]}},"_links":{"self":[{"href":"https:\/\/hayejineurope.com\/lt\/wp-json\/wp\/v2\/product\/1617","targetHints":{"allow":["GET"]}}],"collection":[{"href":"https:\/\/hayejineurope.com\/lt\/wp-json\/wp\/v2\/product"}],"about":[{"href":"https:\/\/hayejineurope.com\/lt\/wp-json\/wp\/v2\/types\/product"}],"replies":[{"embeddable":true,"href":"https:\/\/hayejineurope.com\/lt\/wp-json\/wp\/v2\/comments?post=1617"}],"wp:featuredmedia":[{"embeddable":true,"href":"https:\/\/hayejineurope.com\/lt\/wp-json\/wp\/v2\/media\/4487"}],"wp:attachment":[{"href":"https:\/\/hayejineurope.com\/lt\/wp-json\/wp\/v2\/media?parent=1617"}],"wp:term":[{"taxonomy":"product_cat","embeddable":true,"href":"https:\/\/hayejineurope.com\/lt\/wp-json\/wp\/v2\/product_cat?post=1617"},{"taxonomy":"product_tag","embeddable":true,"href":"https:\/\/hayejineurope.com\/lt\/wp-json\/wp\/v2\/product_tag?post=1617"}],"curies":[{"name":"wp","href":"https:\/\/api.w.org\/{rel}","templated":true}]}}