{"id":2611,"date":"2023-04-19T08:07:58","date_gmt":"2023-04-19T08:07:58","guid":{"rendered":"http:\/\/hayejineurope.com\/?post_type=product&#038;p=2611"},"modified":"2024-12-10T11:48:51","modified_gmt":"2024-12-10T08:48:51","slug":"hayejin-cuddle-of-tea-tree-green-calming-sheet-mask-1ea","status":"publish","type":"product","link":"https:\/\/hayejineurope.com\/lt\/product\/hayejin-cuddle-of-tea-tree-green-calming-sheet-mask-1ea\/","title":{"rendered":"HAYEJIN \"Cuddle of Tea Tree\" raminanti lak\u0161tin\u0117 kauk\u0117 (1 lak\u0161tas)"},"content":{"rendered":"<p>Naudojimas: nuvalykite ir nusausinkite veido od\u0105, tinkamai u\u017ed\u0117kite kauk\u0119 aplink aki\u0173, nosies ir burnos sritis. Palikite kauk\u0119 veikti 10-20 minu\u010di\u0173. Nuimkite kauk\u0119 ir \u0161velniai patap\u0161nokite likusi\u0105 esencij\u0105, kad \u012fsigert\u0173.<\/p>","protected":false},"excerpt":{"rendered":"<div><span lang=\"EN-GB\">Raminamojo poveikio kauk\u0117 savo gryna Melaleuca Alternifolia (arbatmed\u017ei\u0173) lap\u0173 ekstrakto, arbatmed\u017ei\u0173 eterinio aliejaus ir azijini\u0173 centeli\u0173 \u017eali\u0105ja energija ramina jautri\u0105 bei sudirgusi\u0105 od\u0105 ir puosel\u0117ja problemin\u0119 od\u0105. Trij\u0173 r\u016b\u0161i\u0173 azijini\u0173 centeli\u0173 ekstraktas sustiprina pa\u017eeistos odos barjer\u0105, atkuria odos gyvybingum\u0105 bei gydo problemin\u0119 od\u0105.<\/span><\/div>\n<div>\n<ul>\n<li>Talpa: 25 ml x 5 lak\u0161tai<\/li>\n<li>Itin priglundan\u010dios prie odos lak\u0161tin\u0117s kauk\u0117s<\/li>\n<li>Dermatologi\u0161kai patikrinta<\/li>\n<\/ul>\n<\/div>","protected":false},"featured_media":2613,"comment_status":"open","ping_status":"closed","template":"","meta":[],"product_cat":[53],"product_tag":[],"class_list":{"0":"post-2611","1":"product","2":"type-product","3":"status-publish","4":"has-post-thumbnail","5":"hentry","6":"product_cat-face-masks","swatches":"rey-swatches","show_selected":"rey-swatches--show-selected--name","stretch_labels":"rey-swatches--stretch-labels"},"acf":[],"yoast_head":"<!-- This site is optimized with the Yoast SEO plugin v21.5 - https:\/\/yoast.com\/wordpress\/plugins\/seo\/ -->\n<title>HAYEJIN Cuddle of Tea tree Green Calming Sheet Mask (1EA) - Korean Cosmetics - Hayejin<\/title>\n<meta name=\"robots\" content=\"index, follow, max-snippet:-1, max-image-preview:large, max-video-preview:-1\" \/>\n<link rel=\"canonical\" href=\"https:\/\/hayejineurope.com\/lt\/product\/hayejin-cuddle-of-tea-tree-green-calming-sheet-mask-1ea\/\" \/>\n<meta property=\"og:locale\" content=\"lt_LT\" \/>\n<meta property=\"og:type\" content=\"article\" \/>\n<meta property=\"og:title\" content=\"HAYEJIN Cuddle of Tea tree Green Calming Sheet Mask (1EA) - Korean Cosmetics - Hayejin\" \/>\n<meta property=\"og:description\" content=\"A soothing care mask containing the pure green energy of Melaleuca Alternifolia (Tea Tree) Leaf Extract, tea tree essential oil and Centella Asiatica, helps strengthen skin elasticity, gently caresses sensitive and irritated skin to treat problematic skin.    Volume: 25ml x 5 sheets  Ultra skin-fitting sheet mask  Dermatologically tested\" \/>\n<meta property=\"og:url\" content=\"https:\/\/hayejineurope.com\/lt\/product\/hayejin-cuddle-of-tea-tree-green-calming-sheet-mask-1ea\/\" \/>\n<meta property=\"og:site_name\" content=\"Korean Cosmetics - Hayejin\" \/>\n<meta property=\"article:modified_time\" content=\"2024-12-10T08:48:51+00:00\" \/>\n<meta property=\"og:image\" content=\"https:\/\/hayejineurope.com\/wp-content\/uploads\/2023\/04\/CO018G03-1024x683.png\" \/>\n\t<meta property=\"og:image:width\" content=\"1024\" \/>\n\t<meta property=\"og:image:height\" content=\"683\" \/>\n\t<meta property=\"og:image:type\" content=\"image\/png\" \/>\n<meta name=\"twitter:card\" content=\"summary_large_image\" \/>\n<meta name=\"twitter:label1\" content=\"Est. reading time\" \/>\n\t<meta name=\"twitter:data1\" content=\"1 minut\u0117\" \/>\n<script type=\"application\/ld+json\" class=\"yoast-schema-graph\">{\"@context\":\"https:\/\/schema.org\",\"@graph\":[{\"@type\":\"WebPage\",\"@id\":\"https:\/\/hayejineurope.com\/product\/hayejin-cuddle-of-tea-tree-green-calming-sheet-mask-1ea\/\",\"url\":\"https:\/\/hayejineurope.com\/product\/hayejin-cuddle-of-tea-tree-green-calming-sheet-mask-1ea\/\",\"name\":\"HAYEJIN Cuddle of Tea tree Green Calming Sheet Mask (1EA) - Korean Cosmetics - Hayejin\",\"isPartOf\":{\"@id\":\"https:\/\/hayejineurope.com\/#website\"},\"datePublished\":\"2023-04-19T08:07:58+00:00\",\"dateModified\":\"2024-12-10T08:48:51+00:00\",\"breadcrumb\":{\"@id\":\"https:\/\/hayejineurope.com\/product\/hayejin-cuddle-of-tea-tree-green-calming-sheet-mask-1ea\/#breadcrumb\"},\"inLanguage\":\"lt-LT\",\"potentialAction\":[{\"@type\":\"ReadAction\",\"target\":[\"https:\/\/hayejineurope.com\/product\/hayejin-cuddle-of-tea-tree-green-calming-sheet-mask-1ea\/\"]}]},{\"@type\":\"BreadcrumbList\",\"@id\":\"https:\/\/hayejineurope.com\/product\/hayejin-cuddle-of-tea-tree-green-calming-sheet-mask-1ea\/#breadcrumb\",\"itemListElement\":[{\"@type\":\"ListItem\",\"position\":1,\"name\":\"Home\",\"item\":\"https:\/\/hayejineurope.com\/\"},{\"@type\":\"ListItem\",\"position\":2,\"name\":\"Shop\",\"item\":\"https:\/\/hayejineurope.com\/shop\/\"},{\"@type\":\"ListItem\",\"position\":3,\"name\":\"HAYEJIN Cuddle of Tea tree Green Calming Sheet Mask (1EA)\"}]},{\"@type\":\"WebSite\",\"@id\":\"https:\/\/hayejineurope.com\/#website\",\"url\":\"https:\/\/hayejineurope.com\/\",\"name\":\"Hayejin europe\",\"description\":\"Official \u2018HAYEJIN\u2019 representative in Europe\",\"publisher\":{\"@id\":\"https:\/\/hayejineurope.com\/#organization\"},\"potentialAction\":[{\"@type\":\"SearchAction\",\"target\":{\"@type\":\"EntryPoint\",\"urlTemplate\":\"https:\/\/hayejineurope.com\/?s={search_term_string}\"},\"query-input\":\"required name=search_term_string\"}],\"inLanguage\":\"lt-LT\"},{\"@type\":\"Organization\",\"@id\":\"https:\/\/hayejineurope.com\/#organization\",\"name\":\"Hayejin\",\"url\":\"https:\/\/hayejineurope.com\/\",\"logo\":{\"@type\":\"ImageObject\",\"inLanguage\":\"lt-LT\",\"@id\":\"https:\/\/hayejineurope.com\/#\/schema\/logo\/image\/\",\"url\":\"http:\/\/hayejineurope.com\/wp-content\/uploads\/2019\/07\/1-2.HorizontalLogoSymbol.png\",\"contentUrl\":\"http:\/\/hayejineurope.com\/wp-content\/uploads\/2019\/07\/1-2.HorizontalLogoSymbol.png\",\"width\":1000,\"height\":250,\"caption\":\"Hayejin\"},\"image\":{\"@id\":\"https:\/\/hayejineurope.com\/#\/schema\/logo\/image\/\"}}]}<\/script>\n<!-- \/ Yoast SEO plugin. -->","yoast_head_json":{"title":"HAYEJIN Cuddle of Tea tree Green Calming Sheet Mask (1EA) - Korean Cosmetics - Hayejin","robots":{"index":"index","follow":"follow","max-snippet":"max-snippet:-1","max-image-preview":"max-image-preview:large","max-video-preview":"max-video-preview:-1"},"canonical":"https:\/\/hayejineurope.com\/lt\/product\/hayejin-cuddle-of-tea-tree-green-calming-sheet-mask-1ea\/","og_locale":"lt_LT","og_type":"article","og_title":"HAYEJIN Cuddle of Tea tree Green Calming Sheet Mask (1EA) - Korean Cosmetics - Hayejin","og_description":"A soothing care mask containing the pure green energy of Melaleuca Alternifolia (Tea Tree) Leaf Extract, tea tree essential oil and Centella Asiatica, helps strengthen skin elasticity, gently caresses sensitive and irritated skin to treat problematic skin.    Volume: 25ml x 5 sheets  Ultra skin-fitting sheet mask  Dermatologically tested","og_url":"https:\/\/hayejineurope.com\/lt\/product\/hayejin-cuddle-of-tea-tree-green-calming-sheet-mask-1ea\/","og_site_name":"Korean Cosmetics - Hayejin","article_modified_time":"2024-12-10T08:48:51+00:00","og_image":[{"width":1024,"height":683,"url":"https:\/\/hayejineurope.com\/wp-content\/uploads\/2023\/04\/CO018G03-1024x683.png","type":"image\/png"}],"twitter_card":"summary_large_image","twitter_misc":{"Est. reading time":"1 minut\u0117"},"schema":{"@context":"https:\/\/schema.org","@graph":[{"@type":"WebPage","@id":"https:\/\/hayejineurope.com\/product\/hayejin-cuddle-of-tea-tree-green-calming-sheet-mask-1ea\/","url":"https:\/\/hayejineurope.com\/product\/hayejin-cuddle-of-tea-tree-green-calming-sheet-mask-1ea\/","name":"HAYEJIN Cuddle of Tea tree Green Calming Sheet Mask (1EA) - Korean Cosmetics - Hayejin","isPartOf":{"@id":"https:\/\/hayejineurope.com\/#website"},"datePublished":"2023-04-19T08:07:58+00:00","dateModified":"2024-12-10T08:48:51+00:00","breadcrumb":{"@id":"https:\/\/hayejineurope.com\/product\/hayejin-cuddle-of-tea-tree-green-calming-sheet-mask-1ea\/#breadcrumb"},"inLanguage":"lt-LT","potentialAction":[{"@type":"ReadAction","target":["https:\/\/hayejineurope.com\/product\/hayejin-cuddle-of-tea-tree-green-calming-sheet-mask-1ea\/"]}]},{"@type":"BreadcrumbList","@id":"https:\/\/hayejineurope.com\/product\/hayejin-cuddle-of-tea-tree-green-calming-sheet-mask-1ea\/#breadcrumb","itemListElement":[{"@type":"ListItem","position":1,"name":"Home","item":"https:\/\/hayejineurope.com\/"},{"@type":"ListItem","position":2,"name":"Shop","item":"https:\/\/hayejineurope.com\/shop\/"},{"@type":"ListItem","position":3,"name":"HAYEJIN Cuddle of Tea tree Green Calming Sheet Mask (1EA)"}]},{"@type":"WebSite","@id":"https:\/\/hayejineurope.com\/#website","url":"https:\/\/hayejineurope.com\/","name":"Hayejin europe","description":"Official \u2018HAYEJIN\u2019 representative in Europe","publisher":{"@id":"https:\/\/hayejineurope.com\/#organization"},"potentialAction":[{"@type":"SearchAction","target":{"@type":"EntryPoint","urlTemplate":"https:\/\/hayejineurope.com\/?s={search_term_string}"},"query-input":"required name=search_term_string"}],"inLanguage":"lt-LT"},{"@type":"Organization","@id":"https:\/\/hayejineurope.com\/#organization","name":"Hayejin","url":"https:\/\/hayejineurope.com\/","logo":{"@type":"ImageObject","inLanguage":"lt-LT","@id":"https:\/\/hayejineurope.com\/#\/schema\/logo\/image\/","url":"http:\/\/hayejineurope.com\/wp-content\/uploads\/2019\/07\/1-2.HorizontalLogoSymbol.png","contentUrl":"http:\/\/hayejineurope.com\/wp-content\/uploads\/2019\/07\/1-2.HorizontalLogoSymbol.png","width":1000,"height":250,"caption":"Hayejin"},"image":{"@id":"https:\/\/hayejineurope.com\/#\/schema\/logo\/image\/"}}]}},"_links":{"self":[{"href":"https:\/\/hayejineurope.com\/lt\/wp-json\/wp\/v2\/product\/2611","targetHints":{"allow":["GET"]}}],"collection":[{"href":"https:\/\/hayejineurope.com\/lt\/wp-json\/wp\/v2\/product"}],"about":[{"href":"https:\/\/hayejineurope.com\/lt\/wp-json\/wp\/v2\/types\/product"}],"replies":[{"embeddable":true,"href":"https:\/\/hayejineurope.com\/lt\/wp-json\/wp\/v2\/comments?post=2611"}],"wp:featuredmedia":[{"embeddable":true,"href":"https:\/\/hayejineurope.com\/lt\/wp-json\/wp\/v2\/media\/2613"}],"wp:attachment":[{"href":"https:\/\/hayejineurope.com\/lt\/wp-json\/wp\/v2\/media?parent=2611"}],"wp:term":[{"taxonomy":"product_cat","embeddable":true,"href":"https:\/\/hayejineurope.com\/lt\/wp-json\/wp\/v2\/product_cat?post=2611"},{"taxonomy":"product_tag","embeddable":true,"href":"https:\/\/hayejineurope.com\/lt\/wp-json\/wp\/v2\/product_tag?post=2611"}],"curies":[{"name":"wp","href":"https:\/\/api.w.org\/{rel}","templated":true}]}}