{"id":4425,"date":"2023-02-16T22:46:13","date_gmt":"2023-02-16T19:46:13","guid":{"rendered":"https:\/\/hayejineurope.com\/?post_type=product&#038;p=4425"},"modified":"2026-04-02T12:16:24","modified_gmt":"2026-04-02T09:16:24","slug":"hayejin-ricefila-rice-bran-3-step-gift-box-for-face-care","status":"publish","type":"product","link":"https:\/\/hayejineurope.com\/lt\/product\/hayejin-ricefila-rice-bran-3-step-gift-box-for-face-care\/","title":{"rendered":"HAYEJIN RiceFila\u2122 &amp; Rice Bran 3 STEP Gift Box for FACE care"},"content":{"rendered":"<p>1 \u017dINGSNIS \u2013 Aliejaus pagrindo toneris. Prie\u0161 pradedant naudoti, papurtykite buteliuk\u0105, kad sumai\u0161ytum\u0117te aliejaus sluoksn\u012f su ekstrakto sluoksniu. Nusiplovus veid\u0105, toner\u012f u\u017etepkite ant sausos odos ir lengvai patap\u0161nokite kol \u012fsigers.<\/p>\n<p>2 \u017dINGSNIS \u2013 Veido kremas. Po valymo u\u017etepkite reikiam\u0105 kiek\u012f ant veido ir kaklo, tada \u0161velniai patap\u0161nokite, kad \u012fsigert\u0173.<\/p>\n<p>3 \u017dINGSNIS \u2013 Veido aliejus. Paskutiniame odos prie\u017ei\u016bros etape u\u017ela\u0161inkite 2\u20133 la\u0161us ant delno ir patrinkite, kad su\u0161ilt\u0173. Tada \u0161velniai u\u017edenkite veid\u0105 rankomis, kad prid\u0117tum\u0117te dr\u0117gm\u0117s. Taip pat galite sumai\u0161yti 1\u20132 la\u0161us su \u012fprastai naudojamomis odos prie\u017ei\u016bros priemon\u0117mis, kad padidintum\u0117te dr\u0117kinam\u0105j\u012f poveik\u012f. Prausdami veid\u0105, \u012fla\u0161inkite la\u0161\u0105 aliejaus \u012f paskutin\u012f skalavimo vanden\u012f, kad padidintum\u0117te mityb\u0105.<\/p>","protected":false},"excerpt":{"rendered":"<p>1 \u017eingsnis \u2013 HAYEJIN RiceFila\u2122 aliejaus pagrindo toneris, 150ml. Dvigubo sluoksnio aliejaus pagrindo toneris su ry\u017ei\u0173 s\u0117len\u0173 aliejumi ir ry\u017ei\u0173 s\u0117len\u0173 ekstraktu palaiko optimal\u0173 odos dr\u0117gm\u0117s ir riebal\u0173 balans\u0105. Toneris ir losjonas viename buteliuke \u2013 papur\u010dius susimai\u0161o \u012f maitinant\u012f fluid\u0105, kuris suteikia odai tobul\u0105 dr\u0117kinim\u0105, maitinim\u0105 ir padeda u\u017ekirsti keli\u0105 rauk\u0161li\u0173 atsiradimui. Papildytas botanin\u0117s kilm\u0117s peptidais, 8 gamtin\u0117s kilm\u0117s aliejais ir fitino r\u016bg\u0161timi padeda atgaivinti od\u0105 ir sustiprinti odos apsaugin\u012f barjer\u0105, pakelti odos tonus\u0105 ir pagerinti odos tekst\u016br\u0105.<\/p>\n<p>2 \u017eingsnis \u2013 HAYEJIN RiceFila\u2122 dr\u0117kinamasis kremas, 50ml. Itin lengvos tekst\u016bros dr\u0117kinamasis kremas i\u0161laiko J\u016bs\u0173 odos dr\u0117gnum\u0105 net iki 50 valand\u0173. Pripildytas 5 sluoksni\u0173 hialurono r\u016bg\u0161timi, botanin\u0117s kilm\u0117s peptidais, ry\u017ei\u0173 keramidu ir ry\u017ei\u0173 s\u0117len\u0173 aliejumi, suteikia ilgai i\u0161liekant\u012f dr\u0117kinim\u0105 ir maitinim\u0105, sustiprina odos apsaugin\u012f barjer\u0105 ir atkuria dr\u0117gm\u0117s balans\u0105.<\/p>\n<p>3 \u017eingsnis \u2013 HAYEJIN ry\u017ei\u0173 s\u0117len\u0173 aliejus veidui, 50ml. Tvirtai padengia od\u0105 i\u0161 vidaus ir i\u0161 i\u0161or\u0117s su patikimomis Kor\u0117jieti\u0161kos kilm\u0117s sudedamosiomis dalimis. Padeda sul\u0117tinti odos sen\u0117jimo procesus, apsaugo nuo melanino sintez\u0117s, kad odai suteikt\u0173 ai\u0161k\u0173 \u0161vyt\u0117jim\u0105, labai veiksmingas tiems, kas turi saus\u0105 od\u0105.<\/p>","protected":false},"featured_media":4426,"comment_status":"open","ping_status":"closed","template":"","meta":[],"product_cat":[60,174],"product_tag":[],"class_list":{"0":"post-4425","1":"product","2":"type-product","3":"status-publish","4":"has-post-thumbnail","5":"hentry","6":"product_cat-body-care","7":"product_cat-gift-boxes","swatches":"rey-swatches","show_selected":"rey-swatches--show-selected--name","stretch_labels":"rey-swatches--stretch-labels"},"acf":[],"yoast_head":"<!-- This site is optimized with the Yoast SEO plugin v21.5 - https:\/\/yoast.com\/wordpress\/plugins\/seo\/ -->\n<title>HAYEJIN RiceFila\u2122 &amp; Rice Bran 3 STEP Gift Box for FACE care - Korean Cosmetics - Hayejin<\/title>\n<meta name=\"robots\" content=\"index, follow, max-snippet:-1, max-image-preview:large, max-video-preview:-1\" \/>\n<link rel=\"canonical\" href=\"https:\/\/hayejineurope.com\/lt\/product\/hayejin-ricefila-rice-bran-3-step-gift-box-for-face-care\/\" \/>\n<meta property=\"og:locale\" content=\"lt_LT\" \/>\n<meta property=\"og:type\" content=\"article\" \/>\n<meta property=\"og:title\" content=\"HAYEJIN RiceFila\u2122 &amp; Rice Bran 3 STEP Gift Box for FACE care - Korean Cosmetics - Hayejin\" \/>\n<meta property=\"og:description\" content=\"Step 1 \u2013 HAYEJIN RiceFila\u2122 oil toner, 150ml. Double-layer oil-based toner with Rice Bran Oil and Rice Bran Extract maintains the skin\u2019s optimal moisture and oil balance. Toner and lotion in one bottle \u2013 when shaken, they blend into a nourishing fluid that provides perfect hydration, nourishment and helps prevent the appearance of wrinkles. Supplemented with botanical peptides, 8 natural oils and phytic acid, it helps to revitalise the skin and strengthen the skin\u2019s protective barrier, lifting skin tone and improving skin texture.  Step 2 \u2013 HAYEJIN RiceFila\u2122 moisturizing cream, 50ml. This ultra-light texture moisturiser keeps your skin hydrated for up to 50 hours. Infused with 5-layer hyaluronic acid, botanical peptides, rice ceramide and rice bran oil, it provides long-lasting hydration and nourishment, reinforces the skin\u2019s protective barrier and restores moisture balance.  Step 3 \u2013 HAYEJIN Rice Bran Oil for Face, 50ml. Firmly filing the inside-out of skin with reliable Korean-origin ingredients. Helps to slow down the aging process of skin, prevents the melanin synthesis process to give the skin a clear glow, notable improvement on dry skin troubles.\" \/>\n<meta property=\"og:url\" content=\"https:\/\/hayejineurope.com\/lt\/product\/hayejin-ricefila-rice-bran-3-step-gift-box-for-face-care\/\" \/>\n<meta property=\"og:site_name\" content=\"Korean Cosmetics - Hayejin\" \/>\n<meta property=\"article:modified_time\" content=\"2026-04-02T09:16:24+00:00\" \/>\n<meta property=\"og:image\" content=\"https:\/\/hayejineurope.com\/wp-content\/uploads\/2024\/04\/1-foto.jpg\" \/>\n\t<meta property=\"og:image:width\" content=\"1080\" \/>\n\t<meta property=\"og:image:height\" content=\"1080\" \/>\n\t<meta property=\"og:image:type\" content=\"image\/jpeg\" \/>\n<meta name=\"twitter:card\" content=\"summary_large_image\" \/>\n<meta name=\"twitter:label1\" content=\"Est. reading time\" \/>\n\t<meta name=\"twitter:data1\" content=\"1 minut\u0117\" \/>\n<script type=\"application\/ld+json\" class=\"yoast-schema-graph\">{\"@context\":\"https:\/\/schema.org\",\"@graph\":[{\"@type\":\"WebPage\",\"@id\":\"https:\/\/hayejineurope.com\/product\/hayejin-ricefila-rice-bran-3-step-gift-box-for-face-care\/\",\"url\":\"https:\/\/hayejineurope.com\/product\/hayejin-ricefila-rice-bran-3-step-gift-box-for-face-care\/\",\"name\":\"HAYEJIN RiceFila\u2122 &amp; Rice Bran 3 STEP Gift Box for FACE care - Korean Cosmetics - Hayejin\",\"isPartOf\":{\"@id\":\"https:\/\/hayejineurope.com\/#website\"},\"datePublished\":\"2023-02-16T19:46:13+00:00\",\"dateModified\":\"2026-04-02T09:16:24+00:00\",\"breadcrumb\":{\"@id\":\"https:\/\/hayejineurope.com\/product\/hayejin-ricefila-rice-bran-3-step-gift-box-for-face-care\/#breadcrumb\"},\"inLanguage\":\"lt-LT\",\"potentialAction\":[{\"@type\":\"ReadAction\",\"target\":[\"https:\/\/hayejineurope.com\/product\/hayejin-ricefila-rice-bran-3-step-gift-box-for-face-care\/\"]}]},{\"@type\":\"BreadcrumbList\",\"@id\":\"https:\/\/hayejineurope.com\/product\/hayejin-ricefila-rice-bran-3-step-gift-box-for-face-care\/#breadcrumb\",\"itemListElement\":[{\"@type\":\"ListItem\",\"position\":1,\"name\":\"Home\",\"item\":\"https:\/\/hayejineurope.com\/\"},{\"@type\":\"ListItem\",\"position\":2,\"name\":\"Shop\",\"item\":\"https:\/\/hayejineurope.com\/shop\/\"},{\"@type\":\"ListItem\",\"position\":3,\"name\":\"HAYEJIN RiceFila\u2122 &amp; Rice Bran 3 STEP Gift Box for FACE care\"}]},{\"@type\":\"WebSite\",\"@id\":\"https:\/\/hayejineurope.com\/#website\",\"url\":\"https:\/\/hayejineurope.com\/\",\"name\":\"Hayejin europe\",\"description\":\"Official \u2018HAYEJIN\u2019 representative in Europe\",\"publisher\":{\"@id\":\"https:\/\/hayejineurope.com\/#organization\"},\"potentialAction\":[{\"@type\":\"SearchAction\",\"target\":{\"@type\":\"EntryPoint\",\"urlTemplate\":\"https:\/\/hayejineurope.com\/?s={search_term_string}\"},\"query-input\":\"required name=search_term_string\"}],\"inLanguage\":\"lt-LT\"},{\"@type\":\"Organization\",\"@id\":\"https:\/\/hayejineurope.com\/#organization\",\"name\":\"Hayejin\",\"url\":\"https:\/\/hayejineurope.com\/\",\"logo\":{\"@type\":\"ImageObject\",\"inLanguage\":\"lt-LT\",\"@id\":\"https:\/\/hayejineurope.com\/#\/schema\/logo\/image\/\",\"url\":\"http:\/\/hayejineurope.com\/wp-content\/uploads\/2019\/07\/1-2.HorizontalLogoSymbol.png\",\"contentUrl\":\"http:\/\/hayejineurope.com\/wp-content\/uploads\/2019\/07\/1-2.HorizontalLogoSymbol.png\",\"width\":1000,\"height\":250,\"caption\":\"Hayejin\"},\"image\":{\"@id\":\"https:\/\/hayejineurope.com\/#\/schema\/logo\/image\/\"}}]}<\/script>\n<!-- \/ Yoast SEO plugin. -->","yoast_head_json":{"title":"HAYEJIN RiceFila\u2122 &amp; Rice Bran 3 STEP Gift Box for FACE care - Korean Cosmetics - Hayejin","robots":{"index":"index","follow":"follow","max-snippet":"max-snippet:-1","max-image-preview":"max-image-preview:large","max-video-preview":"max-video-preview:-1"},"canonical":"https:\/\/hayejineurope.com\/lt\/product\/hayejin-ricefila-rice-bran-3-step-gift-box-for-face-care\/","og_locale":"lt_LT","og_type":"article","og_title":"HAYEJIN RiceFila\u2122 &amp; Rice Bran 3 STEP Gift Box for FACE care - Korean Cosmetics - Hayejin","og_description":"Step 1 \u2013 HAYEJIN RiceFila\u2122 oil toner, 150ml. Double-layer oil-based toner with Rice Bran Oil and Rice Bran Extract maintains the skin\u2019s optimal moisture and oil balance. Toner and lotion in one bottle \u2013 when shaken, they blend into a nourishing fluid that provides perfect hydration, nourishment and helps prevent the appearance of wrinkles. Supplemented with botanical peptides, 8 natural oils and phytic acid, it helps to revitalise the skin and strengthen the skin\u2019s protective barrier, lifting skin tone and improving skin texture.  Step 2 \u2013 HAYEJIN RiceFila\u2122 moisturizing cream, 50ml. This ultra-light texture moisturiser keeps your skin hydrated for up to 50 hours. Infused with 5-layer hyaluronic acid, botanical peptides, rice ceramide and rice bran oil, it provides long-lasting hydration and nourishment, reinforces the skin\u2019s protective barrier and restores moisture balance.  Step 3 \u2013 HAYEJIN Rice Bran Oil for Face, 50ml. Firmly filing the inside-out of skin with reliable Korean-origin ingredients. Helps to slow down the aging process of skin, prevents the melanin synthesis process to give the skin a clear glow, notable improvement on dry skin troubles.","og_url":"https:\/\/hayejineurope.com\/lt\/product\/hayejin-ricefila-rice-bran-3-step-gift-box-for-face-care\/","og_site_name":"Korean Cosmetics - Hayejin","article_modified_time":"2026-04-02T09:16:24+00:00","og_image":[{"width":1080,"height":1080,"url":"https:\/\/hayejineurope.com\/wp-content\/uploads\/2024\/04\/1-foto.jpg","type":"image\/jpeg"}],"twitter_card":"summary_large_image","twitter_misc":{"Est. reading time":"1 minut\u0117"},"schema":{"@context":"https:\/\/schema.org","@graph":[{"@type":"WebPage","@id":"https:\/\/hayejineurope.com\/product\/hayejin-ricefila-rice-bran-3-step-gift-box-for-face-care\/","url":"https:\/\/hayejineurope.com\/product\/hayejin-ricefila-rice-bran-3-step-gift-box-for-face-care\/","name":"HAYEJIN RiceFila\u2122 &amp; Rice Bran 3 STEP Gift Box for FACE care - Korean Cosmetics - Hayejin","isPartOf":{"@id":"https:\/\/hayejineurope.com\/#website"},"datePublished":"2023-02-16T19:46:13+00:00","dateModified":"2026-04-02T09:16:24+00:00","breadcrumb":{"@id":"https:\/\/hayejineurope.com\/product\/hayejin-ricefila-rice-bran-3-step-gift-box-for-face-care\/#breadcrumb"},"inLanguage":"lt-LT","potentialAction":[{"@type":"ReadAction","target":["https:\/\/hayejineurope.com\/product\/hayejin-ricefila-rice-bran-3-step-gift-box-for-face-care\/"]}]},{"@type":"BreadcrumbList","@id":"https:\/\/hayejineurope.com\/product\/hayejin-ricefila-rice-bran-3-step-gift-box-for-face-care\/#breadcrumb","itemListElement":[{"@type":"ListItem","position":1,"name":"Home","item":"https:\/\/hayejineurope.com\/"},{"@type":"ListItem","position":2,"name":"Shop","item":"https:\/\/hayejineurope.com\/shop\/"},{"@type":"ListItem","position":3,"name":"HAYEJIN RiceFila\u2122 &amp; Rice Bran 3 STEP Gift Box for FACE care"}]},{"@type":"WebSite","@id":"https:\/\/hayejineurope.com\/#website","url":"https:\/\/hayejineurope.com\/","name":"Hayejin europe","description":"Official \u2018HAYEJIN\u2019 representative in Europe","publisher":{"@id":"https:\/\/hayejineurope.com\/#organization"},"potentialAction":[{"@type":"SearchAction","target":{"@type":"EntryPoint","urlTemplate":"https:\/\/hayejineurope.com\/?s={search_term_string}"},"query-input":"required name=search_term_string"}],"inLanguage":"lt-LT"},{"@type":"Organization","@id":"https:\/\/hayejineurope.com\/#organization","name":"Hayejin","url":"https:\/\/hayejineurope.com\/","logo":{"@type":"ImageObject","inLanguage":"lt-LT","@id":"https:\/\/hayejineurope.com\/#\/schema\/logo\/image\/","url":"http:\/\/hayejineurope.com\/wp-content\/uploads\/2019\/07\/1-2.HorizontalLogoSymbol.png","contentUrl":"http:\/\/hayejineurope.com\/wp-content\/uploads\/2019\/07\/1-2.HorizontalLogoSymbol.png","width":1000,"height":250,"caption":"Hayejin"},"image":{"@id":"https:\/\/hayejineurope.com\/#\/schema\/logo\/image\/"}}]}},"_links":{"self":[{"href":"https:\/\/hayejineurope.com\/lt\/wp-json\/wp\/v2\/product\/4425","targetHints":{"allow":["GET"]}}],"collection":[{"href":"https:\/\/hayejineurope.com\/lt\/wp-json\/wp\/v2\/product"}],"about":[{"href":"https:\/\/hayejineurope.com\/lt\/wp-json\/wp\/v2\/types\/product"}],"replies":[{"embeddable":true,"href":"https:\/\/hayejineurope.com\/lt\/wp-json\/wp\/v2\/comments?post=4425"}],"wp:featuredmedia":[{"embeddable":true,"href":"https:\/\/hayejineurope.com\/lt\/wp-json\/wp\/v2\/media\/4426"}],"wp:attachment":[{"href":"https:\/\/hayejineurope.com\/lt\/wp-json\/wp\/v2\/media?parent=4425"}],"wp:term":[{"taxonomy":"product_cat","embeddable":true,"href":"https:\/\/hayejineurope.com\/lt\/wp-json\/wp\/v2\/product_cat?post=4425"},{"taxonomy":"product_tag","embeddable":true,"href":"https:\/\/hayejineurope.com\/lt\/wp-json\/wp\/v2\/product_tag?post=4425"}],"curies":[{"name":"wp","href":"https:\/\/api.w.org\/{rel}","templated":true}]}}