{"id":4935,"date":"2025-02-03T15:25:45","date_gmt":"2025-02-03T12:25:45","guid":{"rendered":"https:\/\/hayejineurope.com\/?post_type=product&#038;p=4935"},"modified":"2026-04-18T19:39:26","modified_gmt":"2026-04-18T16:39:26","slug":"ricefila-cleansing-oil","status":"publish","type":"product","link":"https:\/\/hayejineurope.com\/lt\/product\/ricefila-cleansing-oil\/","title":{"rendered":"RiceFila\u2122 Valomasis Aliejus 200 ml"},"content":{"rendered":"","protected":false},"excerpt":{"rendered":"<p>Vegani\u0161kas valomasis aliejus, kuris kruop\u0161\u010diai nuvalo makia\u017e\u0105 ir pa\u0161alina odos ne\u0161varumus.<\/p>\n<p>Naudojimas: u\u017etepkite reikiam\u0105 kiek\u012f priemon\u0117s ant veido ir \u0161velniai \u012fmasa\u017euokite. Sudr\u0117kinkite rankas vandeniu ir \u012fmasa\u017euokite dar kart\u0105, suformuodami emulsij\u0105 ant odos. Kruop\u0161\u010diai nuplaukite dideliu kiekiu drungno vandens<\/p>","protected":false},"featured_media":4960,"comment_status":"open","ping_status":"closed","template":"","meta":[],"product_cat":[54],"product_tag":[],"class_list":{"0":"post-4935","1":"product","2":"type-product","3":"status-publish","4":"has-post-thumbnail","5":"hentry","6":"product_cat-cleansers","swatches":"rey-swatches","show_selected":"rey-swatches--show-selected--name","stretch_labels":"rey-swatches--stretch-labels"},"acf":[],"yoast_head":"<!-- This site is optimized with the Yoast SEO plugin v21.5 - https:\/\/yoast.com\/wordpress\/plugins\/seo\/ -->\n<title>\u201cRiceFila\u2122 Cleansing Oil - Korean Cosmetics - Hayejin<\/title>\n<meta name=\"robots\" content=\"index, follow, max-snippet:-1, max-image-preview:large, max-video-preview:-1\" \/>\n<link rel=\"canonical\" href=\"https:\/\/hayejineurope.com\/lt\/product\/ricefila-cleansing-oil\/\" \/>\n<meta property=\"og:locale\" content=\"lt_LT\" \/>\n<meta property=\"og:type\" content=\"article\" \/>\n<meta property=\"og:title\" content=\"\u201cRiceFila\u2122 Cleansing Oil - Korean Cosmetics - Hayejin\" \/>\n<meta property=\"og:description\" content=\"An effective vegan cleansing oil that thoroughly removes makeup and impurities from the skin.  How to use: Apply the right amount to face and massage into skin. Dampen your hands well and massage your face with it, forming an emulsion on the skin, then rinse thoroughly with plenty of lukewarm water.\" \/>\n<meta property=\"og:url\" content=\"https:\/\/hayejineurope.com\/lt\/product\/ricefila-cleansing-oil\/\" \/>\n<meta property=\"og:site_name\" content=\"Korean Cosmetics - Hayejin\" \/>\n<meta property=\"article:modified_time\" content=\"2026-04-18T16:39:26+00:00\" \/>\n<meta property=\"og:image\" content=\"https:\/\/hayejineurope.com\/wp-content\/uploads\/2025\/02\/RF019G01_2024_EN-819x1024.png\" \/>\n\t<meta property=\"og:image:width\" content=\"819\" \/>\n\t<meta property=\"og:image:height\" content=\"1024\" \/>\n\t<meta property=\"og:image:type\" content=\"image\/png\" \/>\n<meta name=\"twitter:card\" content=\"summary_large_image\" \/>\n<script type=\"application\/ld+json\" class=\"yoast-schema-graph\">{\"@context\":\"https:\/\/schema.org\",\"@graph\":[{\"@type\":\"WebPage\",\"@id\":\"https:\/\/hayejineurope.com\/product\/ricefila-cleansing-oil\/\",\"url\":\"https:\/\/hayejineurope.com\/product\/ricefila-cleansing-oil\/\",\"name\":\"\u201cRiceFila\u2122 Cleansing Oil - Korean Cosmetics - Hayejin\",\"isPartOf\":{\"@id\":\"https:\/\/hayejineurope.com\/#website\"},\"datePublished\":\"2025-02-03T12:25:45+00:00\",\"dateModified\":\"2026-04-18T16:39:26+00:00\",\"breadcrumb\":{\"@id\":\"https:\/\/hayejineurope.com\/product\/ricefila-cleansing-oil\/#breadcrumb\"},\"inLanguage\":\"lt-LT\",\"potentialAction\":[{\"@type\":\"ReadAction\",\"target\":[\"https:\/\/hayejineurope.com\/product\/ricefila-cleansing-oil\/\"]}]},{\"@type\":\"BreadcrumbList\",\"@id\":\"https:\/\/hayejineurope.com\/product\/ricefila-cleansing-oil\/#breadcrumb\",\"itemListElement\":[{\"@type\":\"ListItem\",\"position\":1,\"name\":\"Home\",\"item\":\"https:\/\/hayejineurope.com\/\"},{\"@type\":\"ListItem\",\"position\":2,\"name\":\"Shop\",\"item\":\"https:\/\/hayejineurope.com\/shop\/\"},{\"@type\":\"ListItem\",\"position\":3,\"name\":\"\u201cRiceFila\u2122 Cleansing Oil\"}]},{\"@type\":\"WebSite\",\"@id\":\"https:\/\/hayejineurope.com\/#website\",\"url\":\"https:\/\/hayejineurope.com\/\",\"name\":\"Hayejin europe\",\"description\":\"Official \u2018HAYEJIN\u2019 representative in Europe\",\"publisher\":{\"@id\":\"https:\/\/hayejineurope.com\/#organization\"},\"potentialAction\":[{\"@type\":\"SearchAction\",\"target\":{\"@type\":\"EntryPoint\",\"urlTemplate\":\"https:\/\/hayejineurope.com\/?s={search_term_string}\"},\"query-input\":\"required name=search_term_string\"}],\"inLanguage\":\"lt-LT\"},{\"@type\":\"Organization\",\"@id\":\"https:\/\/hayejineurope.com\/#organization\",\"name\":\"Hayejin\",\"url\":\"https:\/\/hayejineurope.com\/\",\"logo\":{\"@type\":\"ImageObject\",\"inLanguage\":\"lt-LT\",\"@id\":\"https:\/\/hayejineurope.com\/#\/schema\/logo\/image\/\",\"url\":\"http:\/\/hayejineurope.com\/wp-content\/uploads\/2019\/07\/1-2.HorizontalLogoSymbol.png\",\"contentUrl\":\"http:\/\/hayejineurope.com\/wp-content\/uploads\/2019\/07\/1-2.HorizontalLogoSymbol.png\",\"width\":1000,\"height\":250,\"caption\":\"Hayejin\"},\"image\":{\"@id\":\"https:\/\/hayejineurope.com\/#\/schema\/logo\/image\/\"}}]}<\/script>\n<!-- \/ Yoast SEO plugin. -->","yoast_head_json":{"title":"\u201cRiceFila\u2122 Cleansing Oil - Korean Cosmetics - Hayejin","robots":{"index":"index","follow":"follow","max-snippet":"max-snippet:-1","max-image-preview":"max-image-preview:large","max-video-preview":"max-video-preview:-1"},"canonical":"https:\/\/hayejineurope.com\/lt\/product\/ricefila-cleansing-oil\/","og_locale":"lt_LT","og_type":"article","og_title":"\u201cRiceFila\u2122 Cleansing Oil - Korean Cosmetics - Hayejin","og_description":"An effective vegan cleansing oil that thoroughly removes makeup and impurities from the skin.  How to use: Apply the right amount to face and massage into skin. Dampen your hands well and massage your face with it, forming an emulsion on the skin, then rinse thoroughly with plenty of lukewarm water.","og_url":"https:\/\/hayejineurope.com\/lt\/product\/ricefila-cleansing-oil\/","og_site_name":"Korean Cosmetics - Hayejin","article_modified_time":"2026-04-18T16:39:26+00:00","og_image":[{"width":819,"height":1024,"url":"https:\/\/hayejineurope.com\/wp-content\/uploads\/2025\/02\/RF019G01_2024_EN-819x1024.png","type":"image\/png"}],"twitter_card":"summary_large_image","schema":{"@context":"https:\/\/schema.org","@graph":[{"@type":"WebPage","@id":"https:\/\/hayejineurope.com\/product\/ricefila-cleansing-oil\/","url":"https:\/\/hayejineurope.com\/product\/ricefila-cleansing-oil\/","name":"\u201cRiceFila\u2122 Cleansing Oil - Korean Cosmetics - Hayejin","isPartOf":{"@id":"https:\/\/hayejineurope.com\/#website"},"datePublished":"2025-02-03T12:25:45+00:00","dateModified":"2026-04-18T16:39:26+00:00","breadcrumb":{"@id":"https:\/\/hayejineurope.com\/product\/ricefila-cleansing-oil\/#breadcrumb"},"inLanguage":"lt-LT","potentialAction":[{"@type":"ReadAction","target":["https:\/\/hayejineurope.com\/product\/ricefila-cleansing-oil\/"]}]},{"@type":"BreadcrumbList","@id":"https:\/\/hayejineurope.com\/product\/ricefila-cleansing-oil\/#breadcrumb","itemListElement":[{"@type":"ListItem","position":1,"name":"Home","item":"https:\/\/hayejineurope.com\/"},{"@type":"ListItem","position":2,"name":"Shop","item":"https:\/\/hayejineurope.com\/shop\/"},{"@type":"ListItem","position":3,"name":"\u201cRiceFila\u2122 Cleansing Oil"}]},{"@type":"WebSite","@id":"https:\/\/hayejineurope.com\/#website","url":"https:\/\/hayejineurope.com\/","name":"Hayejin europe","description":"Official \u2018HAYEJIN\u2019 representative in Europe","publisher":{"@id":"https:\/\/hayejineurope.com\/#organization"},"potentialAction":[{"@type":"SearchAction","target":{"@type":"EntryPoint","urlTemplate":"https:\/\/hayejineurope.com\/?s={search_term_string}"},"query-input":"required name=search_term_string"}],"inLanguage":"lt-LT"},{"@type":"Organization","@id":"https:\/\/hayejineurope.com\/#organization","name":"Hayejin","url":"https:\/\/hayejineurope.com\/","logo":{"@type":"ImageObject","inLanguage":"lt-LT","@id":"https:\/\/hayejineurope.com\/#\/schema\/logo\/image\/","url":"http:\/\/hayejineurope.com\/wp-content\/uploads\/2019\/07\/1-2.HorizontalLogoSymbol.png","contentUrl":"http:\/\/hayejineurope.com\/wp-content\/uploads\/2019\/07\/1-2.HorizontalLogoSymbol.png","width":1000,"height":250,"caption":"Hayejin"},"image":{"@id":"https:\/\/hayejineurope.com\/#\/schema\/logo\/image\/"}}]}},"_links":{"self":[{"href":"https:\/\/hayejineurope.com\/lt\/wp-json\/wp\/v2\/product\/4935","targetHints":{"allow":["GET"]}}],"collection":[{"href":"https:\/\/hayejineurope.com\/lt\/wp-json\/wp\/v2\/product"}],"about":[{"href":"https:\/\/hayejineurope.com\/lt\/wp-json\/wp\/v2\/types\/product"}],"replies":[{"embeddable":true,"href":"https:\/\/hayejineurope.com\/lt\/wp-json\/wp\/v2\/comments?post=4935"}],"wp:featuredmedia":[{"embeddable":true,"href":"https:\/\/hayejineurope.com\/lt\/wp-json\/wp\/v2\/media\/4960"}],"wp:attachment":[{"href":"https:\/\/hayejineurope.com\/lt\/wp-json\/wp\/v2\/media?parent=4935"}],"wp:term":[{"taxonomy":"product_cat","embeddable":true,"href":"https:\/\/hayejineurope.com\/lt\/wp-json\/wp\/v2\/product_cat?post=4935"},{"taxonomy":"product_tag","embeddable":true,"href":"https:\/\/hayejineurope.com\/lt\/wp-json\/wp\/v2\/product_tag?post=4935"}],"curies":[{"name":"wp","href":"https:\/\/api.w.org\/{rel}","templated":true}]}}