{"id":4939,"date":"2025-02-03T15:38:49","date_gmt":"2025-02-03T12:38:49","guid":{"rendered":"https:\/\/hayejineurope.com\/?post_type=product&#038;p=4939"},"modified":"2026-01-23T14:21:36","modified_gmt":"2026-01-23T11:21:36","slug":"ricefila-dvigubai-drekinantis-kremas-50-ml","status":"publish","type":"product","link":"https:\/\/hayejineurope.com\/lt\/product\/ricefila-dvigubai-maitinantis-kremas-50ml\/","title":{"rendered":"RiceFila Dvigubai dr\u0117kinantis kremas"},"content":{"rendered":"<p>Nauda odai<\/p>\n<p class=\"translation-block\">Gilus ir ilgalaikis dr\u0117kinimas d\u0117l daugiapakopio hialurono r\u016bg\u0161ties poveikio.\nGeresnis odos elastingumas ir stangrumas.\nOdos barjero stiprinimas ir vandens netekimo ma\u017einimas.\nNiacinamido d\u0117ka skaistesn\u0117 veido spalva ir ma\u017e\u0117ja spalvos poky\u010diai.\nMaitina ir regeneruoja od\u0105, suteikia jai \u0161velnumo ir \u0161vyt\u0117jimo.<\/p>\n<p>&nbsp;<\/p>","protected":false},"excerpt":{"rendered":"<p>Kremas, turintis itin turting\u0105 sud\u0117t\u012f, maitina ir giliai dr\u0117kina od\u0105, suteikdamas gaivos poj\u016bt\u012f.<\/p>\n<p>Naudojimas: paskutiniame odos prie\u017ei\u016bros rutinos \u017eingsnyje, \u0161velniai u\u017etepkite krem\u0105 ant veido ir kaklo odos, kad suteiktum\u0117te intensyv\u0173 maitinim\u0105 ir gaivumo poj\u016bt\u012f.<\/p>\n<p data-start=\"34\" data-end=\"62\"><strong data-start=\"34\" data-end=\"62\">Pagrindin\u0117s veikliosios med\u017eiagos:<br \/>\n<\/strong>Ry\u017ei\u0173 ekstraktas. Ry\u017eiai yra turtingi vitaminais, mineralais ir antioksidantais, kurie padeda padidinti odos dr\u0117kinim\u0105 ir i\u0161lyginti jos tekst\u016br\u0105. Be to, ry\u017eiai turi nat\u016brali\u0173 od\u0105 \u0161viesinan\u010di\u0173 med\u017eiag\u0173, kurios gali pad\u0117ti suma\u017einti pigmentacij\u0105 ir tamsias d\u0117mes.<br \/>\nJ\u016bros dumbli\u0173 ekstraktas, kurio viena i\u0161 verting\u0173 savybi\u0173 yra geb\u0117jimas apsaugoti poras nuo u\u017esikim\u0161imo. Jis da\u017enai vadinamas \u201e\u017eoleli\u0173 botoksu\u201c. Jis gali skatinti od\u0105 gaminti kolagen\u0105 ir elastin\u0105, taip pat turi atpalaiduojant\u012f poveik\u012f mimikos raumenims.<br \/>\nFolio r\u016bg\u0161tis veikia kaip antioksidantas ir taip pat skatina kolageno bei elastino gamyb\u0105.<\/p>","protected":false},"featured_media":4958,"comment_status":"open","ping_status":"closed","template":"","meta":[],"product_cat":[15],"product_tag":[],"class_list":{"0":"post-4939","1":"product","2":"type-product","3":"status-publish","4":"has-post-thumbnail","5":"hentry","6":"product_cat-uncategorized","swatches":"rey-swatches","show_selected":"rey-swatches--show-selected--name","stretch_labels":"rey-swatches--stretch-labels"},"acf":[],"yoast_head":"<!-- This site is optimized with the Yoast SEO plugin v21.5 - https:\/\/yoast.com\/wordpress\/plugins\/seo\/ -->\n<title>\u201cRiceFila\u2122 Double Moisturizing Cream 50 ml - Korean Cosmetics - Hayejin<\/title>\n<meta name=\"robots\" content=\"index, follow, max-snippet:-1, max-image-preview:large, max-video-preview:-1\" \/>\n<link rel=\"canonical\" href=\"https:\/\/hayejineurope.com\/lt\/product\/ricefila-dvigubai-maitinantis-kremas-50ml\/\" \/>\n<meta property=\"og:locale\" content=\"lt_LT\" \/>\n<meta property=\"og:type\" content=\"article\" \/>\n<meta property=\"og:title\" content=\"\u201cRiceFila\u2122 Double Moisturizing Cream 50 ml - Korean Cosmetics - Hayejin\" \/>\n<meta property=\"og:description\" content=\"A cream with a particularly rich composition, which nourishes and deeply moisturizes the skin by creating a fresh feel.  How to use: As the final step in your skincare routine, gently apply to skin and neck for rich nourishment &amp; fresh feeling. Main active ingredients: Rice extract. Rice is rich in vitamins, minerals, and antioxidants that help increase skin hydration and smooth its texture. In addition, rice contains natural skin-brightening compounds that may help reduce discoloration and dark spots. Sea algae extract, one of whose valuable properties is the ability to protect pores from becoming clogged. It is commonly referred to as \u201cherbal botox.\u201d It can stimulate the skin to produce collagen and elastin and also has a relaxing effect on facial muscles. Folic acid acts as an antioxidant and also stimulates the production of collagen and elastin.\" \/>\n<meta property=\"og:url\" content=\"https:\/\/hayejineurope.com\/lt\/product\/ricefila-dvigubai-maitinantis-kremas-50ml\/\" \/>\n<meta property=\"og:site_name\" content=\"Korean Cosmetics - Hayejin\" \/>\n<meta property=\"article:modified_time\" content=\"2026-01-23T11:21:36+00:00\" \/>\n<meta property=\"og:image\" content=\"https:\/\/hayejineurope.com\/wp-content\/uploads\/2025\/02\/RF019G05_2024_EN-819x1024.png\" \/>\n\t<meta property=\"og:image:width\" content=\"819\" \/>\n\t<meta property=\"og:image:height\" content=\"1024\" \/>\n\t<meta property=\"og:image:type\" content=\"image\/png\" \/>\n<meta name=\"twitter:card\" content=\"summary_large_image\" \/>\n<meta name=\"twitter:label1\" content=\"Est. reading time\" \/>\n\t<meta name=\"twitter:data1\" content=\"1 minut\u0117\" \/>\n<script type=\"application\/ld+json\" class=\"yoast-schema-graph\">{\"@context\":\"https:\/\/schema.org\",\"@graph\":[{\"@type\":\"WebPage\",\"@id\":\"https:\/\/hayejineurope.com\/product\/ricefila-dvigubai-drekinantis-kremas-50-ml\/\",\"url\":\"https:\/\/hayejineurope.com\/product\/ricefila-dvigubai-drekinantis-kremas-50-ml\/\",\"name\":\"\u201cRiceFila\u2122 Double Moisturizing Cream 50 ml - Korean Cosmetics - Hayejin\",\"isPartOf\":{\"@id\":\"https:\/\/hayejineurope.com\/#website\"},\"datePublished\":\"2025-02-03T12:38:49+00:00\",\"dateModified\":\"2026-01-23T11:21:36+00:00\",\"breadcrumb\":{\"@id\":\"https:\/\/hayejineurope.com\/product\/ricefila-dvigubai-drekinantis-kremas-50-ml\/#breadcrumb\"},\"inLanguage\":\"lt-LT\",\"potentialAction\":[{\"@type\":\"ReadAction\",\"target\":[\"https:\/\/hayejineurope.com\/product\/ricefila-dvigubai-drekinantis-kremas-50-ml\/\"]}]},{\"@type\":\"BreadcrumbList\",\"@id\":\"https:\/\/hayejineurope.com\/product\/ricefila-dvigubai-drekinantis-kremas-50-ml\/#breadcrumb\",\"itemListElement\":[{\"@type\":\"ListItem\",\"position\":1,\"name\":\"Home\",\"item\":\"https:\/\/hayejineurope.com\/\"},{\"@type\":\"ListItem\",\"position\":2,\"name\":\"Shop\",\"item\":\"https:\/\/hayejineurope.com\/shop\/\"},{\"@type\":\"ListItem\",\"position\":3,\"name\":\"\u201cRiceFila\u2122 Double Moisturizing Cream 50 ml\"}]},{\"@type\":\"WebSite\",\"@id\":\"https:\/\/hayejineurope.com\/#website\",\"url\":\"https:\/\/hayejineurope.com\/\",\"name\":\"Hayejin europe\",\"description\":\"Official \u2018HAYEJIN\u2019 representative in Europe\",\"publisher\":{\"@id\":\"https:\/\/hayejineurope.com\/#organization\"},\"potentialAction\":[{\"@type\":\"SearchAction\",\"target\":{\"@type\":\"EntryPoint\",\"urlTemplate\":\"https:\/\/hayejineurope.com\/?s={search_term_string}\"},\"query-input\":\"required name=search_term_string\"}],\"inLanguage\":\"lt-LT\"},{\"@type\":\"Organization\",\"@id\":\"https:\/\/hayejineurope.com\/#organization\",\"name\":\"Hayejin\",\"url\":\"https:\/\/hayejineurope.com\/\",\"logo\":{\"@type\":\"ImageObject\",\"inLanguage\":\"lt-LT\",\"@id\":\"https:\/\/hayejineurope.com\/#\/schema\/logo\/image\/\",\"url\":\"http:\/\/hayejineurope.com\/wp-content\/uploads\/2019\/07\/1-2.HorizontalLogoSymbol.png\",\"contentUrl\":\"http:\/\/hayejineurope.com\/wp-content\/uploads\/2019\/07\/1-2.HorizontalLogoSymbol.png\",\"width\":1000,\"height\":250,\"caption\":\"Hayejin\"},\"image\":{\"@id\":\"https:\/\/hayejineurope.com\/#\/schema\/logo\/image\/\"}}]}<\/script>\n<!-- \/ Yoast SEO plugin. -->","yoast_head_json":{"title":"\u201cRiceFila\u2122 Double Moisturizing Cream 50 ml - Korean Cosmetics - Hayejin","robots":{"index":"index","follow":"follow","max-snippet":"max-snippet:-1","max-image-preview":"max-image-preview:large","max-video-preview":"max-video-preview:-1"},"canonical":"https:\/\/hayejineurope.com\/lt\/product\/ricefila-dvigubai-maitinantis-kremas-50ml\/","og_locale":"lt_LT","og_type":"article","og_title":"\u201cRiceFila\u2122 Double Moisturizing Cream 50 ml - Korean Cosmetics - Hayejin","og_description":"A cream with a particularly rich composition, which nourishes and deeply moisturizes the skin by creating a fresh feel.  How to use: As the final step in your skincare routine, gently apply to skin and neck for rich nourishment &amp; fresh feeling. Main active ingredients: Rice extract. Rice is rich in vitamins, minerals, and antioxidants that help increase skin hydration and smooth its texture. In addition, rice contains natural skin-brightening compounds that may help reduce discoloration and dark spots. Sea algae extract, one of whose valuable properties is the ability to protect pores from becoming clogged. It is commonly referred to as \u201cherbal botox.\u201d It can stimulate the skin to produce collagen and elastin and also has a relaxing effect on facial muscles. Folic acid acts as an antioxidant and also stimulates the production of collagen and elastin.","og_url":"https:\/\/hayejineurope.com\/lt\/product\/ricefila-dvigubai-maitinantis-kremas-50ml\/","og_site_name":"Korean Cosmetics - Hayejin","article_modified_time":"2026-01-23T11:21:36+00:00","og_image":[{"width":819,"height":1024,"url":"https:\/\/hayejineurope.com\/wp-content\/uploads\/2025\/02\/RF019G05_2024_EN-819x1024.png","type":"image\/png"}],"twitter_card":"summary_large_image","twitter_misc":{"Est. reading time":"1 minut\u0117"},"schema":{"@context":"https:\/\/schema.org","@graph":[{"@type":"WebPage","@id":"https:\/\/hayejineurope.com\/product\/ricefila-dvigubai-drekinantis-kremas-50-ml\/","url":"https:\/\/hayejineurope.com\/product\/ricefila-dvigubai-drekinantis-kremas-50-ml\/","name":"\u201cRiceFila\u2122 Double Moisturizing Cream 50 ml - Korean Cosmetics - Hayejin","isPartOf":{"@id":"https:\/\/hayejineurope.com\/#website"},"datePublished":"2025-02-03T12:38:49+00:00","dateModified":"2026-01-23T11:21:36+00:00","breadcrumb":{"@id":"https:\/\/hayejineurope.com\/product\/ricefila-dvigubai-drekinantis-kremas-50-ml\/#breadcrumb"},"inLanguage":"lt-LT","potentialAction":[{"@type":"ReadAction","target":["https:\/\/hayejineurope.com\/product\/ricefila-dvigubai-drekinantis-kremas-50-ml\/"]}]},{"@type":"BreadcrumbList","@id":"https:\/\/hayejineurope.com\/product\/ricefila-dvigubai-drekinantis-kremas-50-ml\/#breadcrumb","itemListElement":[{"@type":"ListItem","position":1,"name":"Home","item":"https:\/\/hayejineurope.com\/"},{"@type":"ListItem","position":2,"name":"Shop","item":"https:\/\/hayejineurope.com\/shop\/"},{"@type":"ListItem","position":3,"name":"\u201cRiceFila\u2122 Double Moisturizing Cream 50 ml"}]},{"@type":"WebSite","@id":"https:\/\/hayejineurope.com\/#website","url":"https:\/\/hayejineurope.com\/","name":"Hayejin europe","description":"Official \u2018HAYEJIN\u2019 representative in Europe","publisher":{"@id":"https:\/\/hayejineurope.com\/#organization"},"potentialAction":[{"@type":"SearchAction","target":{"@type":"EntryPoint","urlTemplate":"https:\/\/hayejineurope.com\/?s={search_term_string}"},"query-input":"required name=search_term_string"}],"inLanguage":"lt-LT"},{"@type":"Organization","@id":"https:\/\/hayejineurope.com\/#organization","name":"Hayejin","url":"https:\/\/hayejineurope.com\/","logo":{"@type":"ImageObject","inLanguage":"lt-LT","@id":"https:\/\/hayejineurope.com\/#\/schema\/logo\/image\/","url":"http:\/\/hayejineurope.com\/wp-content\/uploads\/2019\/07\/1-2.HorizontalLogoSymbol.png","contentUrl":"http:\/\/hayejineurope.com\/wp-content\/uploads\/2019\/07\/1-2.HorizontalLogoSymbol.png","width":1000,"height":250,"caption":"Hayejin"},"image":{"@id":"https:\/\/hayejineurope.com\/#\/schema\/logo\/image\/"}}]}},"_links":{"self":[{"href":"https:\/\/hayejineurope.com\/lt\/wp-json\/wp\/v2\/product\/4939","targetHints":{"allow":["GET"]}}],"collection":[{"href":"https:\/\/hayejineurope.com\/lt\/wp-json\/wp\/v2\/product"}],"about":[{"href":"https:\/\/hayejineurope.com\/lt\/wp-json\/wp\/v2\/types\/product"}],"replies":[{"embeddable":true,"href":"https:\/\/hayejineurope.com\/lt\/wp-json\/wp\/v2\/comments?post=4939"}],"wp:featuredmedia":[{"embeddable":true,"href":"https:\/\/hayejineurope.com\/lt\/wp-json\/wp\/v2\/media\/4958"}],"wp:attachment":[{"href":"https:\/\/hayejineurope.com\/lt\/wp-json\/wp\/v2\/media?parent=4939"}],"wp:term":[{"taxonomy":"product_cat","embeddable":true,"href":"https:\/\/hayejineurope.com\/lt\/wp-json\/wp\/v2\/product_cat?post=4939"},{"taxonomy":"product_tag","embeddable":true,"href":"https:\/\/hayejineurope.com\/lt\/wp-json\/wp\/v2\/product_tag?post=4939"}],"curies":[{"name":"wp","href":"https:\/\/api.w.org\/{rel}","templated":true}]}}