{"id":5985,"date":"2025-10-29T11:56:33","date_gmt":"2025-10-29T08:56:33","guid":{"rendered":"https:\/\/hayejineurope.com\/?post_type=product&#038;p=5985"},"modified":"2026-01-14T11:54:06","modified_gmt":"2026-01-14T08:54:06","slug":"ricefila-sooboon-sunscreen-cream-spf-50","status":"publish","type":"product","link":"https:\/\/hayejineurope.com\/lt\/product\/ricefila-sooboon-sunscreen-cream-spf-50\/","title":{"rendered":"HAYEJIN RiceFila\u2122  SOOBOON apsauginis kremas nuo saul\u0117s SPF 50+, 50 ml"},"content":{"rendered":"<p>Naudojimas: Tepkite veid\u0105 ir kakl\u0105 kaip paskutin\u012f \u017eingsn\u012f savo odos prie\u017ei\u016bros rutinoje. Norint i\u0161laikyti apsaug\u0105, pakartotinai tepkite kas dvi valandas arba pagal poreik\u012f, ypatingai po prakaitavimo, maudyni\u0173 ar nusisausinimo rank\u0161luos\u010diu.<\/p>\n<p>\u012esp\u0117jimas: Neb\u016bkite ilgai saul\u0117je, net jei naudojate krem\u0105 nuo saul\u0117s! Skirta tik i\u0161oriniam naudojimui. Venkite patekimo \u012f akis. Priemonei patekus \u012f akis, gerai jas praplaukite jas vandeniu. Laikyti vaikams nepasiekiamoje vietoje ir saugoti nuo tiesiogini\u0173 saul\u0117s spinduli\u0173.<\/p>","protected":false},"excerpt":{"rendered":"<p>Ypatingai gerai dr\u0117kinantis, kasdieniam naudojimui tinkamas vegani\u0161kas saul\u0117s kremas, suteikiantis odai nat\u016bral\u0173 spindes\u012f ir veiksmingai saugantis nuo UV spinduli\u0173.<\/p>","protected":false},"featured_media":5986,"comment_status":"open","ping_status":"closed","template":"","meta":[],"product_cat":[15],"product_tag":[],"class_list":{"0":"post-5985","1":"product","2":"type-product","3":"status-publish","4":"has-post-thumbnail","5":"hentry","6":"product_cat-uncategorized","swatches":"rey-swatches","show_selected":"rey-swatches--show-selected--name","stretch_labels":"rey-swatches--stretch-labels"},"acf":[],"yoast_head":"<!-- This site is optimized with the Yoast SEO plugin v21.5 - https:\/\/yoast.com\/wordpress\/plugins\/seo\/ -->\n<title>RiceFila\u2122 Sooboon Sunscreen Cream  SPF 50 - Korean Cosmetics - Hayejin<\/title>\n<meta name=\"robots\" content=\"index, follow, max-snippet:-1, max-image-preview:large, max-video-preview:-1\" \/>\n<link rel=\"canonical\" href=\"https:\/\/hayejineurope.com\/lt\/product\/ricefila-sooboon-sunscreen-cream-spf-50\/\" \/>\n<meta property=\"og:locale\" content=\"lt_LT\" \/>\n<meta property=\"og:type\" content=\"article\" \/>\n<meta property=\"og:title\" content=\"RiceFila\u2122 Sooboon Sunscreen Cream  SPF 50 - Korean Cosmetics - Hayejin\" \/>\n<meta property=\"og:description\" content=\"Super-hydrating daily vegan sun cream that presents a natural glow and powerful UV defense.\" \/>\n<meta property=\"og:url\" content=\"https:\/\/hayejineurope.com\/lt\/product\/ricefila-sooboon-sunscreen-cream-spf-50\/\" \/>\n<meta property=\"og:site_name\" content=\"Korean Cosmetics - Hayejin\" \/>\n<meta property=\"article:modified_time\" content=\"2026-01-14T08:54:06+00:00\" \/>\n<meta property=\"og:image\" content=\"https:\/\/hayejineurope.com\/wp-content\/uploads\/2025\/10\/20250806_12-scaled.jpg\" \/>\n\t<meta property=\"og:image:width\" content=\"2048\" \/>\n\t<meta property=\"og:image:height\" content=\"2560\" \/>\n\t<meta property=\"og:image:type\" content=\"image\/jpeg\" \/>\n<meta name=\"twitter:card\" content=\"summary_large_image\" \/>\n<meta name=\"twitter:label1\" content=\"Est. reading time\" \/>\n\t<meta name=\"twitter:data1\" content=\"1 minut\u0117\" \/>\n<script type=\"application\/ld+json\" class=\"yoast-schema-graph\">{\"@context\":\"https:\/\/schema.org\",\"@graph\":[{\"@type\":\"WebPage\",\"@id\":\"https:\/\/hayejineurope.com\/product\/ricefila-sooboon-sunscreen-cream-spf-50\/\",\"url\":\"https:\/\/hayejineurope.com\/product\/ricefila-sooboon-sunscreen-cream-spf-50\/\",\"name\":\"RiceFila\u2122 Sooboon Sunscreen Cream SPF 50 - Korean Cosmetics - Hayejin\",\"isPartOf\":{\"@id\":\"https:\/\/hayejineurope.com\/#website\"},\"datePublished\":\"2025-10-29T08:56:33+00:00\",\"dateModified\":\"2026-01-14T08:54:06+00:00\",\"breadcrumb\":{\"@id\":\"https:\/\/hayejineurope.com\/product\/ricefila-sooboon-sunscreen-cream-spf-50\/#breadcrumb\"},\"inLanguage\":\"lt-LT\",\"potentialAction\":[{\"@type\":\"ReadAction\",\"target\":[\"https:\/\/hayejineurope.com\/product\/ricefila-sooboon-sunscreen-cream-spf-50\/\"]}]},{\"@type\":\"BreadcrumbList\",\"@id\":\"https:\/\/hayejineurope.com\/product\/ricefila-sooboon-sunscreen-cream-spf-50\/#breadcrumb\",\"itemListElement\":[{\"@type\":\"ListItem\",\"position\":1,\"name\":\"Home\",\"item\":\"https:\/\/hayejineurope.com\/\"},{\"@type\":\"ListItem\",\"position\":2,\"name\":\"Shop\",\"item\":\"https:\/\/hayejineurope.com\/shop\/\"},{\"@type\":\"ListItem\",\"position\":3,\"name\":\"RiceFila\u2122 Sooboon Sunscreen Cream SPF 50\"}]},{\"@type\":\"WebSite\",\"@id\":\"https:\/\/hayejineurope.com\/#website\",\"url\":\"https:\/\/hayejineurope.com\/\",\"name\":\"Hayejin europe\",\"description\":\"Official \u2018HAYEJIN\u2019 representative in Europe\",\"publisher\":{\"@id\":\"https:\/\/hayejineurope.com\/#organization\"},\"potentialAction\":[{\"@type\":\"SearchAction\",\"target\":{\"@type\":\"EntryPoint\",\"urlTemplate\":\"https:\/\/hayejineurope.com\/?s={search_term_string}\"},\"query-input\":\"required name=search_term_string\"}],\"inLanguage\":\"lt-LT\"},{\"@type\":\"Organization\",\"@id\":\"https:\/\/hayejineurope.com\/#organization\",\"name\":\"Hayejin\",\"url\":\"https:\/\/hayejineurope.com\/\",\"logo\":{\"@type\":\"ImageObject\",\"inLanguage\":\"lt-LT\",\"@id\":\"https:\/\/hayejineurope.com\/#\/schema\/logo\/image\/\",\"url\":\"http:\/\/hayejineurope.com\/wp-content\/uploads\/2019\/07\/1-2.HorizontalLogoSymbol.png\",\"contentUrl\":\"http:\/\/hayejineurope.com\/wp-content\/uploads\/2019\/07\/1-2.HorizontalLogoSymbol.png\",\"width\":1000,\"height\":250,\"caption\":\"Hayejin\"},\"image\":{\"@id\":\"https:\/\/hayejineurope.com\/#\/schema\/logo\/image\/\"}}]}<\/script>\n<!-- \/ Yoast SEO plugin. -->","yoast_head_json":{"title":"RiceFila\u2122 Sooboon Sunscreen Cream  SPF 50 - Korean Cosmetics - Hayejin","robots":{"index":"index","follow":"follow","max-snippet":"max-snippet:-1","max-image-preview":"max-image-preview:large","max-video-preview":"max-video-preview:-1"},"canonical":"https:\/\/hayejineurope.com\/lt\/product\/ricefila-sooboon-sunscreen-cream-spf-50\/","og_locale":"lt_LT","og_type":"article","og_title":"RiceFila\u2122 Sooboon Sunscreen Cream  SPF 50 - Korean Cosmetics - Hayejin","og_description":"Super-hydrating daily vegan sun cream that presents a natural glow and powerful UV defense.","og_url":"https:\/\/hayejineurope.com\/lt\/product\/ricefila-sooboon-sunscreen-cream-spf-50\/","og_site_name":"Korean Cosmetics - Hayejin","article_modified_time":"2026-01-14T08:54:06+00:00","og_image":[{"width":2048,"height":2560,"url":"https:\/\/hayejineurope.com\/wp-content\/uploads\/2025\/10\/20250806_12-scaled.jpg","type":"image\/jpeg"}],"twitter_card":"summary_large_image","twitter_misc":{"Est. reading time":"1 minut\u0117"},"schema":{"@context":"https:\/\/schema.org","@graph":[{"@type":"WebPage","@id":"https:\/\/hayejineurope.com\/product\/ricefila-sooboon-sunscreen-cream-spf-50\/","url":"https:\/\/hayejineurope.com\/product\/ricefila-sooboon-sunscreen-cream-spf-50\/","name":"RiceFila\u2122 Sooboon Sunscreen Cream SPF 50 - Korean Cosmetics - Hayejin","isPartOf":{"@id":"https:\/\/hayejineurope.com\/#website"},"datePublished":"2025-10-29T08:56:33+00:00","dateModified":"2026-01-14T08:54:06+00:00","breadcrumb":{"@id":"https:\/\/hayejineurope.com\/product\/ricefila-sooboon-sunscreen-cream-spf-50\/#breadcrumb"},"inLanguage":"lt-LT","potentialAction":[{"@type":"ReadAction","target":["https:\/\/hayejineurope.com\/product\/ricefila-sooboon-sunscreen-cream-spf-50\/"]}]},{"@type":"BreadcrumbList","@id":"https:\/\/hayejineurope.com\/product\/ricefila-sooboon-sunscreen-cream-spf-50\/#breadcrumb","itemListElement":[{"@type":"ListItem","position":1,"name":"Home","item":"https:\/\/hayejineurope.com\/"},{"@type":"ListItem","position":2,"name":"Shop","item":"https:\/\/hayejineurope.com\/shop\/"},{"@type":"ListItem","position":3,"name":"RiceFila\u2122 Sooboon Sunscreen Cream SPF 50"}]},{"@type":"WebSite","@id":"https:\/\/hayejineurope.com\/#website","url":"https:\/\/hayejineurope.com\/","name":"Hayejin europe","description":"Official \u2018HAYEJIN\u2019 representative in Europe","publisher":{"@id":"https:\/\/hayejineurope.com\/#organization"},"potentialAction":[{"@type":"SearchAction","target":{"@type":"EntryPoint","urlTemplate":"https:\/\/hayejineurope.com\/?s={search_term_string}"},"query-input":"required name=search_term_string"}],"inLanguage":"lt-LT"},{"@type":"Organization","@id":"https:\/\/hayejineurope.com\/#organization","name":"Hayejin","url":"https:\/\/hayejineurope.com\/","logo":{"@type":"ImageObject","inLanguage":"lt-LT","@id":"https:\/\/hayejineurope.com\/#\/schema\/logo\/image\/","url":"http:\/\/hayejineurope.com\/wp-content\/uploads\/2019\/07\/1-2.HorizontalLogoSymbol.png","contentUrl":"http:\/\/hayejineurope.com\/wp-content\/uploads\/2019\/07\/1-2.HorizontalLogoSymbol.png","width":1000,"height":250,"caption":"Hayejin"},"image":{"@id":"https:\/\/hayejineurope.com\/#\/schema\/logo\/image\/"}}]}},"_links":{"self":[{"href":"https:\/\/hayejineurope.com\/lt\/wp-json\/wp\/v2\/product\/5985","targetHints":{"allow":["GET"]}}],"collection":[{"href":"https:\/\/hayejineurope.com\/lt\/wp-json\/wp\/v2\/product"}],"about":[{"href":"https:\/\/hayejineurope.com\/lt\/wp-json\/wp\/v2\/types\/product"}],"replies":[{"embeddable":true,"href":"https:\/\/hayejineurope.com\/lt\/wp-json\/wp\/v2\/comments?post=5985"}],"wp:featuredmedia":[{"embeddable":true,"href":"https:\/\/hayejineurope.com\/lt\/wp-json\/wp\/v2\/media\/5986"}],"wp:attachment":[{"href":"https:\/\/hayejineurope.com\/lt\/wp-json\/wp\/v2\/media?parent=5985"}],"wp:term":[{"taxonomy":"product_cat","embeddable":true,"href":"https:\/\/hayejineurope.com\/lt\/wp-json\/wp\/v2\/product_cat?post=5985"},{"taxonomy":"product_tag","embeddable":true,"href":"https:\/\/hayejineurope.com\/lt\/wp-json\/wp\/v2\/product_tag?post=5985"}],"curies":[{"name":"wp","href":"https:\/\/api.w.org\/{rel}","templated":true}]}}